{"id":2330,"date":"2022-09-13T14:01:53","date_gmt":"2022-09-13T19:01:53","guid":{"rendered":"https:\/\/ccpdq.gob.ec\/?page_id=2330"},"modified":"2025-08-12T05:27:22","modified_gmt":"2025-08-12T10:27:22","slug":"adolecentes","status":"publish","type":"page","link":"https:\/\/ccpdq.gob.ec\/index.php\/adolecentes\/","title":{"rendered":"Adolecentes"},"content":{"rendered":"<div class=\"brz-root__container brz-reset-all brz brz-root__container-page\">\n<section id=\"_ltvoturdnyffmizlobipzebwgfynwgacyssl\" class=\"brz-section brz-css-2zczwt\">\n<div class=\"brz-section__content brz-section--boxed brz-css-1cghb0l brz-css-1wcwvkv\" data-brz-custom-id=\"llmqxsspuvevntxfrehgykrswtwujebmiyxv\">\n<div class=\"brz-container brz-css-1wsqrqq\">\n<div class=\"brz-row__container brz-css-10wi4yz\" data-brz-custom-id=\"iepqakggaddlpbokwqdejksdegqlhenewulr\">\n<div class=\"brz-bg\"><\/div>\n<div class=\"brz-row brz-css-ghi2k brz-css-tsweew\">\n<div class=\"brz-columns brz-css-17vadhy brz-css-1fsiyn0\" data-brz-custom-id=\"gzruwtcghvnrtpqvbahginiinxwgfztqdinu\">\n<div class=\"brz-bg\"><\/div>\n<div class=\"brz-column__items brz-css-21b0rc brz-css-n27dbe\">\n<div id=\"\" class=\"brz-css-1ufvob3 brz-css-sk00jj brz-wrapper\">\n<div class=\"brz-menu__container brz-css-ovzl5l brz-css-1wn2y5b\" data-mmenu-id=\"#ascsuejxurlsqccvxrjixbvkffrmenvduscg_\" data-mmenu-position=\"position-left\" data-mmenu-title=\"Menu\" data-mmenu-stickytitle=\"on\" data-mmenu-isslider=\"false\" data-mmenu-closingicon=\"%7B%22desktop%22%3A%22off%22%2C%22tablet%22%3A%22off%22%2C%22mobile%22%3A%22off%22%7D\" data-brz-custom-id=\"ascsuejxurlsqccvxrjixbvkffrmenvduscg\">\n<nav data-mods=\"%7B%22desktop%22%3A%22horizontal%22%2C%22tablet%22%3A%22horizontal%22%2C%22mobile%22%3A%22horizontal%22%7D\" class=\"brz-menu brz-menu__preview brz-css-ynivct brz-css-14m6iyb\">\n<ul class=\"brz-menu__ul\" data-menu-items-active=\"\">\n<li data-menu-item-id=\"\" class=\"brz-menu__item \"><a class=\"brz-a\" target=\"\" href=\"\" title=\"\" rel=\"noopener\"><span class=\"brz-span\"><\/span><\/a>\n<ul class=\"brz-menu__sub-menu\"><\/ul>\n<\/li>\n<\/ul>\n<\/nav>\n<div class=\"brz-mm-menu__icon\"><\/div>\n<nav data-mods=\"%7B%22desktop%22%3A%22horizontal%22%2C%22tablet%22%3A%22horizontal%22%2C%22mobile%22%3A%22horizontal%22%7D\" id=\"ascsuejxurlsqccvxrjixbvkffrmenvduscg_\" class=\"brz-menu brz-menu__preview brz-menu__mmenu brz-menu--has-dropdown brz-css-nq1dq7 brz-css-1y2bhga\">\n<ul class=\"brz-menu__ul\" data-menu-items-active=\"\">\n<li data-menu-item-id=\"\" class=\"brz-menu__item \"><a class=\"brz-a\" target=\"\" href=\"\" title=\"\" rel=\"noopener\"><span class=\"brz-span\"><\/span><\/a>\n<ul class=\"brz-menu__sub-menu\"><\/ul>\n<\/li>\n<\/ul>\n<\/nav>\n<\/div>\n<\/div>\n<\/div>\n<\/div>\n<\/div>\n<\/div>\n<\/div>\n<\/div>\n<\/section>\n<section id=\"_lduglokrxorbtrpcoftjjwbrobtdhnaxokuz\" class=\"brz-section brz-css-2zczwt\">\n<div class=\"brz-section__content brz-section--boxed brz-css-1cghb0l brz-css-1md2zpw\" data-brz-custom-id=\"pmffsqpudjumnyrwgjshssmodydeywmebjni\">\n<div class=\"brz-bg\">\n<div class=\"brz-bg-image\"><\/div>\n<div class=\"brz-bg-color\"><\/div>\n<div class=\"brz-bg-shape brz-bg-shape__bottom\"><\/div>\n<\/div>\n<div class=\"brz-container brz-css-1wsqrqq brz-css-smm0vp\">\n<div id=\"\" class=\"brz-css-1ufvob3 brz-css-6acvo0 brz-wrapper\">\n<div class=\"brz-spacer brz-css-ecdg7t brz-css-di02dx\"><\/div>\n<\/div>\n<div id=\"\" class=\"brz-css-1ufvob3 brz-css-6acvo0 brz-wrapper\">\n<div class=\"brz-spacer brz-css-ecdg7t brz-css-t2xsvo\"><\/div>\n<\/div>\n<div class=\"brz-wrapper-clone brz-css-asy5en\">\n<div class=\"brz-d-xs-flex brz-flex-xs-wrap brz-css-1ftuzsf brz-css-1cunxsl\" data-brz-custom-id=\"\">\n<div class=\"brz-wrapper-clone__item\" id=\"ykvpqnipagtfjynqfhtgqoxlvzkidibmtfpe\"><a class=\"brz-a brz-btn brz-css-1bhtagm brz-css-1i849yh brz-css-wmra5e brz-css-wy4i3z\" href=\"https:\/\/ccpdq.gob.ec\/index.php\/consejos-consultivos\" target=\"_self\" rel=\"noopener\" data-brz-link-type=\"external\" data-brz-custom-id=\"ykvpqnipagtfjynqfhtgqoxlvzkidibmtfpe\"><span data-brz-translate-text=\"1\" class=\"brz-span brz-text__editor\">REGRESAR<\/span><\/a><\/div>\n<\/div>\n<\/div>\n<\/div>\n<\/div>\n<\/section>\n<section id=\"_rxvqfhrlzdbuloqzwidyuiihtxlvllnjelta\" class=\"brz-section brz-css-2zczwt\">\n<div class=\"brz-section__content brz-section--boxed brz-css-1cghb0l brz-css-j33j3f\" data-brz-custom-id=\"wicwpvlitxdilzdnlzomwgvtnxmlsjzbqmzb\">\n<div class=\"brz-bg\">\n<div class=\"brz-bg-shape brz-bg-shape__bottom\"><\/div>\n<\/div>\n<div class=\"brz-container brz-css-1wsqrqq\">\n<div class=\"brz-row__container brz-css-10wi4yz\" data-brz-custom-id=\"cvltialxktptlqsdwjabyfkaaislyjxursng\">\n<div class=\"brz-bg\"><\/div>\n<div class=\"brz-row brz-css-ghi2k brz-css-tsweew\">\n<div class=\"brz-columns brz-css-17vadhy\" data-brz-custom-id=\"xumvynovoftxgkroryenoshifjrllezthzlg\">\n<div class=\"brz-bg\"><\/div>\n<div class=\"brz-column__items brz-css-21b0rc\">\n<div id=\"\" class=\"brz-css-1ufvob3 brz-css-12ide0m brz-wrapper\">\n<div class=\"brz-image brz-css-d0m4vz\" data-brz-custom-id=\"bogquyvaaitazdasmbbqoxsqujilzvbngrqg\"><img decoding=\"async\" class=\"brz-img\" src=\"https:\/\/ccpdq.gob.ec\/wp-content\/uploads\/2023\/08\/LOGO-570x510-1.png\" alt=\"\" loading=\"lazy\"><\/div>\n<\/div>\n<\/div>\n<\/div>\n<div class=\"brz-columns brz-css-17vadhy brz-css-rtgm8d\" data-brz-custom-id=\"slnirsqfhqbiwagwrfrhdbntkwocasgpbjwn\">\n<div class=\"brz-bg\"><\/div>\n<div class=\"brz-column__items brz-css-21b0rc brz-css-txl65c\">\n<div id=\"\" class=\"brz-css-1ufvob3 brz-wrapper\">\n<div class=\"brz-rich-text brz-rich-text__custom brz-css-qlii2\" data-brz-custom-id=\"trcvrggxonrgppsjzhyofaztbqchoeigzsrk\">\n<div data-brz-translate-text=\"1\">\n<h3 class=\"brz-text-xs-center brz-tp-lg-empty brz-ff-kumbh_sans brz-ft-google brz-fs-lg-55 brz-fss-lg-px brz-fw-lg-700 brz-ls-lg-0 brz-lh-lg-1_4 brz-css-wgy2B\" data-uniq-id=\"couhl\" data-generated-css=\"brz-css-upgkc\">Consejo Consultivo de Adolescentes<\/h3>\n<\/div>\n<\/div>\n<\/div>\n<div id=\"\" class=\"brz-css-1ufvob3 brz-css-h9178r brz-wrapper\">\n<div class=\"brz-rich-text brz-rich-text__custom brz-css-qlii2\" data-brz-custom-id=\"pppvknbdxndsxigjgkdziwveedzmkofvfhrx\">\n<div data-brz-translate-text=\"1\">\n<p data-generated-css=\"brz-css-yxtum\" data-uniq-id=\"afcno\" class=\"brz-ff-noto_serif brz-tp-lg-empty brz-lh-lg-1_4 brz-ls-lg-1 brz-fw-lg-700 brz-fss-lg-px brz-fs-lg-14 brz-ft-google brz-text-xs-center brz-text-sm-center brz-text-lg-justify brz-bcp-color7 brz-css-xOpZ1\"><em class=\"brz-cp-color7\">Son instancias que promueven la participaci\u00f3n sustantiva de los ni\u00f1os, ni\u00f1as y adolescentes dentro de su territorio local, aportando as\u00ed al desarrollo de su comunidad, entorno y pol\u00edticas p\u00fablicas pertinentes.<\/em><\/p>\n<\/div>\n<\/div>\n<\/div>\n<div class=\"brz-wrapper-clone brz-css-asy5en\">\n<div class=\"brz-d-xs-flex brz-flex-xs-wrap brz-css-1ftuzsf brz-css-hoat05\" data-brz-custom-id=\"\">\n<div class=\"brz-wrapper-clone__item\" id=\"xwkbceqnpxvhhjelstclturrpgenxvtvxjti\"><a class=\"brz-a brz-btn brz-css-1bhtagm brz-css-1o5fofz brz-css-wmra5e brz-css-12oigvu\" href=\"\" target=\"_self\" rel=\"noopener\" data-brz-link-type=\"external\" data-brz-custom-id=\"xwkbceqnpxvhhjelstclturrpgenxvtvxjti\"><span data-brz-translate-text=\"1\" class=\"brz-span brz-text__editor\">INFORMACI\u00d3N<\/span><\/a><\/div>\n<\/div>\n<\/div>\n<div id=\"\" class=\"brz-css-1ufvob3 brz-css-6acvo0 brz-wrapper\">\n<div class=\"brz-spacer brz-css-ecdg7t brz-css-1igqsf1\"><\/div>\n<\/div>\n<\/div>\n<\/div>\n<\/div>\n<\/div>\n<\/div>\n<\/div>\n<\/section>\n<\/div>\n<p>    <!-- version:1737699452 --><\/p>\n","protected":false},"excerpt":{"rendered":"<p>REGRESAR Consejo Consultivo de Adolescentes Son instancias que promueven la participaci\u00f3n sustantiva de los ni\u00f1os, ni\u00f1as y adolescentes dentro de su territorio local, aportando as\u00ed al desarrollo de su comunidad, entorno y pol\u00edticas p\u00fablicas pertinentes. INFORMACI\u00d3N<\/p>\n","protected":false},"author":1,"featured_media":0,"parent":0,"menu_order":0,"comment_status":"closed","ping_status":"closed","template":"brizy-blank-template.php","meta":{"_monsterinsights_skip_tracking":false,"_monsterinsights_sitenote_active":false,"_monsterinsights_sitenote_note":"","_monsterinsights_sitenote_category":0,"_kad_post_transparent":"","_kad_post_title":"","_kad_post_layout":"","_kad_post_sidebar_id":"","_kad_post_content_style":"","_kad_post_vertical_padding":"","_kad_post_feature":"","_kad_post_feature_position":"","_kad_post_header":false,"_kad_post_footer":false,"footnotes":""},"class_list":["post-2330","page","type-page","status-publish","hentry"],"aioseo_notices":[],"brizy_media":[{"id":3894,"url":"https:\/\/ccpdq.gob.ec\/wp-content\/uploads\/2022\/10\/311583104_5564352700348963_2332781671606201619_n.jpg","name":"311583104_5564352700348963_2332781671606201619_n.jpg","meta":{"brizy_attachment_uid":"wp-e431f3aae2713686185e0844ff7bd32d.jpg","brizy_post_uid":["319172e17029b29a1303cae5284ca19e"]}},{"id":3909,"url":"https:\/\/ccpdq.gob.ec\/wp-content\/uploads\/2022\/10\/311701440_5564352803682286_308407247658403208_n.jpg","name":"311701440_5564352803682286_308407247658403208_n.jpg","meta":{"brizy_attachment_uid":"wp-6a03288f0db45bf5981fb56c11ea5240.jpg","brizy_post_uid":["319172e17029b29a1303cae5284ca19e"]}},{"id":7246,"url":"https:\/\/ccpdq.gob.ec\/wp-content\/uploads\/2023\/05\/LOGOS-CONCEJO-PNG-031.jpg","name":"LOGOS-CONCEJO-PNG-031.jpg","meta":{"brizy_attachment_uid":"wp-9b886d0be7c0aa1b57e4ef6aa619bd22.jpg","brizy_post_uid":["c36f4eef6df4a6206df804c5b9c39be3","b7da6e614353e33119c9f0dd2a510b16","af262eefc26bdf1002d159503e3bdbbc","daf309f5d9fb08eedddbfa1c2a5c2a4a","9d180321b07beaf18673681bee0c7dc4","b5223edfbd6ad6c564983e372c634ef8","319172e17029b29a1303cae5284ca19e"]}},{"id":7249,"url":"https:\/\/ccpdq.gob.ec\/wp-content\/uploads\/2023\/05\/LOGOS-CONCEJO-PNG_Mesa-de-trabajo-11.jpg","name":"LOGOS-CONCEJO-PNG_Mesa-de-trabajo-11.jpg","meta":{"brizy_attachment_uid":"wp-67bff15e9c0bae638553903f4e6d7d75.jpg","brizy_post_uid":["c36f4eef6df4a6206df804c5b9c39be3","b7da6e614353e33119c9f0dd2a510b16","1b2110b1c05a3169bd3a93c2c7fabdbe","daf309f5d9fb08eedddbfa1c2a5c2a4a","e29dc3a3d9165047e68e1e918638d7e6","9d180321b07beaf18673681bee0c7dc4","b5223edfbd6ad6c564983e372c634ef8","319172e17029b29a1303cae5284ca19e","60282ba9b4b8625e7188dea616f6e23d","d45ae1109117571b9f956a92b0ab92a9","e04ee0431cdbd73126a64e5f2602a26f"]}},{"id":7749,"url":"https:\/\/ccpdq.gob.ec\/wp-content\/uploads\/2023\/08\/LOGO-570x510-1.png","name":"LOGO-570x510-1.png","meta":{"brizy_attachment_uid":"wp-1c7e6d1ecec69ee2094c860ac6669406.png","brizy_post_uid":["c36f4eef6df4a6206df804c5b9c39be3","9d180321b07beaf18673681bee0c7dc4","5cf195472ecb705e2e4aaae788dec4b2","b5223edfbd6ad6c564983e372c634ef8","b7da6e614353e33119c9f0dd2a510b16","ed8baf1b58a30534c337a7265caea89d","319172e17029b29a1303cae5284ca19e","e04ee0431cdbd73126a64e5f2602a26f","d45ae1109117571b9f956a92b0ab92a9","60282ba9b4b8625e7188dea616f6e23d","daf309f5d9fb08eedddbfa1c2a5c2a4a"]}},{"id":8762,"url":"https:\/\/ccpdq.gob.ec\/wp-content\/uploads\/2024\/07\/WhatsApp-Image-2024-07-23-at-9.03.05-PM.jpeg","name":"WhatsApp-Image-2024-07-23-at-9.03.05-PM.jpeg","meta":{"brizy_attachment_uid":"wp-acbc37b368959045314d88befd6a5d22.jpeg","brizy_post_uid":["319172e17029b29a1303cae5284ca19e"]}}],"_links":{"self":[{"href":"https:\/\/ccpdq.gob.ec\/index.php\/wp-json\/wp\/v2\/pages\/2330","targetHints":{"allow":["GET"]}}],"collection":[{"href":"https:\/\/ccpdq.gob.ec\/index.php\/wp-json\/wp\/v2\/pages"}],"about":[{"href":"https:\/\/ccpdq.gob.ec\/index.php\/wp-json\/wp\/v2\/types\/page"}],"author":[{"embeddable":true,"href":"https:\/\/ccpdq.gob.ec\/index.php\/wp-json\/wp\/v2\/users\/1"}],"replies":[{"embeddable":true,"href":"https:\/\/ccpdq.gob.ec\/index.php\/wp-json\/wp\/v2\/comments?post=2330"}],"version-history":[{"count":18,"href":"https:\/\/ccpdq.gob.ec\/index.php\/wp-json\/wp\/v2\/pages\/2330\/revisions"}],"predecessor-version":[{"id":8763,"href":"https:\/\/ccpdq.gob.ec\/index.php\/wp-json\/wp\/v2\/pages\/2330\/revisions\/8763"}],"wp:attachment":[{"href":"https:\/\/ccpdq.gob.ec\/index.php\/wp-json\/wp\/v2\/media?parent=2330"}],"curies":[{"name":"wp","href":"https:\/\/api.w.org\/{rel}","templated":true}]}}