{"id":2331,"date":"2022-09-13T14:01:53","date_gmt":"2022-09-13T19:01:53","guid":{"rendered":"https:\/\/ccpdq.gob.ec\/?page_id=2331"},"modified":"2025-08-21T23:12:02","modified_gmt":"2025-08-22T04:12:02","slug":"personas-con-discapacidad","status":"publish","type":"page","link":"https:\/\/ccpdq.gob.ec\/index.php\/personas-con-discapacidad\/","title":{"rendered":"Personas con Discapacidad"},"content":{"rendered":"<div class=\"brz-root__container brz-reset-all brz brz-root__container-page\">\n<section id=\"_ymizbtvmwosftwadubyongjtiagdtgboljvk\" class=\"brz-section brz-section__header brz-css-5a3bxz\">\n<div class=\"brz-section__menu-item brz-css-dt0rdl brz-css-1oemd02\" data-brz-custom-id=\"gysqvykavkfjmpybyanqpxeeuolulkimbdhu\">\n<div class=\"brz-container brz-css-bf2dol\">\n<div class=\"brz-row__container brz-css-1g5nkb1 brz-css-1m1qlrd\" data-brz-custom-id=\"hwsmfxikhygxcjcwdtwfseeudikxkfqudefz\">\n<div class=\"brz-bg\">\n<div class=\"brz-bg-color\"><\/div>\n<\/div>\n<div class=\"brz-row brz-css-1u02rvh brz-css-v9ejgc\">\n<div class=\"brz-columns brz-css-cxvc7h brz-css-1k675a5\" data-brz-custom-id=\"rjprlkdaazixrniuzamwybeqphaldotcvgiu\">\n<div class=\"brz-bg\"><\/div>\n<div class=\"brz-column__items brz-css-ky3683\">\n<div id=\"\" class=\"brz-css-gmw4v0 brz-css-btzy0h brz-wrapper\">\n<div class=\"brz-menu__container brz-css-ju22cw brz-css-teoj9c\" data-mmenu-id=\"#ahthuwuadohuvyxgjmojlpctvnapjqejymja_\" data-mmenu-position=\"position-left\" data-mmenu-title=\"Menu\" data-mmenu-stickytitle=\"on\" data-mmenu-closingicon=\"%7B%22desktop%22%3A%22off%22%2C%22tablet%22%3A%22off%22%2C%22mobile%22%3A%22off%22%7D\" data-brz-custom-id=\"ahthuwuadohuvyxgjmojlpctvnapjqejymja\">\n<nav data-mods=\"%7B%22desktop%22%3A%22horizontal%22%2C%22tablet%22%3A%22horizontal%22%2C%22mobile%22%3A%22horizontal%22%7D\" class=\"brz-menu brz-menu__preview brz-css-4415cm brz-css-1j7z2se\">\n<ul class=\"brz-menu__ul\" data-menu-items-active=\"\">\n<li data-menu-item-id=\"\" class=\"brz-menu__item \"><a class=\"brz-a\" target=\"\" href=\"\" title=\"\" rel=\"noopener\"><span class=\"brz-span\"><\/span><\/a>\n<ul class=\"brz-menu__sub-menu\"><\/ul>\n<\/li>\n<\/ul>\n<\/nav>\n<div class=\"brz-mm-menu__icon\"><\/div>\n<nav data-mods=\"%7B%22desktop%22%3A%22horizontal%22%2C%22tablet%22%3A%22horizontal%22%2C%22mobile%22%3A%22horizontal%22%7D\" id=\"ahthuwuadohuvyxgjmojlpctvnapjqejymja_\" class=\"brz-menu brz-menu__preview brz-menu__mmenu brz-menu--has-dropdown brz-css-1aospqr\">\n<ul class=\"brz-menu__ul\" data-menu-items-active=\"\">\n<li data-menu-item-id=\"\" class=\"brz-menu__item \"><a class=\"brz-a\" target=\"\" href=\"\" title=\"\" rel=\"noopener\"><span class=\"brz-span\"><\/span><\/a>\n<ul class=\"brz-menu__sub-menu\"><\/ul>\n<\/li>\n<\/ul>\n<\/nav>\n<\/div>\n<\/div>\n<\/div>\n<\/div>\n<\/div>\n<\/div>\n<\/div>\n<\/div>\n<\/section>\n<section id=\"_mwnkozltdtggkxrumixftgzxsiyenplphemu\" class=\"brz-section brz-css-yq03gy brz-css-1r6cn15\">\n<div class=\"brz-section__content brz-section--boxed brz-css-1z116qi brz-css-f3qar6\" data-brz-custom-id=\"rerqcvisbfynwfvcphujetijtjmomxwwtjmn\">\n<div class=\"brz-bg\">\n<div class=\"brz-bg-image\"><\/div>\n<div class=\"brz-bg-color\"><\/div>\n<\/div>\n<div class=\"brz-container brz-css-wwqswd\">\n<div class=\"brz-row__container brz-css-1g5nkb1\" data-brz-custom-id=\"kemylmgvovnqgekkvlumphwrnpicyhtqhwxi\">\n<div class=\"brz-bg\"><\/div>\n<div class=\"brz-row brz-css-1u02rvh brz-css-1wa3n5t\">\n<div class=\"brz-columns brz-css-cxvc7h brz-css-1alx7o5\" data-brz-custom-id=\"mnuqcrhyxobhkistjwwtlopyrvhohvvqkrlf\">\n<div class=\"brz-bg\"><\/div>\n<div class=\"brz-column__items brz-css-ky3683\">\n<div id=\"\" class=\"brz-css-gmw4v0 brz-css-buyjcd brz-wrapper\">\n<div class=\"brz-spacer brz-css-12bchq1\"><\/div>\n<\/div>\n<\/div>\n<\/div>\n<\/div>\n<\/div>\n<div id=\"\" class=\"brz-css-gmw4v0 brz-css-buyjcd brz-css-1epjhaf brz-wrapper\">\n<div class=\"brz-spacer brz-css-12bchq1 brz-css-1ysdf16\"><\/div>\n<\/div>\n<div class=\"brz-wrapper-clone brz-css-cgpbk8\">\n<div class=\"brz-d-xs-flex brz-flex-xs-wrap brz-css-1gqgwb9 brz-css-8vuxfh\" data-brz-custom-id=\"\">\n<div class=\"brz-wrapper-clone__item\" id=\"chmleayapsikvjifmzpcwltuedeclsjjzbei\"><a class=\"brz-a brz-btn brz-css-1vv4y57 brz-css-2xu787 brz-css-e1g24b brz-css-1c7uuy7\" href=\"https:\/\/ccpdq.gob.ec\/index.php\/consejos-consultivos\" target=\"_self\" rel=\"noopener\" data-brz-link-type=\"external\" data-brz-custom-id=\"chmleayapsikvjifmzpcwltuedeclsjjzbei\"><span data-brz-translate-text=\"1\" class=\"brz-span brz-text__editor\">REGRESAR<\/span><\/a><\/div>\n<\/div>\n<\/div>\n<\/div>\n<\/div>\n<\/section>\n<section id=\"_sbwhccuukqgirabzczaecslkwijvcqujwyfz\" class=\"brz-section brz-css-yq03gy\">\n<div class=\"brz-section__content brz-section--boxed brz-css-1z116qi brz-css-44lmes\" data-brz-custom-id=\"iqkrtbkypbfvnvrrzrknzjayhnkgdsnrchrq\">\n<div class=\"brz-bg\">\n<div class=\"brz-bg-color\"><\/div>\n<\/div>\n<div class=\"brz-container brz-css-wwqswd\">\n<div class=\"brz-row__container brz-css-1g5nkb1 brz-css-1pvqyt4\" data-brz-custom-id=\"ulpoawylllushcwvaqjczukdzsalrmxhwwdq\">\n<div class=\"brz-bg\"><\/div>\n<div class=\"brz-row brz-css-1u02rvh brz-css-1wa3n5t\">\n<div class=\"brz-columns brz-css-cxvc7h brz-css-1vkhqb7\" data-brz-custom-id=\"qdozrwydkdltqlawjnfhpkpakcvgfoimpnym\">\n<div class=\"brz-bg\"><\/div>\n<div class=\"brz-column__items brz-css-ky3683 brz-css-16068j8\">\n<div id=\"\" class=\"brz-css-gmw4v0 brz-wrapper\">\n<div class=\"brz-rich-text brz-rich-text__custom brz-css-zqsu1y\" data-brz-custom-id=\"iybcsulieykyggzwwzbsmgyspaluukkkbuif\">\n<div data-brz-translate-text=\"1\">\n<h1 data-uniq-id=\"bsroo\" data-generated-css=\"brz-css-irlju\" class=\"brz-tp-lg-empty brz-ff-kumbh_sans brz-ft-google brz-fs-lg-50 brz-fss-lg-px brz-fw-lg-700 brz-ls-lg-0 brz-lh-lg-1_2 brz-css-bwi3l\">Consejo Consultivo de Personas con Discapacidad<\/h1>\n<\/div>\n<\/div>\n<\/div>\n<div id=\"\" class=\"brz-css-gmw4v0 brz-css-buyjcd brz-css-1kw3e3i brz-wrapper\">\n<div class=\"brz-spacer brz-css-12bchq1 brz-css-1mk0whc\"><\/div>\n<\/div>\n<div id=\"\" class=\"brz-css-gmw4v0 brz-css-1gzptl3 brz-wrapper\">\n<div class=\"brz-rich-text brz-rich-text__custom brz-css-zqsu1y\" data-brz-custom-id=\"kbwbotnmhsnqsoiaypcbhnoqytogakhfgade\">\n<div data-brz-translate-text=\"1\">\n<p class=\"brz-text-lg-left brz-tp-lg-subtitle brz-css-nsl5v\" data-generated-css=\"brz-css-jujiv\" data-uniq-id=\"bjaxp\"><strong class=\"brz-cp-color7\">Promover pol\u00edticas p\u00fablicas y acciones que garanticen el<\/strong><\/p>\n<p class=\"brz-text-lg-left brz-tp-lg-subtitle brz-css-hFDor\" data-generated-css=\"brz-css-mfkdm\" data-uniq-id=\"rdiem\"><strong class=\"brz-cp-color7\">ejercicio y goce de derechos de la poblaci\u00f3n con discapacidad en el cant\u00f3n.<\/strong><\/p>\n<\/div>\n<\/div>\n<\/div>\n<div id=\"\" class=\"brz-css-gmw4v0 brz-css-buyjcd brz-css-1g6cjck brz-wrapper\">\n<div class=\"brz-spacer brz-css-12bchq1 brz-css-sf9bnk\"><\/div>\n<\/div>\n<div class=\"brz-wrapper-clone brz-css-cgpbk8\">\n<div class=\"brz-d-xs-flex brz-flex-xs-wrap brz-css-1gqgwb9 brz-css-te2fw8\" data-brz-custom-id=\"\">\n<div class=\"brz-wrapper-clone__item\" id=\"iaopnhevebrrwpaguyxcbtpvirvwmrvaqumx\"><a class=\"brz-a brz-btn brz-css-1vv4y57 brz-css-1keidm7 brz-css-e1g24b brz-css-olh7ry\" href=\"https:\/\/ccpdq.gob.ec\/wp-content\/uploads\/2022\/10\/DISCAPACIDAD-INFORMACION-PARA-WEB-signed-signed-1.pdf\" target=\"_blank\" rel=\"noopener\" data-brz-link-type=\"external\" data-brz-custom-id=\"iaopnhevebrrwpaguyxcbtpvirvwmrvaqumx\"><span data-brz-translate-text=\"1\" class=\"brz-span brz-text__editor\">INFORMACI\u00d3N<\/span><\/a><\/div>\n<\/div>\n<\/div>\n<\/div>\n<\/div>\n<div class=\"brz-columns brz-css-cxvc7h brz-css-1w0o7up\" data-brz-custom-id=\"njkhhvgogodatqpdsfacnmqgivipokvvkzvr\">\n<div class=\"brz-bg\"><\/div>\n<div class=\"brz-column__items brz-css-ky3683\">\n<div id=\"\" class=\"brz-css-gmw4v0 brz-wrapper\">\n<div class=\"brz-image brz-css-16yqi4w brz-css-yqh64h\" data-brz-custom-id=\"eyadkkzcmscnpbizhmiavgnrjoepizdvlrlo\"><img decoding=\"async\" class=\"brz-img\" src=\"https:\/\/ccpdq.gob.ec\/wp-content\/uploads\/brizy\/imgs\/e9342670-bfe3-4e65-9b0c-ef138d39524b-749x548x97x0x555x548x1666127126.jpg\" alt=\"\" loading=\"lazy\"><\/div>\n<\/div>\n<\/div>\n<\/div>\n<\/div>\n<\/div>\n<\/div>\n<\/div>\n<\/section>\n<\/div>\n<p>    <!-- version:1737699651 --><\/p>\n","protected":false},"excerpt":{"rendered":"<p>REGRESAR Consejo Consultivo de Personas con Discapacidad Promover pol\u00edticas p\u00fablicas y acciones que garanticen el ejercicio y goce de derechos de la poblaci\u00f3n con discapacidad en el cant\u00f3n. INFORMACI\u00d3N<\/p>\n","protected":false},"author":1,"featured_media":0,"parent":0,"menu_order":0,"comment_status":"closed","ping_status":"closed","template":"brizy-blank-template.php","meta":{"_monsterinsights_skip_tracking":false,"_monsterinsights_sitenote_active":false,"_monsterinsights_sitenote_note":"","_monsterinsights_sitenote_category":0,"_kad_post_transparent":"","_kad_post_title":"","_kad_post_layout":"","_kad_post_sidebar_id":"","_kad_post_content_style":"","_kad_post_vertical_padding":"","_kad_post_feature":"","_kad_post_feature_position":"","_kad_post_header":false,"_kad_post_footer":false,"footnotes":""},"class_list":["post-2331","page","type-page","status-publish","hentry"],"aioseo_notices":[],"brizy_media":[{"id":3915,"url":"https:\/\/ccpdq.gob.ec\/wp-content\/uploads\/2022\/10\/BBBBBBBBBBBBBBBBB.jpg","name":"BBBBBBBBBBBBBBBBB.jpg","meta":{"brizy_attachment_uid":"wp-0d7cd551b9c8b7420a8061c115d2a059.jpg","brizy_post_uid":["e04ee0431cdbd73126a64e5f2602a26f"]}},{"id":3927,"url":"https:\/\/ccpdq.gob.ec\/wp-content\/uploads\/2022\/10\/e9342670-bfe3-4e65-9b0c-ef138d39524b.jpg","name":"e9342670-bfe3-4e65-9b0c-ef138d39524b.jpg","meta":{"brizy_attachment_uid":"wp-da70f4ae4590df4ca33a3fb4a426411a.jpg","brizy_post_uid":["e04ee0431cdbd73126a64e5f2602a26f"]}},{"id":7249,"url":"https:\/\/ccpdq.gob.ec\/wp-content\/uploads\/2023\/05\/LOGOS-CONCEJO-PNG_Mesa-de-trabajo-11.jpg","name":"LOGOS-CONCEJO-PNG_Mesa-de-trabajo-11.jpg","meta":{"brizy_attachment_uid":"wp-67bff15e9c0bae638553903f4e6d7d75.jpg","brizy_post_uid":["c36f4eef6df4a6206df804c5b9c39be3","b7da6e614353e33119c9f0dd2a510b16","1b2110b1c05a3169bd3a93c2c7fabdbe","daf309f5d9fb08eedddbfa1c2a5c2a4a","e29dc3a3d9165047e68e1e918638d7e6","9d180321b07beaf18673681bee0c7dc4","b5223edfbd6ad6c564983e372c634ef8","319172e17029b29a1303cae5284ca19e","60282ba9b4b8625e7188dea616f6e23d","d45ae1109117571b9f956a92b0ab92a9","e04ee0431cdbd73126a64e5f2602a26f"]}},{"id":7252,"url":"https:\/\/ccpdq.gob.ec\/wp-content\/uploads\/2023\/05\/cropped-LOGOS-CONCEJO-PNG-031-1.jpg","name":"cropped-LOGOS-CONCEJO-PNG-031-1.jpg","meta":{"brizy_attachment_uid":"wp-be31f6031ede24ae7ab7d7a0cfb93d0c.jpg","brizy_post_uid":["b5223edfbd6ad6c564983e372c634ef8","c36f4eef6df4a6206df804c5b9c39be3","e04ee0431cdbd73126a64e5f2602a26f"]}},{"id":7749,"url":"https:\/\/ccpdq.gob.ec\/wp-content\/uploads\/2023\/08\/LOGO-570x510-1.png","name":"LOGO-570x510-1.png","meta":{"brizy_attachment_uid":"wp-1c7e6d1ecec69ee2094c860ac6669406.png","brizy_post_uid":["c36f4eef6df4a6206df804c5b9c39be3","9d180321b07beaf18673681bee0c7dc4","5cf195472ecb705e2e4aaae788dec4b2","b5223edfbd6ad6c564983e372c634ef8","b7da6e614353e33119c9f0dd2a510b16","ed8baf1b58a30534c337a7265caea89d","319172e17029b29a1303cae5284ca19e","e04ee0431cdbd73126a64e5f2602a26f","d45ae1109117571b9f956a92b0ab92a9","60282ba9b4b8625e7188dea616f6e23d","daf309f5d9fb08eedddbfa1c2a5c2a4a"]}},{"id":8770,"url":"https:\/\/ccpdq.gob.ec\/wp-content\/uploads\/2024\/07\/WhatsApp-Image-2024-07-23-at-9.03.02-PM.jpeg","name":"WhatsApp-Image-2024-07-23-at-9.03.02-PM.jpeg","meta":{"brizy_attachment_uid":"wp-a6bbf7743b738f3f0f64de6ac6ee6eb8.jpeg","brizy_post_uid":["e04ee0431cdbd73126a64e5f2602a26f"]}}],"_links":{"self":[{"href":"https:\/\/ccpdq.gob.ec\/index.php\/wp-json\/wp\/v2\/pages\/2331","targetHints":{"allow":["GET"]}}],"collection":[{"href":"https:\/\/ccpdq.gob.ec\/index.php\/wp-json\/wp\/v2\/pages"}],"about":[{"href":"https:\/\/ccpdq.gob.ec\/index.php\/wp-json\/wp\/v2\/types\/page"}],"author":[{"embeddable":true,"href":"https:\/\/ccpdq.gob.ec\/index.php\/wp-json\/wp\/v2\/users\/1"}],"replies":[{"embeddable":true,"href":"https:\/\/ccpdq.gob.ec\/index.php\/wp-json\/wp\/v2\/comments?post=2331"}],"version-history":[{"count":15,"href":"https:\/\/ccpdq.gob.ec\/index.php\/wp-json\/wp\/v2\/pages\/2331\/revisions"}],"predecessor-version":[{"id":8773,"href":"https:\/\/ccpdq.gob.ec\/index.php\/wp-json\/wp\/v2\/pages\/2331\/revisions\/8773"}],"wp:attachment":[{"href":"https:\/\/ccpdq.gob.ec\/index.php\/wp-json\/wp\/v2\/media?parent=2331"}],"curies":[{"name":"wp","href":"https:\/\/api.w.org\/{rel}","templated":true}]}}