{"id":2332,"date":"2022-09-13T14:01:53","date_gmt":"2022-09-13T19:01:53","guid":{"rendered":"https:\/\/ccpdq.gob.ec\/?page_id=2332"},"modified":"2025-08-13T16:58:07","modified_gmt":"2025-08-13T21:58:07","slug":"jovenes","status":"publish","type":"page","link":"https:\/\/ccpdq.gob.ec\/index.php\/jovenes\/","title":{"rendered":"J\u00f3venes"},"content":{"rendered":"<div class=\"brz-root__container brz-reset-all brz brz-root__container-page\">\n<section id=\"_yezrunawnnbfqskcwpxdirekbjsktrrpfgab\" class=\"brz-section brz-section__header brz-css-1odk3fv\">\n<div class=\"brz-section__menu-item brz-css-vifxeb brz-css-1ll926g\" data-brz-custom-id=\"zcfjanehjgymrdhreaifwtnfumlfetadmfkc\">\n<div class=\"brz-bg\">\n<div class=\"brz-bg-color\"><\/div>\n<\/div>\n<div class=\"brz-container brz-css-1de4ncw\">\n<div class=\"brz-row__container brz-css-1dd2mld\" data-brz-custom-id=\"bjkoatupzbdtlcyuedeywuvurriiguybtmjm\">\n<div class=\"brz-bg\"><\/div>\n<div class=\"brz-row brz-css-khto9x brz-css-z24864\">\n<div class=\"brz-columns brz-css-yyd3qz brz-css-15ndl96\" data-brz-custom-id=\"vwbtmatumldrazjrcrquwlqiflyifcrtoexu\">\n<div class=\"brz-bg\"><\/div>\n<div class=\"brz-column__items brz-css-pxnsdy brz-css-i1bhl2\">\n<div id=\"\" class=\"brz-css-wmfdt0 brz-css-1ozvhr0 brz-wrapper\">\n<div class=\"brz-menu__container brz-css-zghica brz-css-1mpniai\" data-mmenu-id=\"#ytgsrrxbcvjekhsdivlqekidtovyxlhneqcx_\" data-mmenu-position=\"position-left\" data-mmenu-title=\"Main Menu\" data-mmenu-stickytitle=\"on\" data-mmenu-closingicon=\"%7B%22desktop%22%3A%22off%22%2C%22tablet%22%3A%22off%22%2C%22mobile%22%3A%22off%22%7D\" data-brz-custom-id=\"ytgsrrxbcvjekhsdivlqekidtovyxlhneqcx\">\n<nav data-mods=\"%7B%22desktop%22%3A%22horizontal%22%2C%22tablet%22%3A%22horizontal%22%2C%22mobile%22%3A%22horizontal%22%7D\" class=\"brz-menu brz-menu__preview brz-css-1kjt6cs brz-css-xthefm\">\n<ul class=\"brz-menu__ul\" data-menu-items-active=\"\">\n<li data-menu-item-id=\"\" class=\"brz-menu__item \"><a class=\"brz-a\" target=\"\" href=\"\" title=\"\" rel=\"noopener\"><span class=\"brz-span\"><\/span><\/a>\n<ul class=\"brz-menu__sub-menu\"><\/ul>\n<\/li>\n<\/ul>\n<\/nav>\n<div class=\"brz-mm-menu__icon\"><\/div>\n<nav data-mods=\"%7B%22desktop%22%3A%22horizontal%22%2C%22tablet%22%3A%22horizontal%22%2C%22mobile%22%3A%22horizontal%22%7D\" id=\"ytgsrrxbcvjekhsdivlqekidtovyxlhneqcx_\" class=\"brz-menu brz-menu__preview brz-menu__mmenu brz-menu--has-dropdown brz-css-5ntcuu brz-css-1wg6zk4\">\n<ul class=\"brz-menu__ul\" data-menu-items-active=\"\">\n<li data-menu-item-id=\"\" class=\"brz-menu__item \"><a class=\"brz-a\" target=\"\" href=\"\" title=\"\" rel=\"noopener\"><span class=\"brz-span\"><\/span><\/a>\n<ul class=\"brz-menu__sub-menu\"><\/ul>\n<\/li>\n<\/ul>\n<\/nav>\n<\/div>\n<\/div>\n<\/div>\n<\/div>\n<\/div>\n<\/div>\n<\/div>\n<\/div>\n<\/section>\n<section id=\"_plinuokqgtulgkrfrkvixinworbsfszevfes\" class=\"brz-section brz-css-rx21cw\">\n<div class=\"brz-section__content brz-section--boxed brz-css-1mco692 brz-css-14h1y21\" data-brz-custom-id=\"hufweevkyhtcbobhsvvavwzmdgungrfirahk\">\n<div class=\"brz-bg\">\n<div class=\"brz-bg-image\"><\/div>\n<div class=\"brz-bg-color\"><\/div>\n<\/div>\n<div class=\"brz-container brz-css-1ujbxxm\">\n<div class=\"brz-wrapper-clone brz-css-1psni9z brz-css-1rdpenu\">\n<div class=\"brz-d-xs-flex brz-flex-xs-wrap brz-css-v1l0oa brz-css-3uyeil\" data-brz-custom-id=\"\">\n<div class=\"brz-wrapper-clone__item\" id=\"jehhjnluphnrizkzqdzadqjiipatqwwafzau\"><a class=\"brz-a brz-btn brz-css-1be4ynf brz-css-1tch0hh brz-css-1iowwc3 brz-css-1ux40kc\" href=\"ccpdq.gob.ec\/index.php\/consejos-consultivos\/\" target=\"_self\" rel=\"noopener\" data-brz-link-type=\"external\" data-brz-custom-id=\"jehhjnluphnrizkzqdzadqjiipatqwwafzau\"><span data-brz-translate-text=\"1\" class=\"brz-span brz-text__editor\">REGRESAR<\/span><\/a><\/div>\n<\/div>\n<\/div>\n<\/div>\n<\/div>\n<\/section>\n<section id=\"_jM92CiVRxZxx\" class=\"brz-section brz-css-rx21cw\">\n<div class=\"brz-section__content brz-section--boxed brz-css-1mco692\" data-brz-custom-id=\"j3nedDEuSjyL\">\n<div class=\"brz-container brz-css-1ujbxxm\">\n<div class=\"brz-row__container brz-css-1dd2mld\" data-brz-custom-id=\"weSWtDd8CJVB\">\n<div class=\"brz-bg\"><\/div>\n<div class=\"brz-row brz-css-khto9x brz-css-utzh9q\">\n<div class=\"brz-columns brz-css-yyd3qz brz-css-d6l1mo\" data-brz-custom-id=\"aLv8JlJDd_UA\">\n<div class=\"brz-bg\"><\/div>\n<div class=\"brz-column__items brz-css-pxnsdy brz-css-1ocye1u\">\n<div id=\"\" class=\"brz-css-wmfdt0 brz-wrapper\">\n<div class=\"brz-rich-text brz-rich-text__custom brz-css-159xevk\" data-brz-custom-id=\"xP80MR8TnhWX\">\n<div data-brz-translate-text=\"1\">\n<h1 class=\"brz-tp-lg-heading1 brz-text-xs-center brz-css-o_JJF\" data-uniq-id=\"aihHS\" data-generated-css=\"brz-css-nn6U9\">Consejo Consultivo de J\u00f3venes 2023-2025<\/h1>\n<\/div>\n<\/div>\n<\/div>\n<div id=\"\" class=\"brz-css-wmfdt0 brz-css-1e2al9c brz-wrapper\">\n<div class=\"brz-rich-text brz-rich-text__custom brz-css-159xevk\" data-brz-custom-id=\"fNkZO_7DKB7L\">\n<div data-brz-translate-text=\"1\">\n<p class=\"brz-text-lg-justify brz-text-xs-center brz-tp-lg-subtitle brz-css-f8m25\" data-uniq-id=\"z8Vve\" data-generated-css=\"brz-css-bpnVv\">Son \u00f3rganos de participaci\u00f3n, incidencia p\u00fablica y pol\u00edticas de los j\u00f3venes en el marco de la consulta. Est\u00e1n conformados por j\u00f3venes entre los 18 y 29 a\u00f1os de cualquier g\u00e9nero, estrato socioecon\u00f3mico, pueblo nacionalidad situaci\u00f3n de discapacidad y situaci\u00f3n de movilidad humana.<\/p>\n<p class=\"brz-text-xs-center brz-tp-lg-subtitle brz-css-rzLoh\" data-uniq-id=\"l3yGw\" data-generated-css=\"brz-css-aXruT\"><\/p>\n<\/div>\n<\/div>\n<\/div>\n<div id=\"\" class=\"brz-css-wmfdt0 brz-css-1v20zcu brz-css-1ktgqe9 brz-wrapper\">\n<div class=\"brz-spacer brz-css-16ghxht brz-css-3gb2wb\"><\/div>\n<\/div>\n<div class=\"brz-wrapper-clone brz-css-1psni9z\">\n<div class=\"brz-d-xs-flex brz-flex-xs-wrap brz-css-v1l0oa brz-css-1okwmjo\" data-brz-custom-id=\"\">\n<div class=\"brz-wrapper-clone__item\" id=\"iZGswJwJePEQ\"><a class=\"brz-a brz-btn brz-css-1be4ynf brz-css-1owhmga brz-css-1iowwc3 brz-css-ry5si7\" href=\"https:\/\/ccpdq.gob.ec\/wp-content\/uploads\/2024\/02\/CONSEJO-CONSULTIVO-JOVENES.pdf\" target=\"_blank\" rel=\"noopener\" data-brz-link-type=\"external\" data-brz-custom-id=\"iZGswJwJePEQ\"><span data-brz-translate-text=\"1\" class=\"brz-span brz-text__editor\">INFORMACI\u00d3N<\/span><\/a><\/div>\n<\/div>\n<\/div>\n<\/div>\n<\/div>\n<div class=\"brz-columns brz-css-yyd3qz\" data-brz-custom-id=\"kUSUCPfs53hh\">\n<div class=\"brz-bg\"><\/div>\n<div class=\"brz-column__items brz-css-pxnsdy\">\n<div id=\"\" class=\"brz-css-wmfdt0 brz-css-x7mzab brz-wrapper\">\n<div class=\"brz-image brz-css-173d2s0\" data-brz-custom-id=\"uD13a5HhkHV9\"><img decoding=\"async\" class=\"brz-img\" src=\"https:\/\/ccpdq.gob.ec\/wp-content\/uploads\/brizy\/imgs\/Foto-para-Pagina-FEBRERO-2-624x416x35x0x555x416x1707248967.png\" alt=\"\" loading=\"lazy\"><\/div>\n<\/div>\n<\/div>\n<\/div>\n<\/div>\n<\/div>\n<\/div>\n<\/div>\n<\/section>\n<section id=\"_nswohiwafziuijwgrdunmmdowkuwulpghtmd\" class=\"brz-section brz-css-rx21cw\">\n<div class=\"brz-section__content brz-section--boxed brz-css-1mco692 brz-css-1imn8jq\" data-brz-custom-id=\"jacvbcaqtpifuolyhwktquofytyhwozyfbmg\">\n<div class=\"brz-bg\">\n<div class=\"brz-bg-color\"><\/div>\n<\/div>\n<div class=\"brz-container brz-css-1ujbxxm\">\n<div class=\"brz-row__container brz-css-1dd2mld\" data-brz-custom-id=\"ejlgqonrebjqwswaccnkzuttkpdjknnsmvqt\">\n<div class=\"brz-bg\"><\/div>\n<div class=\"brz-row brz-css-khto9x brz-css-utzh9q\">\n<div class=\"brz-columns brz-css-yyd3qz brz-css-guni51\" data-brz-custom-id=\"pspenrwybcsbfabwcjfteslqcbdylexcvfdn\">\n<div class=\"brz-bg\"><\/div>\n<div class=\"brz-column__items brz-css-pxnsdy brz-css-c3vhz9\">\n<div id=\"\" class=\"brz-css-wmfdt0 brz-wrapper\">\n<div class=\"brz-rich-text brz-rich-text__custom brz-css-159xevk\" data-brz-custom-id=\"hksnbvotlavpmyejqcckjqzgjsuyzwcfknfe\">\n<div data-brz-translate-text=\"1\">\n<h1 class=\"brz-text-xs-center brz-tp-lg-heading1 brz-css-o7Qpx\" data-generated-css=\"brz-css-r1t1L\" data-uniq-id=\"uHpNX\">Consejo Consultivo de J\u00f3venes 2021-2023<\/h1>\n<\/div>\n<\/div>\n<\/div>\n<div id=\"\" class=\"brz-css-wmfdt0 brz-css-1t69mdo brz-wrapper\">\n<div class=\"brz-rich-text brz-rich-text__custom brz-css-159xevk\" data-brz-custom-id=\"yrwcjjzfnhekusopoarnotkbntfweumgijbn\">\n<div data-brz-translate-text=\"1\">\n<p class=\"brz-text-lg-justify brz-text-xs-center brz-tp-lg-subtitle brz-css-war6N\" data-uniq-id=\"z8Vve\" data-generated-css=\"brz-css-bpnVv\">Son \u00f3rganos de participaci\u00f3n, incidencia p\u00fablica y pol\u00edticas de los j\u00f3venes en el marco de la consulta. Est\u00e1n conformados por j\u00f3venes entre los 18 y 29 a\u00f1os de cualquier g\u00e9nero, estrato socioecon\u00f3mico, pueblo nacionalidad situaci\u00f3n de discapacidad y situaci\u00f3n de movilidad humana.<\/p>\n<p class=\"brz-text-xs-center brz-tp-lg-subtitle brz-css-s3u_V\" data-uniq-id=\"l3yGw\" data-generated-css=\"brz-css-aXruT\"><\/p>\n<\/div>\n<\/div>\n<\/div>\n<div id=\"\" class=\"brz-css-wmfdt0 brz-css-1v20zcu brz-css-1857irn brz-wrapper\">\n<div class=\"brz-spacer brz-css-16ghxht brz-css-1hpmo9k\"><\/div>\n<\/div>\n<div class=\"brz-wrapper-clone brz-css-1psni9z\">\n<div class=\"brz-d-xs-flex brz-flex-xs-wrap brz-css-v1l0oa brz-css-101r7og\" data-brz-custom-id=\"\">\n<div class=\"brz-wrapper-clone__item\" id=\"bzrsvgwsuozgzzbpyynpynvhzrmnpcxsfdns\"><a class=\"brz-a brz-btn brz-css-1be4ynf brz-css-1kvmauq brz-css-1iowwc3 brz-css-1e18lnr\" href=\"https:\/\/ccpdq.gob.ec\/wp-content\/uploads\/2022\/10\/CONSEJO-CONSULTIVO-DE-JOVENES-2021-signed-signed.pdf\" target=\"_blank\" rel=\"noopener\" data-brz-link-type=\"external\" data-brz-custom-id=\"bzrsvgwsuozgzzbpyynpynvhzrmnpcxsfdns\"><span data-brz-translate-text=\"1\" class=\"brz-span brz-text__editor\">INFORMACI\u00d3N<\/span><\/a><\/div>\n<\/div>\n<\/div>\n<\/div>\n<\/div>\n<div class=\"brz-columns brz-css-yyd3qz brz-css-codvg2\" data-brz-custom-id=\"jntydvrjuhybljhypliggqbgnbzdkdfxofxb\">\n<div class=\"brz-bg\"><\/div>\n<div class=\"brz-column__items brz-css-pxnsdy\">\n<div id=\"\" class=\"brz-css-wmfdt0 brz-wrapper\">\n<div class=\"brz-image brz-image__lightbox brz-css-am8roa brz-css-yjpnhh\" data-brz-custom-id=\"boxioftodfniuffjoswceaivaazbinqksbai\"><a class=\"brz-a\" href=\"https:\/\/ccpdq.gob.ec\/wp-content\/uploads\/2022\/10\/258867210_4587320304718879_880016446250737418_n.jpg\" target=\"_self\" rel=\"noopener\" data-brz-link-type=\"lightBox\"><img decoding=\"async\" class=\"brz-img\" src=\"https:\/\/ccpdq.gob.ec\/wp-content\/uploads\/brizy\/imgs\/258867210_4587320304718879_880016446250737418_n-649x483x0x17x649x448x1665522773.jpg\" alt=\"\" loading=\"lazy\"><\/a><\/div>\n<\/div>\n<\/div>\n<\/div>\n<\/div>\n<\/div>\n<\/div>\n<\/div>\n<\/section>\n<\/div>\n<p>    <!-- version:1737699288 --><\/p>\n","protected":false},"excerpt":{"rendered":"<p>REGRESAR Consejo Consultivo de J\u00f3venes 2023-2025 Son \u00f3rganos de participaci\u00f3n, incidencia p\u00fablica y pol\u00edticas de los j\u00f3venes en el marco de la consulta. Est\u00e1n conformados por j\u00f3venes entre los 18 y 29 a\u00f1os de cualquier g\u00e9nero, estrato socioecon\u00f3mico, pueblo nacionalidad situaci\u00f3n de discapacidad y situaci\u00f3n de movilidad humana. INFORMACI\u00d3N Consejo Consultivo de J\u00f3venes 2021-2023 Son&#8230;<\/p>\n","protected":false},"author":1,"featured_media":0,"parent":0,"menu_order":0,"comment_status":"closed","ping_status":"closed","template":"brizy-blank-template.php","meta":{"_monsterinsights_skip_tracking":false,"_monsterinsights_sitenote_active":false,"_monsterinsights_sitenote_note":"","_monsterinsights_sitenote_category":0,"_kad_post_transparent":"","_kad_post_title":"","_kad_post_layout":"","_kad_post_sidebar_id":"","_kad_post_content_style":"","_kad_post_vertical_padding":"","_kad_post_feature":"","_kad_post_feature_position":"","_kad_post_header":false,"_kad_post_footer":false,"footnotes":""},"class_list":["post-2332","page","type-page","status-publish","hentry"],"aioseo_notices":[],"brizy_media":[{"id":3435,"url":"https:\/\/ccpdq.gob.ec\/wp-content\/uploads\/2022\/10\/244720782_384127616542451_800801950833319123_n.jpg","name":"244720782_384127616542451_800801950833319123_n.jpg","meta":{"brizy_attachment_uid":"wp-7d746bc72c77e1a6165a984767478625.jpg","brizy_post_uid":["6e560953229461a72a18aa9761a3487b"]}},{"id":3475,"url":"https:\/\/ccpdq.gob.ec\/wp-content\/uploads\/2022\/10\/258867210_4587320304718879_880016446250737418_n.jpg","name":"258867210_4587320304718879_880016446250737418_n.jpg","meta":{"brizy_attachment_uid":"wp-52f877b38a87aa5159d89ac1e73fad3b.jpg","brizy_post_uid":["6e560953229461a72a18aa9761a3487b"]}},{"id":7248,"url":"https:\/\/ccpdq.gob.ec\/wp-content\/uploads\/2023\/05\/PAGINA-WEB-1850X705-21-scaled.jpg","name":"PAGINA-WEB-1850X705-21.jpg","meta":{"brizy_attachment_uid":"wp-8390e86f778132f6596595f66803a0ec.jpg","brizy_post_uid":["c36f4eef6df4a6206df804c5b9c39be3","1b2110b1c05a3169bd3a93c2c7fabdbe","9d180321b07beaf18673681bee0c7dc4","6e560953229461a72a18aa9761a3487b"]}},{"id":8348,"url":"https:\/\/ccpdq.gob.ec\/wp-content\/uploads\/2024\/02\/Foto-para-Pagina-FEBRERO-2.png","name":"Foto-para-Pagina-FEBRERO-2.png","meta":{"brizy_attachment_uid":"wp-fda6c55a10d370644482f7efcc7d7ad7.png","brizy_post_uid":["6e560953229461a72a18aa9761a3487b"]}},{"id":8349,"url":"https:\/\/ccpdq.gob.ec\/wp-content\/uploads\/2024\/02\/foto-para-pagina-febrero-2024.png","name":"foto-para-pagina-febrero-2024.png","meta":{"brizy_attachment_uid":"wp-9bd2f1ebfbf360962e0798aa6fcc75b6.png","brizy_post_uid":["6e560953229461a72a18aa9761a3487b"]}}],"_links":{"self":[{"href":"https:\/\/ccpdq.gob.ec\/index.php\/wp-json\/wp\/v2\/pages\/2332","targetHints":{"allow":["GET"]}}],"collection":[{"href":"https:\/\/ccpdq.gob.ec\/index.php\/wp-json\/wp\/v2\/pages"}],"about":[{"href":"https:\/\/ccpdq.gob.ec\/index.php\/wp-json\/wp\/v2\/types\/page"}],"author":[{"embeddable":true,"href":"https:\/\/ccpdq.gob.ec\/index.php\/wp-json\/wp\/v2\/users\/1"}],"replies":[{"embeddable":true,"href":"https:\/\/ccpdq.gob.ec\/index.php\/wp-json\/wp\/v2\/comments?post=2332"}],"version-history":[{"count":28,"href":"https:\/\/ccpdq.gob.ec\/index.php\/wp-json\/wp\/v2\/pages\/2332\/revisions"}],"predecessor-version":[{"id":8786,"href":"https:\/\/ccpdq.gob.ec\/index.php\/wp-json\/wp\/v2\/pages\/2332\/revisions\/8786"}],"wp:attachment":[{"href":"https:\/\/ccpdq.gob.ec\/index.php\/wp-json\/wp\/v2\/media?parent=2332"}],"curies":[{"name":"wp","href":"https:\/\/api.w.org\/{rel}","templated":true}]}}