{"id":2333,"date":"2022-09-13T14:01:53","date_gmt":"2022-09-13T19:01:53","guid":{"rendered":"https:\/\/ccpdq.gob.ec\/?page_id=2333"},"modified":"2025-08-13T18:13:38","modified_gmt":"2025-08-13T23:13:38","slug":"lgbtiq","status":"publish","type":"page","link":"https:\/\/ccpdq.gob.ec\/index.php\/lgbtiq\/","title":{"rendered":"LGBTIQ+"},"content":{"rendered":"<div class=\"brz-root__container brz-reset-all brz brz-root__container-page\">\n<section id=\"_ajenaamcqtrptmxaqvaowhghcxttjcrspwof\" class=\"brz-section brz-css-175fft brz-css-23jzuw\">\n<div class=\"brz-section__content brz-section--fullWidth brz-css-108mwt6 brz-css-1nnvl3l\" data-brz-custom-id=\"iaiebyofxdqevtcatkzmrklqfuvjdelqzdwo\">\n<div class=\"brz-container brz-css-1g5q2k2 brz-css-htrl7h\">\n<div class=\"brz-row__container brz-css-tpz2m1\" data-brz-custom-id=\"xqhybgqnqiinchbgkwbpoptyyiaqyutzxvcj\">\n<div class=\"brz-bg\"><\/div>\n<div class=\"brz-row brz-css-rk383k brz-css-13fhoby\">\n<div class=\"brz-columns brz-css-19tq9w2 brz-css-1ambo3w\" data-brz-custom-id=\"wvqivinxvhpudkrmrowwiwbcvfvarugiaqbu\">\n<div class=\"brz-bg\"><\/div>\n<div class=\"brz-column__items brz-css-ngdduf brz-css-l1kzkq\">\n<div id=\"\" class=\"brz-css-8dxr4o brz-css-54ctp7 brz-wrapper\">\n<div class=\"brz-menu__container brz-css-1u7izgu brz-css-wpo9nu\" data-mmenu-id=\"#vsbgbmlmdwjqvmbwhfhdyhxetzkxbgtcfmwk_\" data-mmenu-position=\"position-left\" data-mmenu-title=\"Menu\" data-mmenu-stickytitle=\"on\" data-mmenu-isslider=\"false\" data-mmenu-closingicon=\"%7B%22desktop%22%3A%22off%22%2C%22tablet%22%3A%22off%22%2C%22mobile%22%3A%22off%22%7D\" data-brz-custom-id=\"vsbgbmlmdwjqvmbwhfhdyhxetzkxbgtcfmwk\">\n<nav data-mods=\"%7B%22desktop%22%3A%22horizontal%22%2C%22tablet%22%3A%22horizontal%22%2C%22mobile%22%3A%22horizontal%22%7D\" class=\"brz-menu brz-menu__preview brz-css-ndtzni brz-css-1cahnel\">\n<ul class=\"brz-menu__ul\" data-menu-items-active=\"\">\n<li data-menu-item-id=\"\" class=\"brz-menu__item \"><a class=\"brz-a\" target=\"\" href=\"\" title=\"\" rel=\"noopener\"><span class=\"brz-span\"><\/span><\/a>\n<ul class=\"brz-menu__sub-menu\"><\/ul>\n<\/li>\n<\/ul>\n<\/nav>\n<div class=\"brz-mm-menu__icon\"><\/div>\n<nav data-mods=\"%7B%22desktop%22%3A%22horizontal%22%2C%22tablet%22%3A%22horizontal%22%2C%22mobile%22%3A%22horizontal%22%7D\" id=\"vsbgbmlmdwjqvmbwhfhdyhxetzkxbgtcfmwk_\" class=\"brz-menu brz-menu__preview brz-menu__mmenu brz-menu--has-dropdown brz-css-1bbf0zm brz-css-1aj39c\">\n<ul class=\"brz-menu__ul\" data-menu-items-active=\"\">\n<li data-menu-item-id=\"\" class=\"brz-menu__item \"><a class=\"brz-a\" target=\"\" href=\"\" title=\"\" rel=\"noopener\"><span class=\"brz-span\"><\/span><\/a>\n<ul class=\"brz-menu__sub-menu\"><\/ul>\n<\/li>\n<\/ul>\n<\/nav>\n<\/div>\n<\/div>\n<\/div>\n<\/div>\n<\/div>\n<\/div>\n<\/div>\n<\/div>\n<\/section>\n<section id=\"_vltjyyafmkevgcixijniybbcmnlegwczfxrs\" class=\"brz-section brz-css-175fft brz-css-1bw993y\">\n<div class=\"brz-section__content brz-section--boxed brz-css-108mwt6 brz-css-12pewcs\" data-brz-custom-id=\"glrfpxakoydseakujskpunuddcsslwbimphh\">\n<div class=\"brz-bg\">\n<div class=\"brz-bg-image\"><\/div>\n<div class=\"brz-bg-color\"><\/div>\n<\/div>\n<div class=\"brz-container brz-css-1g5q2k2\">\n<div class=\"brz-wrapper-clone brz-css-q2zdko\">\n<div class=\"brz-d-xs-flex brz-flex-xs-wrap brz-css-1glyvix brz-css-1tw9hyt\" data-brz-custom-id=\"\">\n<div class=\"brz-wrapper-clone__item\" id=\"cxutyhenpuzsqrgdbslejoojidsqkrlbdpxr\"><a class=\"brz-a brz-btn brz-css-4f6xuh brz-css-clfss8 brz-css-14wjaag brz-css-pl3yc1\" href=\"https:\/\/ccpdq.gob.ec\/index.php\/consejos-consultivos\" target=\"_self\" rel=\"noopener\" data-brz-link-type=\"external\" data-brz-custom-id=\"cxutyhenpuzsqrgdbslejoojidsqkrlbdpxr\"><span data-brz-translate-text=\"1\" class=\"brz-span brz-text__editor\">REGRESAR<\/span><\/a><\/div>\n<\/div>\n<\/div>\n<\/div>\n<\/div>\n<\/section>\n<section id=\"_bpyepvmxyzfxkykbdypjmaerscwyjymgeofg\" class=\"brz-section brz-css-175fft\">\n<div class=\"brz-section__content brz-section--boxed brz-css-108mwt6 brz-css-hfecq1\" data-brz-custom-id=\"hhndmhwfaqalczrehvhzgvjnftzveflibbsp\">\n<div class=\"brz-bg\">\n<div class=\"brz-bg-image\"><\/div>\n<\/div>\n<div class=\"brz-container brz-css-1g5q2k2\">\n<div class=\"brz-row__container brz-css-tpz2m1\" data-brz-custom-id=\"ogjpxgyrulyngzyytvtniwlfefafcrdipsyf\">\n<div class=\"brz-bg\"><\/div>\n<div class=\"brz-row brz-css-rk383k brz-css-13fhoby\">\n<div class=\"brz-columns brz-css-19tq9w2 brz-css-1mt9a1o\" data-brz-custom-id=\"ozmzghhgcimfwyinosaqzxlivldtyrfkbibe\">\n<div class=\"brz-bg\"><\/div>\n<div class=\"brz-column__items brz-css-ngdduf\">\n<div id=\"\" class=\"brz-css-8dxr4o brz-css-l7zhe brz-wrapper\">\n<div class=\"brz-image brz-css-1uwzgba brz-css-vdqqp5\" data-brz-custom-id=\"fwzxdijgmuffziljftbcjykpnxhvvhnyneif\"><img decoding=\"async\" class=\"brz-img\" src=\"https:\/\/ccpdq.gob.ec\/wp-content\/uploads\/2024\/08\/WhatsApp-Image-2024-08-15-at-2.41.34-PM.jpeg\" alt=\"\" loading=\"lazy\"><\/div>\n<\/div>\n<\/div>\n<\/div>\n<div class=\"brz-columns brz-css-19tq9w2 brz-css-4wkagw\" data-brz-custom-id=\"ziajlyrkrcpejjncvokcqiqynfxcwisnxfhk\">\n<div class=\"brz-bg\"><\/div>\n<div class=\"brz-column__items brz-css-ngdduf brz-css-1u0yo7c\">\n<div id=\"\" class=\"brz-css-8dxr4o brz-css-stj9nx brz-wrapper\">\n<div class=\"brz-rich-text brz-rich-text__custom brz-css-1396ehj\" data-brz-custom-id=\"ozwglhzwbtpaccnhrkhltyuyjaluemfqfygv\">\n<div data-brz-translate-text=\"1\">\n<h1 class=\"brz-lh-lg-1_2 brz-ls-lg-0 brz-fw-lg-700 brz-fss-lg-px brz-fs-lg-55 brz-ft-google brz-ff-kumbh_sans brz-tp-lg-empty brz-css-gtKdu\" data-generated-css=\"brz-css-ox2Lh\" data-uniq-id=\"ksPC5\">Consejo Consultivo de LGBTIQ+ 2023-2025<\/h1>\n<\/div>\n<\/div>\n<\/div>\n<div id=\"\" class=\"brz-css-8dxr4o brz-wrapper\">\n<div class=\"brz-rich-text brz-rich-text__custom brz-css-1396ehj\" data-brz-custom-id=\"gawqnugciezbvfthxjfaxvbobnncmeoiscfh\">\n<div data-brz-translate-text=\"1\">\n<p class=\"brz-mb-xs-0 brz-mb-lg-20 brz-mb-sm-0 brz-tp-lg-subtitle brz-text-lg-left brz-css-sfttB\" data-uniq-id=\"reLQJ\" data-generated-css=\"brz-css-iscSo\"><span class=\"brz-cp-color7\">Los consejos consultivos son mecanismos de asesoramiento que<\/span><strong class=\"brz-cp-color7\"> <\/strong><span class=\"brz-cp-color7 link--upload brz-span\"> se constituyen en espacios y organismos de consulta. <\/span><strong class=\"brz-cp-color7\">SU FUNCI\u00d3N ES MERAMENTE CONSULTIVA<\/strong><span class=\"brz-cp-color7\">. Las autoridades o las instancias mixtas o paritarias podr\u00e1n convocar en cualquier momento a dichos consejos.<\/span><\/p>\n<p class=\"brz-mb-xs-0 brz-mb-lg-20 brz-tp-lg-paragraph brz-mb-sm-0 brz-css-lqkMZ\" data-uniq-id=\"fcmAe\" data-generated-css=\"brz-css-eF3eh\"><\/p>\n<\/div>\n<\/div>\n<\/div>\n<div class=\"brz-wrapper-clone brz-css-q2zdko\">\n<div class=\"brz-d-xs-flex brz-flex-xs-wrap brz-css-1glyvix brz-css-1q55bfy\" data-brz-custom-id=\"\">\n<div class=\"brz-wrapper-clone__item\" id=\"sqbuobwdbxqycvhuqlkadobztpgscsjfxgwy\"><a class=\"brz-a brz-btn brz-css-4f6xuh brz-css-my4ikk brz-css-14wjaag brz-css-owxeer\" href=\"\" target=\"_self\" rel=\"noopener\" data-brz-link-type=\"external\" data-brz-custom-id=\"sqbuobwdbxqycvhuqlkadobztpgscsjfxgwy\"><span data-brz-translate-text=\"1\" class=\"brz-span brz-text__editor\">INFORMACI\u00d3N<\/span><\/a><\/div>\n<\/div>\n<\/div>\n<\/div>\n<\/div>\n<\/div>\n<\/div>\n<\/div>\n<\/div>\n<\/section>\n<\/div>\n<p>    <!-- version:1737412207 --><\/p>\n","protected":false},"excerpt":{"rendered":"<p>REGRESAR Consejo Consultivo de LGBTIQ+ 2023-2025 Los consejos consultivos son mecanismos de asesoramiento que se constituyen en espacios y organismos de consulta. SU FUNCI\u00d3N ES MERAMENTE CONSULTIVA. Las autoridades o las instancias mixtas o paritarias podr\u00e1n convocar en cualquier momento a dichos consejos. INFORMACI\u00d3N<\/p>\n","protected":false},"author":1,"featured_media":0,"parent":0,"menu_order":0,"comment_status":"closed","ping_status":"closed","template":"brizy-blank-template.php","meta":{"_monsterinsights_skip_tracking":false,"_monsterinsights_sitenote_active":false,"_monsterinsights_sitenote_note":"","_monsterinsights_sitenote_category":0,"_kad_post_transparent":"","_kad_post_title":"","_kad_post_layout":"","_kad_post_sidebar_id":"","_kad_post_content_style":"","_kad_post_vertical_padding":"","_kad_post_feature":"","_kad_post_feature_position":"","_kad_post_header":false,"_kad_post_footer":false,"footnotes":""},"class_list":["post-2333","page","type-page","status-publish","hentry"],"aioseo_notices":[],"brizy_media":[{"id":3877,"url":"https:\/\/ccpdq.gob.ec\/wp-content\/uploads\/2022\/10\/indice.png","name":"indice.png","meta":{"brizy_attachment_uid":"wp-3d9916c5f153a88c155edb4b05ab9bf2.png","brizy_post_uid":["d04fe2616f7db7b3a788ed390f417da9"]}},{"id":3883,"url":"https:\/\/ccpdq.gob.ec\/wp-content\/uploads\/2022\/10\/images.jpg","name":"images.jpg","meta":{"brizy_attachment_uid":"wp-30b6e95e3cbcb2c81ffedbec45167d22.jpg","brizy_post_uid":["d04fe2616f7db7b3a788ed390f417da9"]}},{"id":8967,"url":"https:\/\/ccpdq.gob.ec\/wp-content\/uploads\/2024\/08\/WhatsApp-Image-2024-08-15-at-2.41.35-PM.jpeg","name":"WhatsApp-Image-2024-08-15-at-2.41.35-PM.jpeg","meta":{"brizy_attachment_uid":"wp-454b556c409c8dd985dd3c135d634631.jpeg","brizy_post_uid":["d04fe2616f7db7b3a788ed390f417da9","62a1cf8cf225f06c360b5edcbbf9b5fe"]}},{"id":8970,"url":"https:\/\/ccpdq.gob.ec\/wp-content\/uploads\/2024\/08\/WhatsApp-Image-2024-08-15-at-2.41.34-PM.jpeg","name":"WhatsApp-Image-2024-08-15-at-2.41.34-PM.jpeg","meta":{"brizy_attachment_uid":"wp-bab8005f40fe8955e4a887b42c0ff2fe.jpeg","brizy_post_uid":["d04fe2616f7db7b3a788ed390f417da9"]}}],"_links":{"self":[{"href":"https:\/\/ccpdq.gob.ec\/index.php\/wp-json\/wp\/v2\/pages\/2333","targetHints":{"allow":["GET"]}}],"collection":[{"href":"https:\/\/ccpdq.gob.ec\/index.php\/wp-json\/wp\/v2\/pages"}],"about":[{"href":"https:\/\/ccpdq.gob.ec\/index.php\/wp-json\/wp\/v2\/types\/page"}],"author":[{"embeddable":true,"href":"https:\/\/ccpdq.gob.ec\/index.php\/wp-json\/wp\/v2\/users\/1"}],"replies":[{"embeddable":true,"href":"https:\/\/ccpdq.gob.ec\/index.php\/wp-json\/wp\/v2\/comments?post=2333"}],"version-history":[{"count":11,"href":"https:\/\/ccpdq.gob.ec\/index.php\/wp-json\/wp\/v2\/pages\/2333\/revisions"}],"predecessor-version":[{"id":8975,"href":"https:\/\/ccpdq.gob.ec\/index.php\/wp-json\/wp\/v2\/pages\/2333\/revisions\/8975"}],"wp:attachment":[{"href":"https:\/\/ccpdq.gob.ec\/index.php\/wp-json\/wp\/v2\/media?parent=2333"}],"curies":[{"name":"wp","href":"https:\/\/api.w.org\/{rel}","templated":true}]}}