{"id":2334,"date":"2022-09-13T14:01:53","date_gmt":"2022-09-13T19:01:53","guid":{"rendered":"https:\/\/ccpdq.gob.ec\/?page_id=2334"},"modified":"2025-08-18T03:43:41","modified_gmt":"2025-08-18T08:43:41","slug":"pueblos-y-nacionalidades","status":"publish","type":"page","link":"https:\/\/ccpdq.gob.ec\/index.php\/pueblos-y-nacionalidades\/","title":{"rendered":"Pueblos y Nacionalidades"},"content":{"rendered":"<div class=\"brz-root__container brz-reset-all brz brz-root__container-page\">\n<section id=\"_dzlkxklalbhqnxtuqxhwdxpjmrvyeljexgqs\" class=\"brz-section brz-css-pp5nhq brz-css-19n2pnl\">\n<div class=\"brz-slick-slider brz-slick-slider__section\" data-slides-to-show=\"1\" data-slides-to-scroll=\"1\" data-arrows=\"true\" data-dots=\"true\" data-dots-class=\"brz-slick-slider__dots brz-slick-slider__dots--diamond\" data-fade=\"false\" data-vertical=\"false\" data-auto-play=\"true\" data-auto-play-speed=\"3000\" data-animation-speed=\"500\" data-swipe=\"true\" data-responsive=\"%5B%7B%22breakpoint%22%3A767%2C%22settings%22%3A%7B%22slidesToShow%22%3A1%2C%22slidesToScroll%22%3A1%7D%7D%5D\">\n<div>\n<div class=\"brz-section__content brz-section--boxed brz-css-1rcxbuj brz-css-3io6nq\" data-brz-custom-id=\"emtcoojffglxqvnlyiakbjwgeqgtixsidetq\">\n<div class=\"brz-bg\">\n<div class=\"brz-bg-image\"><\/div>\n<div class=\"brz-bg-color\"><\/div>\n<\/div>\n<div class=\"brz-container brz-css-16j1o98\">\n<div class=\"brz-row__container brz-css-fos2ww\" data-brz-custom-id=\"gmaezsxgjqglkuwpftfmqkmupjnknrrrdxnr\">\n<div class=\"brz-bg\"><\/div>\n<div class=\"brz-row brz-css-991se5 brz-css-qjnrp9\">\n<div class=\"brz-columns brz-css-1gt1g0g brz-css-1t6zva9\" data-brz-custom-id=\"zgvtukfqgcwczxxzbtwxtdjwjnbkadfqyxwh\">\n<div class=\"brz-bg\"><\/div>\n<div class=\"brz-column__items brz-css-hn31xs\">\n<div id=\"\" class=\"brz-css-rpri7z brz-css-l497y4 brz-wrapper\">\n<div class=\"brz-spacer brz-css-950y2w brz-css-1wj3jd2\"><\/div>\n<\/div>\n<div class=\"brz-wrapper-clone brz-css-zhabrw\">\n<div class=\"brz-d-xs-flex brz-flex-xs-wrap brz-css-1x1j5o2 brz-css-gd6jou\" data-brz-custom-id=\"\">\n<div class=\"brz-wrapper-clone__item\" id=\"inqcrovpzrkilcccfnzlrifeuzanxclhbasl\"><a class=\"brz-a brz-btn brz-css-6303xu brz-css-1wlh2ii brz-css-s17hwm brz-css-18sryie\" href=\"https:\/\/ccpdq.gob.ec\/index.php\/consejos-consultivos\" target=\"_self\" rel=\"noopener\" data-brz-link-type=\"external\" data-brz-custom-id=\"inqcrovpzrkilcccfnzlrifeuzanxclhbasl\"><span data-brz-translate-text=\"1\" class=\"brz-span brz-text__editor\">REGRESAR<\/span><\/a><\/div>\n<\/div>\n<\/div>\n<\/div>\n<\/div>\n<\/div>\n<\/div>\n<\/div>\n<\/div>\n<\/div>\n<\/div>\n<\/section>\n<section id=\"_sbpggglztnddfqennuggwjwtnqjxphuhpfpd\" class=\"brz-section brz-css-pp5nhq\">\n<div class=\"brz-section__content brz-section--boxed brz-css-1rcxbuj brz-css-sv4x3j\" data-brz-custom-id=\"sjkdgrfixlznisjohdhypvojcuyupkpxhhyj\">\n<div class=\"brz-bg\">\n<div class=\"brz-bg-color\"><\/div>\n<\/div>\n<div class=\"brz-container brz-css-16j1o98\"><\/div>\n<\/div>\n<\/section>\n<section id=\"_hexwmedobpkgxrhmwlsmbrknusfyffpwtpxj\" class=\"brz-section brz-css-pp5nhq\">\n<div class=\"brz-section__content brz-section--boxed brz-css-1rcxbuj brz-css-12cff8c\" data-brz-custom-id=\"cesrvqyeyaaddxriazrvqifyrgviikxqqeoy\">\n<div class=\"brz-container brz-css-16j1o98\">\n<div class=\"brz-row__container brz-css-fos2ww brz-css-1yaf9ax\" data-brz-custom-id=\"fyabiwyhhgcimfaojkphibexslburtelqguo\">\n<div class=\"brz-bg\"><\/div>\n<div class=\"brz-row brz-css-991se5 brz-css-qjnrp9\">\n<div class=\"brz-columns brz-css-1gt1g0g brz-css-bel4ir\" data-brz-custom-id=\"hkislfrqjrosdttzbpqjgjjmhtdbatgvhpoc\">\n<div class=\"brz-bg\"><\/div>\n<div class=\"brz-column__items brz-css-hn31xs brz-css-15umqhc\">\n<div id=\"\" class=\"brz-css-rpri7z brz-css-1jogih5 brz-wrapper\">\n<div class=\"brz-rich-text brz-rich-text__custom brz-css-um05l5\" data-brz-custom-id=\"kibagbekdpyyehkydlmzenbxkwgiggovzeue\">\n<div data-brz-translate-text=\"1\">\n<h2 class=\"brz-text-lg-left brz-tp-lg-heading2 brz-css-eUXqE\" data-uniq-id=\"ftdhy\" data-generated-css=\"brz-css-wqmbv\">Consejo Consultivo de Pueblos y Nacionalidades<\/h2>\n<\/div>\n<\/div>\n<\/div>\n<div id=\"\" class=\"brz-css-rpri7z brz-wrapper\">\n<div class=\"brz-rich-text brz-rich-text__custom brz-css-um05l5\" data-brz-custom-id=\"tinjyevobfaswuhvzsxgquszlakhixvpiblv\">\n<div data-brz-translate-text=\"1\">\n<p class=\"brz-text-lg-left brz-tp-lg-subtitle ql-align-justify brz-css-drO0p\" data-uniq-id=\"bhrbk\" data-generated-css=\"brz-css-eccsy\"><span class=\"brz-cp-color7\">Los consejos consultivos son mecanismos de asesoramiento que<\/span><strong class=\"brz-cp-color7\"> <\/strong><span class=\"brz-cp-color7\"> se constituyen en espacios y organismos de consulta. <\/span><strong class=\"brz-cp-color7\">SU FUNCI\u00d3N ES MERAMENTE CONSULTIVA<\/strong><span class=\"brz-cp-color7\">. Las autoridades o las instancias mixtas o <\/span><\/p>\n<p class=\"brz-text-lg-left brz-tp-lg-subtitle brz-css-jkOaV\" data-uniq-id=\"xxwzb\" data-generated-css=\"brz-css-jfrhr\"><span class=\"brz-cp-color7\">paritarias podr\u00e1n convocar en cualquier momento a dichos consejos.<\/span><\/p>\n<\/div>\n<\/div>\n<\/div>\n<div class=\"brz-wrapper-clone brz-css-zhabrw\">\n<div class=\"brz-d-xs-flex brz-flex-xs-wrap brz-css-1x1j5o2 brz-css-ie2p05\" data-brz-custom-id=\"\">\n<div class=\"brz-wrapper-clone__item\" id=\"uoklkszzuqqemcravahyltvucqhqlkhplkrh\"><a class=\"brz-a brz-btn brz-css-6303xu brz-css-1pvunuj brz-css-s17hwm brz-css-x32puv\" href=\"https:\/\/ccpdq.gob.ec\/wp-content\/uploads\/2024\/07\/C.C.-PUEBLOS-Y-NACIONALIDADES.pdf\" target=\"_blank\" rel=\"noopener\" data-brz-link-type=\"upload\" data-brz-custom-id=\"uoklkszzuqqemcravahyltvucqhqlkhplkrh\"><span data-brz-translate-text=\"1\" class=\"brz-span brz-text__editor\">INFORMACI\u00d3N<\/span><\/a><\/div>\n<\/div>\n<\/div>\n<div id=\"\" class=\"brz-css-rpri7z brz-css-l497y4 brz-wrapper\">\n<div class=\"brz-spacer brz-css-950y2w brz-css-1kafbfy\"><\/div>\n<\/div>\n<\/div>\n<\/div>\n<div class=\"brz-columns brz-css-1gt1g0g brz-css-155e3dd\" data-brz-custom-id=\"dsfzaqdkwgxzrkhsyztpcimpshzeelijtwiw\">\n<div class=\"brz-bg\"><\/div>\n<div class=\"brz-column__items brz-css-hn31xs brz-css-1mgsr15\">\n<div id=\"\" class=\"brz-css-rpri7z brz-css-1dw93dq brz-wrapper\">\n<div class=\"brz-image brz-css-36zivt brz-css-vfadrx\" data-brz-custom-id=\"ntwbggrrrmabcztmmowkarbcidmrztojxxbh\"><img decoding=\"async\" class=\"brz-img\" src=\"https:\/\/ccpdq.gob.ec\/wp-content\/uploads\/2024\/07\/3-14.jpg\" alt=\"\" loading=\"lazy\"><\/div>\n<\/div>\n<\/div>\n<\/div>\n<\/div>\n<\/div>\n<\/div>\n<\/div>\n<\/section>\n<\/div>\n<p>    <!-- version:1737699694 --><\/p>\n","protected":false},"excerpt":{"rendered":"<p>REGRESAR Consejo Consultivo de Pueblos y Nacionalidades Los consejos consultivos son mecanismos de asesoramiento que se constituyen en espacios y organismos de consulta. SU FUNCI\u00d3N ES MERAMENTE CONSULTIVA. Las autoridades o las instancias mixtas o paritarias podr\u00e1n convocar en cualquier momento a dichos consejos. INFORMACI\u00d3N<\/p>\n","protected":false},"author":1,"featured_media":0,"parent":0,"menu_order":0,"comment_status":"closed","ping_status":"closed","template":"brizy-blank-template.php","meta":{"_monsterinsights_skip_tracking":false,"_monsterinsights_sitenote_active":false,"_monsterinsights_sitenote_note":"","_monsterinsights_sitenote_category":0,"_kad_post_transparent":"","_kad_post_title":"","_kad_post_layout":"","_kad_post_sidebar_id":"","_kad_post_content_style":"","_kad_post_vertical_padding":"","_kad_post_feature":"","_kad_post_feature_position":"","_kad_post_header":false,"_kad_post_footer":false,"footnotes":""},"class_list":["post-2334","page","type-page","status-publish","hentry"],"aioseo_notices":[],"brizy_media":[{"id":3850,"url":"https:\/\/ccpdq.gob.ec\/wp-content\/uploads\/2022\/10\/pueblos-nacionalidad-ecuador-consulta.webp","name":"pueblos-nacionalidad-ecuador-consulta.webp","meta":{"brizy_attachment_uid":"wp-5460239d3abbaa77026af28d4012d225.webp","brizy_post_uid":["f7303b4605191098532910a8b4dda1d2"]}},{"id":3856,"url":"https:\/\/ccpdq.gob.ec\/wp-content\/uploads\/2022\/10\/Pueblos-y-Nacionalidades-del-Ecuador.webp","name":"Pueblos-y-Nacionalidades-del-Ecuador.webp","meta":{"brizy_attachment_uid":"wp-cf0dcf383bb39109d7433869bb3a6243.webp","brizy_post_uid":["f7303b4605191098532910a8b4dda1d2"]}},{"id":8777,"url":"https:\/\/ccpdq.gob.ec\/wp-content\/uploads\/2024\/07\/1-15.jpg","name":"1-15.jpg","meta":{"brizy_attachment_uid":"wp-135aaa222d12465937616afcf17f3ca8.jpg","brizy_post_uid":["f7303b4605191098532910a8b4dda1d2"]}},{"id":8796,"url":"https:\/\/ccpdq.gob.ec\/wp-content\/uploads\/2024\/07\/3-14.jpg","name":"3-14.jpg","meta":{"brizy_attachment_uid":"wp-40ce80d78e69c8c1e576fa3dc27545f8.jpg","brizy_post_uid":["f7303b4605191098532910a8b4dda1d2"]}}],"_links":{"self":[{"href":"https:\/\/ccpdq.gob.ec\/index.php\/wp-json\/wp\/v2\/pages\/2334","targetHints":{"allow":["GET"]}}],"collection":[{"href":"https:\/\/ccpdq.gob.ec\/index.php\/wp-json\/wp\/v2\/pages"}],"about":[{"href":"https:\/\/ccpdq.gob.ec\/index.php\/wp-json\/wp\/v2\/types\/page"}],"author":[{"embeddable":true,"href":"https:\/\/ccpdq.gob.ec\/index.php\/wp-json\/wp\/v2\/users\/1"}],"replies":[{"embeddable":true,"href":"https:\/\/ccpdq.gob.ec\/index.php\/wp-json\/wp\/v2\/comments?post=2334"}],"version-history":[{"count":17,"href":"https:\/\/ccpdq.gob.ec\/index.php\/wp-json\/wp\/v2\/pages\/2334\/revisions"}],"predecessor-version":[{"id":8802,"href":"https:\/\/ccpdq.gob.ec\/index.php\/wp-json\/wp\/v2\/pages\/2334\/revisions\/8802"}],"wp:attachment":[{"href":"https:\/\/ccpdq.gob.ec\/index.php\/wp-json\/wp\/v2\/media?parent=2334"}],"curies":[{"name":"wp","href":"https:\/\/api.w.org\/{rel}","templated":true}]}}