{"id":4302,"date":"2022-10-24T09:11:36","date_gmt":"2022-10-24T14:11:36","guid":{"rendered":"https:\/\/ccpdq.gob.ec\/?page_id=4302"},"modified":"2022-10-24T12:23:38","modified_gmt":"2022-10-24T17:23:38","slug":"mesa-intersectorial-cantonal-se-reunio","status":"publish","type":"page","link":"https:\/\/ccpdq.gob.ec\/index.php\/mesa-intersectorial-cantonal-se-reunio\/","title":{"rendered":"MESA INTERSECTORIAL CANTONAL SE REUNI\u00d3."},"content":{"rendered":"\n<p><\/p>\n\n\n\n<figure class=\"wp-block-image size-large\"><img fetchpriority=\"high\" decoding=\"async\" width=\"1024\" height=\"768\" src=\"https:\/\/ccpdq.gob.ec\/wp-content\/uploads\/2022\/10\/098c49c8-e264-44dd-90cb-77cca46f4ae3-1024x768.jpg\" alt=\"\" class=\"wp-image-4311\" srcset=\"https:\/\/ccpdq.gob.ec\/wp-content\/uploads\/2022\/10\/098c49c8-e264-44dd-90cb-77cca46f4ae3-1024x768.jpg 1024w, https:\/\/ccpdq.gob.ec\/wp-content\/uploads\/2022\/10\/098c49c8-e264-44dd-90cb-77cca46f4ae3-300x225.jpg 300w, https:\/\/ccpdq.gob.ec\/wp-content\/uploads\/2022\/10\/098c49c8-e264-44dd-90cb-77cca46f4ae3-768x576.jpg 768w, https:\/\/ccpdq.gob.ec\/wp-content\/uploads\/2022\/10\/098c49c8-e264-44dd-90cb-77cca46f4ae3-1536x1152.jpg 1536w, https:\/\/ccpdq.gob.ec\/wp-content\/uploads\/2022\/10\/098c49c8-e264-44dd-90cb-77cca46f4ae3.jpg 1600w\" sizes=\"(max-width: 1024px) 100vw, 1024px\" \/><\/figure>\n\n\n\n<p>En la sala de alcald\u00eda el pasado mi\u00e9rcoles 19 de Octubre se llev\u00f3 a cabo la \u00faltima reuni\u00f3n de la mesa intersectorial donde se cont\u00f3 con la presencia de los actores locales entre ellos la T\u00e9cnica de Ni\u00f1ez y Adolescencia del CCPD-Q y funcionarios del GADM-Q, MIES, SALUD, EDUCACI\u00d3N, JUNTAS PARROQUIALES.<\/p>\n\n\n\n<p>Entre los compromisos esta:<\/p>\n\n\n\n<p><strong>CCPD-Q.<\/strong><\/p>\n\n\n\n<p>Gestionar con los tenientes pol\u00edticos de Cube y Viche la ampliaci\u00f3n de servicios MIES por cuanto se est\u00e1n sacando los ni\u00f1os del servicio MIES &nbsp;que est\u00e1n en situaci\u00f3n pobreza por ingresar a los nuevos ni\u00f1os de 0 a 24 meses.<\/p>\n\n\n\n<p><strong>GADMC QUININD\u00c9<\/strong><\/p>\n\n\n\n<p>Se compromete a gestionar un sitio para que funcione una oficina de informaci\u00f3n del MIES, va a realizar las gestiones necesarias para adecuar en un espacio que hay en la escuela Mar\u00eda Reasco.<\/p>\n\n\n\n<p><strong>MIES<\/strong><\/p>\n\n\n\n<p>Consultar los procedimiento para realizar cambio de beneficiario del bono cuando las madres dejan abandonados a sus hijos.<\/p>\n\n\n\n<p><strong>MSP<\/strong><\/p>\n\n\n\n<p>Gestionar dotaci\u00f3n de la vacuna antirogan que es necesaria para las madres gestantes que tienen hepatitis b.&nbsp; el cant\u00f3n presenta un alto porcentaje de mujeres gestantes con esta enfermedad que tiene un alto riesgo de contaminar al reci\u00e9n nacido.<\/p>\n\n\n\n<p>Seguimos trabajando por la ni\u00f1ez y adolescencia de nuestro cant\u00f3n.<\/p>\n\n\n\n<p><strong>DEPARTAMENTO DE RR.PP. CCPD-Q.<\/strong><\/p>\n","protected":false},"excerpt":{"rendered":"<p>En la sala de alcald\u00eda el pasado mi\u00e9rcoles 19 de Octubre se llev\u00f3 a cabo la \u00faltima reuni\u00f3n de la mesa intersectorial donde se cont\u00f3 con la presencia de los actores locales entre ellos la T\u00e9cnica de Ni\u00f1ez y Adolescencia del CCPD-Q y funcionarios del GADM-Q, MIES, SALUD, EDUCACI\u00d3N, JUNTAS PARROQUIALES. Entre los compromisos esta:&#8230;<\/p>\n","protected":false},"author":1,"featured_media":4311,"parent":0,"menu_order":0,"comment_status":"closed","ping_status":"closed","template":"","meta":{"_monsterinsights_skip_tracking":false,"_monsterinsights_sitenote_active":false,"_monsterinsights_sitenote_note":"","_monsterinsights_sitenote_category":0,"_kad_post_transparent":"","_kad_post_title":"","_kad_post_layout":"","_kad_post_sidebar_id":"","_kad_post_content_style":"","_kad_post_vertical_padding":"","_kad_post_feature":"","_kad_post_feature_position":"","_kad_post_header":false,"_kad_post_footer":false,"footnotes":""},"class_list":["post-4302","page","type-page","status-publish","has-post-thumbnail","hentry"],"aioseo_notices":[],"brizy_media":[],"_links":{"self":[{"href":"https:\/\/ccpdq.gob.ec\/index.php\/wp-json\/wp\/v2\/pages\/4302","targetHints":{"allow":["GET"]}}],"collection":[{"href":"https:\/\/ccpdq.gob.ec\/index.php\/wp-json\/wp\/v2\/pages"}],"about":[{"href":"https:\/\/ccpdq.gob.ec\/index.php\/wp-json\/wp\/v2\/types\/page"}],"author":[{"embeddable":true,"href":"https:\/\/ccpdq.gob.ec\/index.php\/wp-json\/wp\/v2\/users\/1"}],"replies":[{"embeddable":true,"href":"https:\/\/ccpdq.gob.ec\/index.php\/wp-json\/wp\/v2\/comments?post=4302"}],"version-history":[{"count":1,"href":"https:\/\/ccpdq.gob.ec\/index.php\/wp-json\/wp\/v2\/pages\/4302\/revisions"}],"predecessor-version":[{"id":4312,"href":"https:\/\/ccpdq.gob.ec\/index.php\/wp-json\/wp\/v2\/pages\/4302\/revisions\/4312"}],"wp:featuredmedia":[{"embeddable":true,"href":"https:\/\/ccpdq.gob.ec\/index.php\/wp-json\/wp\/v2\/media\/4311"}],"wp:attachment":[{"href":"https:\/\/ccpdq.gob.ec\/index.php\/wp-json\/wp\/v2\/media?parent=4302"}],"curies":[{"name":"wp","href":"https:\/\/api.w.org\/{rel}","templated":true}]}}