{"id":709,"date":"2022-09-05T11:43:35","date_gmt":"2022-09-05T16:43:35","guid":{"rendered":"https:\/\/ccpdq.gob.ec\/?page_id=709"},"modified":"2025-08-11T18:05:45","modified_gmt":"2025-08-11T23:05:45","slug":"quienes-somos","status":"publish","type":"page","link":"https:\/\/ccpdq.gob.ec\/index.php\/quienes-somos\/","title":{"rendered":"Quienes somos"},"content":{"rendered":"<div class=\"brz-root__container brz-reset-all brz brz-root__container-page\">\n<section id=\"_nlojcticfsvbcpxsxupdtjyxmlmvppsgytbd\" class=\"brz-section brz-css-7gk4oy\">\n<div class=\"brz-section__content brz-section--boxed brz-css-ukkgpq brz-css-pdszz5\" data-brz-custom-id=\"aombvaafzbloalytqhyblvfbdvapktsdjkxq\">\n<div class=\"brz-container brz-css-19u4pmg\">\n<div class=\"brz-row__container brz-css-nw7wr5\" data-brz-custom-id=\"kcrxsctvtgvzlpsyjnmrujjltlfmmsamxaft\">\n<div class=\"brz-bg\"><\/div>\n<div class=\"brz-row brz-css-17xwtmr brz-css-rsjeg\">\n<div class=\"brz-columns brz-css-fxv1ch brz-css-1kzi3m2\" data-brz-custom-id=\"tfacwezyfxcuqubhaiqmczqvgzptjlyerofi\">\n<div class=\"brz-bg\"><\/div>\n<div class=\"brz-column__items brz-css-10w68yr brz-css-1d3x5vq\">\n<div id=\"\" class=\"brz-css-1dky2yv brz-css-elcmbi brz-wrapper\">\n<div class=\"brz-image brz-css-1e0pexj\" data-brz-custom-id=\"dbjchzzyiluqqrwoswunlhxedkwesrkaacmh\"><a class=\"brz-a\" href=\"https:\/\/ccpdq.gob.ec\/\" target=\"_self\" rel=\"noopener\" data-brz-link-type=\"external\"><img decoding=\"async\" class=\"brz-img\" src=\"https:\/\/ccpdq.gob.ec\/wp-content\/uploads\/2023\/08\/LOGO-570x510-1.png\" alt=\"\" loading=\"lazy\"><\/a><\/div>\n<\/div>\n<\/div>\n<\/div>\n<div class=\"brz-columns brz-css-fxv1ch brz-css-1rrvs0a\" data-brz-custom-id=\"oafuufqshthafhunbmqvprrpcyidatlyptay\">\n<div class=\"brz-bg\"><\/div>\n<div class=\"brz-column__items brz-css-10w68yr\">\n<div class=\"brz-wrapper-clone brz-css-11mipf9 brz-css-169bai2\">\n<div class=\"brz-d-xs-flex brz-flex-xs-wrap brz-css-ndd4de\" data-brz-custom-id=\"\">\n<div class=\"brz-wrapper-clone__item\" id=\"iexduyigfmcdjpfwsjtlnhjwvcutennpxzyl\">\n<div class=\"brz-icon__container\" data-brz-custom-id=\"iexduyigfmcdjpfwsjtlnhjwvcutennpxzyl\"><a class=\"brz-a\" href=\"https:\/\/ccpdq.gob.ec\/\" target=\"_self\" rel=\"noopener\" data-brz-link-type=\"external\"><span class=\"brz-icon brz-span brz-css-jpzqe brz-css-3mktfq\"><\/span><\/a><\/div>\n<\/div>\n<\/div>\n<\/div>\n<\/div>\n<\/div>\n<div class=\"brz-columns brz-css-fxv1ch brz-css-11hhqfi\" data-brz-custom-id=\"khfxtyxouaglcrfsnjqqijijyzcoldvppujb\">\n<div class=\"brz-bg\"><\/div>\n<div class=\"brz-column__items brz-css-10w68yr brz-css-o5sa6v\">\n<div id=\"\" class=\"brz-css-1dky2yv brz-wrapper\">\n<div class=\"brz-menu__container brz-css-17brql7\" data-mmenu-id=\"#pgucsmxcczdpczjtxcvudxyetycohzylhgug_\" data-mmenu-position=\"position-left\" data-mmenu-title=\"Menu\" data-mmenu-stickytitle=\"on\" data-mmenu-isslider=\"false\" data-mmenu-closingicon=\"%7B%22desktop%22%3A%22off%22%2C%22tablet%22%3A%22off%22%2C%22mobile%22%3A%22off%22%7D\" data-brz-custom-id=\"pgucsmxcczdpczjtxcvudxyetycohzylhgug\">\n<nav data-mods=\"%7B%22desktop%22%3A%22horizontal%22%2C%22tablet%22%3A%22horizontal%22%2C%22mobile%22%3A%22horizontal%22%7D\" class=\"brz-menu brz-menu__preview brz-css-qosg6b brz-css-ga0s4f\">\n<ul class=\"brz-menu__ul\" data-menu-items-active=\"\">\n<li data-menu-item-id=\"\" class=\"brz-menu__item \"><a class=\"brz-a\" target=\"\" href=\"\" title=\"\" rel=\"noopener\"><span class=\"brz-span\"><\/span><\/a>\n<ul class=\"brz-menu__sub-menu\"><\/ul>\n<\/li>\n<\/ul>\n<\/nav>\n<div class=\"brz-mm-menu__icon\"><\/div>\n<nav data-mods=\"%7B%22desktop%22%3A%22horizontal%22%2C%22tablet%22%3A%22horizontal%22%2C%22mobile%22%3A%22horizontal%22%7D\" id=\"pgucsmxcczdpczjtxcvudxyetycohzylhgug_\" class=\"brz-menu brz-menu__preview brz-menu__mmenu brz-menu--has-dropdown brz-css-1f05n3q\">\n<ul class=\"brz-menu__ul\" data-menu-items-active=\"\">\n<li data-menu-item-id=\"\" class=\"brz-menu__item \"><a class=\"brz-a\" target=\"\" href=\"\" title=\"\" rel=\"noopener\"><span class=\"brz-span\"><\/span><\/a>\n<ul class=\"brz-menu__sub-menu\"><\/ul>\n<\/li>\n<\/ul>\n<\/nav>\n<\/div>\n<\/div>\n<\/div>\n<\/div>\n<\/div>\n<\/div>\n<\/div>\n<\/div>\n<\/section>\n<section id=\"_moaijxiszdjjxkcpbutmiaicdduvvvvykfig\" class=\"brz-section brz-css-7gk4oy brz-css-1f2seyf\">\n<div class=\"brz-section__content brz-section--boxed brz-css-ukkgpq brz-css-o75fgv\" data-brz-custom-id=\"mbembwrxukjrqfmmbrdnnkatgycrvgkflbsm\">\n<div class=\"brz-bg\">\n<div class=\"brz-bg-image\"><\/div>\n<div class=\"brz-bg-color\"><\/div>\n<div class=\"brz-bg-shape brz-bg-shape__bottom\"><\/div>\n<\/div>\n<div class=\"brz-container brz-css-19u4pmg brz-css-136bici\"><\/div>\n<\/div>\n<\/section>\n<section id=\"_rptkxewzexnnpsnlrmskafdvluvoosfucvog\" class=\"brz-section brz-css-7gk4oy\">\n<div class=\"brz-section__content brz-section--boxed brz-css-ukkgpq brz-css-vza9co\" data-brz-custom-id=\"bhggyezwcsxcvtxprvdcypapnpphlmwqmodl\">\n<div class=\"brz-container brz-css-19u4pmg\">\n<div class=\"brz-row__container brz-css-nw7wr5\" data-brz-custom-id=\"jxtqubqsydfkmiuybrbjxfdrcvcdabiweghk\">\n<div class=\"brz-bg\"><\/div>\n<div class=\"brz-row brz-css-17xwtmr brz-css-rsjeg\">\n<div class=\"brz-columns brz-css-fxv1ch brz-css-1anta9o\" data-brz-custom-id=\"zwiatqputhcyxqjxfuktrqpzbukhvokcghnq\">\n<div class=\"brz-bg\"><\/div>\n<div class=\"brz-column__items brz-css-10w68yr brz-css-stpz3y\">\n<div id=\"\" class=\"brz-css-1dky2yv brz-css-kz2na0 brz-wrapper\">\n<div class=\"brz-rich-text brz-rich-text__custom brz-css-1f86cd4\" data-brz-custom-id=\"onefghklennulshzjezanhhavudvacrxlwsx\">\n<div data-brz-translate-text=\"1\">\n<p data-uniq-id=\"zvoft\" data-generated-css=\"brz-css-xryne\" class=\"brz-lh-lg-1_3 brz-ls-lg-0 brz-fw-lg-400 brz-fss-lg-px brz-fs-lg-18 brz-ft-google brz-ff-alata brz-tp-lg-paragraph brz-text-lg-justify brz-css-v6r82\"><span class=\"brz-cp-color7\">Somos una entidad que ejerce atribuciones de formulaci\u00f3n, transversalizaci\u00f3n, observancia, seguimiento y evaluaci\u00f3n de las pol\u00edticas p\u00fablicas de protecci\u00f3n de derechos aplicadas a nivel local y articuladas a las pol\u00edticas p\u00fablicas establecidas por el Municipio de Quinind\u00e9, Ministerios correspondientes y por los Consejos Nacionales para la Igualdad.<\/span><\/p>\n<\/div>\n<\/div>\n<\/div>\n<div id=\"\" class=\"brz-css-1dky2yv brz-css-178mqc1 brz-wrapper\">\n<div class=\"brz-rich-text brz-rich-text__custom brz-css-1f86cd4\" data-brz-custom-id=\"bewsntuhftbnjhxampbaxhlopomebjwsrrwa\">\n<div data-brz-translate-text=\"1\">\n<h2 class=\"brz-text-lg-left brz-tp-lg-heading2 brz-css-l894O\" data-uniq-id=\"fgwcj\" data-generated-css=\"brz-css-ukcll\"><\/h2>\n<\/div>\n<\/div>\n<\/div>\n<div id=\"\" class=\"brz-css-1dky2yv brz-css-a84s91 brz-wrapper\">\n<div class=\"brz-rich-text brz-rich-text__custom brz-css-1f86cd4\" data-brz-custom-id=\"iqgafiqljxcohsclicczhiglwgiuddnvchhc\">\n<div data-brz-translate-text=\"1\">\n<h2 class=\"brz-tp-lg-heading2 brz-text-lg-left brz-css-ae_5E\" data-generated-css=\"brz-css-nleev\" data-uniq-id=\"vldpg\"><span class=\"brz-cp-color2\">Visi\u00f3n<\/span><\/h2>\n<\/div>\n<\/div>\n<\/div>\n<div id=\"\" class=\"brz-css-1dky2yv brz-css-eaf60k brz-wrapper\">\n<div class=\"brz-spacer brz-css-12oytij brz-css-spdhva\"><\/div>\n<\/div>\n<div id=\"\" class=\"brz-css-1dky2yv brz-css-1926kk6 brz-wrapper\">\n<div class=\"brz-rich-text brz-rich-text__custom brz-css-1f86cd4\" data-brz-custom-id=\"fryoehlvoiltxoupqzugvadfqqeaqeogqqpt\">\n<div data-brz-translate-text=\"1\">\n<p class=\"brz-text-lg-justify brz-tp-lg-paragraph ql-align-justify brz-css-jZmhT\" data-generated-css=\"brz-css-rznww\" data-uniq-id=\"qdfwm\"><span class=\"brz-cp-color7\">Construir y proponer y vigilar la ejecuci\u00f3n de las pol\u00edticas p\u00fablicas que garanticen&nbsp; el ejercicio&nbsp; pleno de derechos de los grupos atenci\u00f3n prioritaria de nuestro cant\u00f3n, fortaleciendo su participaci\u00f3n, y la organizaci\u00f3n social y comunitaria; articulando la acci\u00f3n de organismos p\u00fablicos y privados, los planes&nbsp; de&nbsp; desarrollo cantonal y provincial, promoviendo la implementaci\u00f3n de los organismos del sistema en lo local y la formaci\u00f3n de capacidades humanas y especializadas, para la exigibilidad y cumplimiento de los derechos.&nbsp;&nbsp;&nbsp;&nbsp;&nbsp;&nbsp;&nbsp;&nbsp;&nbsp;&nbsp;&nbsp;&nbsp; <\/span><\/p>\n<\/div>\n<\/div>\n<\/div>\n<\/div>\n<\/div>\n<\/div>\n<\/div>\n<div id=\"\" class=\"brz-css-1dky2yv brz-css-eaf60k brz-wrapper\">\n<div class=\"brz-spacer brz-css-12oytij brz-css-10q9kux\"><\/div>\n<\/div>\n<div class=\"brz-row__container brz-css-nw7wr5\" data-brz-custom-id=\"vqxbxistfzjmyopbboluynvgteodgbvvqvrf\">\n<div class=\"brz-bg\"><\/div>\n<div class=\"brz-row brz-css-17xwtmr brz-css-rsjeg\">\n<div class=\"brz-columns brz-css-fxv1ch brz-css-1bn79m6\" data-brz-custom-id=\"ztppapveqlodgpznnnvlfpgfuojmuksrintf\">\n<div class=\"brz-bg\"><\/div>\n<div class=\"brz-column__items brz-css-10w68yr brz-css-1fqwwgy\">\n<div id=\"\" class=\"brz-css-1dky2yv brz-css-qtysmi brz-wrapper\">\n<div class=\"brz-rich-text brz-rich-text__custom brz-css-1f86cd4\" data-brz-custom-id=\"ljwizhbooqjiwsdzurhjhtljkfgdhxcfmyfb\">\n<div data-brz-translate-text=\"1\">\n<h2 class=\"brz-text-lg-left brz-tp-lg-heading2 brz-css-hyZTC\" data-uniq-id=\"spcik\" data-generated-css=\"brz-css-jheft\"><span class=\"brz-cp-color2\">Misi\u00f3n<\/span><\/h2>\n<\/div>\n<\/div>\n<\/div>\n<div id=\"\" class=\"brz-css-1dky2yv brz-css-eaf60k brz-wrapper\">\n<div class=\"brz-spacer brz-css-12oytij brz-css-1urqloz\"><\/div>\n<\/div>\n<div id=\"\" class=\"brz-css-1dky2yv brz-css-4nc7i7 brz-wrapper\">\n<div class=\"brz-rich-text brz-rich-text__custom brz-css-1f86cd4\" data-brz-custom-id=\"nkcrdaheqgwnuidpvhmwjpddylposcmwfrzw\">\n<div data-brz-translate-text=\"1\">\n<p class=\"brz-tp-lg-paragraph brz-text-lg-justify brz-css-uVlzd\" data-uniq-id=\"rokem\" data-generated-css=\"brz-css-uannk\"><span class=\"brz-cp-color7\">El Consejo Cantonal de Protecci\u00f3n&nbsp;&nbsp;&nbsp;de Derechos de Quinind\u00e8, es un organismo p\u00fablico reconocido socialmente como referente de probidad en la formulaci\u00f3n, Transversalizaci\u00f2n, observancia, seguimiento y evaluaci\u00f3n de pol\u00edticas p\u00fablicas, construidas con la participaci\u00f3n social de los actores locales, lo cual garantiza la protecci\u00f3n integral de los grupos vulnerables, bajo los principios de los inter\u00e9s superior, probidad absoluta, igualdad y no discriminaci\u00f3n, con responsabilidad del estado, la sociedad y la familia en cada uno de sus&nbsp;\u00e1mbitos, equidad social y de g\u00e9nero en el marco del con vivir y desarrollo humano.&nbsp;<\/span><\/p>\n<\/div>\n<\/div>\n<\/div>\n<\/div>\n<\/div>\n<\/div>\n<\/div>\n<div id=\"\" class=\"brz-css-1dky2yv brz-css-eaf60k brz-wrapper\">\n<div class=\"brz-spacer brz-css-12oytij brz-css-rz7zyt\"><\/div>\n<\/div>\n<div class=\"brz-row__container brz-css-nw7wr5\" data-brz-custom-id=\"ryqswoibykuakvrjiqkfshmavtqexkbnybek\">\n<div class=\"brz-bg\"><\/div>\n<div class=\"brz-row brz-css-17xwtmr brz-css-rsjeg\">\n<div class=\"brz-columns brz-css-fxv1ch brz-css-1vuvr2g\" data-brz-custom-id=\"tcbgtergekfhpbjyxtjmgrdladhualdudzoy\">\n<div class=\"brz-bg\"><\/div>\n<div class=\"brz-column__items brz-css-10w68yr brz-css-xp6k4c\">\n<div id=\"\" class=\"brz-css-1dky2yv brz-css-a2trf1 brz-wrapper\">\n<div class=\"brz-rich-text brz-rich-text__custom brz-css-1f86cd4\" data-brz-custom-id=\"zdckwaiprbttbvajrmgtekkypwjmcrqwqsoj\">\n<div data-brz-translate-text=\"1\">\n<h2 class=\"brz-text-lg-left brz-tp-lg-heading2 brz-css-lxqRn\" data-uniq-id=\"auele\" data-generated-css=\"brz-css-pwwyt\"><span class=\"brz-cp-color2\">Objetivos<\/span><\/h2>\n<\/div>\n<\/div>\n<\/div>\n<div id=\"\" class=\"brz-css-1dky2yv brz-css-eaf60k brz-wrapper\">\n<div class=\"brz-spacer brz-css-12oytij brz-css-5prmsj\"><\/div>\n<\/div>\n<div id=\"\" class=\"brz-css-1dky2yv brz-css-18h0h13 brz-wrapper\">\n<div class=\"brz-rich-text brz-rich-text__custom brz-css-1f86cd4\" data-brz-custom-id=\"gmpapnivwishabtrpqfjajjkjqpbykytcdif\">\n<div data-brz-translate-text=\"1\">\n<ul>\n<li class=\"brz-text-lg-left brz-tp-lg-paragraph brz-css-rOKxt\" data-generated-css=\"brz-css-srukh\" data-uniq-id=\"lcwyu\"><strong class=\"brz-cp-color7\">&nbsp;<\/strong><span class=\"brz-cp-color7\">Asegurar el ejercicio, garant\u00eda y exigibilidad de los derechos consagrados en la constituci\u00f3n y en los instrumentos internacionales.<\/span><\/li>\n<li class=\"brz-text-lg-left brz-tp-lg-paragraph brz-bcp-color7 brz-css-gJLjO\" data-generated-css=\"brz-css-kuszf\" data-uniq-id=\"dstrp\"><span class=\"brz-cp-color7\">Promover la articulaci\u00f3n, coordinaci\u00f3n y corresponsabilidad entre las entidades que conforman el Sistema Nacional de Inclusi\u00f3n y Equidad Social y sus sistemas especializados y la sociedad.<\/span><\/li>\n<\/ul>\n<\/div>\n<\/div>\n<\/div>\n<\/div>\n<\/div>\n<\/div>\n<\/div>\n<div id=\"\" class=\"brz-css-1dky2yv brz-css-eaf60k brz-wrapper\">\n<div class=\"brz-spacer brz-css-12oytij brz-css-x139yy\"><\/div>\n<\/div>\n<\/div>\n<\/div>\n<\/section>\n<section id=\"_rkmtpigupubvannsgdqjgytcdmqukmmzsgjl\" class=\"brz-section brz-css-7gk4oy\">\n<div class=\"brz-section__content brz-section--boxed brz-css-ukkgpq brz-css-1eog437\" data-brz-custom-id=\"ewhvxmmfthcmqhqfbufokpkietwgdwiklsvm\">\n<div class=\"brz-bg\"><\/div>\n<div class=\"brz-container brz-css-19u4pmg brz-css-7u6ilr\">\n<div class=\"brz-row__container brz-css-nw7wr5\" data-brz-custom-id=\"ewxmlqdyvbtyymsbuggdhabuzlshuyecswyv\">\n<div class=\"brz-bg\"><\/div>\n<div class=\"brz-row brz-css-17xwtmr brz-css-rsjeg\">\n<div class=\"brz-columns brz-css-fxv1ch brz-css-1fjq8ls\" data-brz-custom-id=\"cdehpchtdjdxxdpzhybvvuxwuvtxzpocbdrn\">\n<div class=\"brz-bg\">\n<div class=\"brz-bg-image\"><\/div>\n<\/div>\n<div class=\"brz-column__items brz-css-10w68yr brz-css-c7a0ir\">\n<div id=\"\" class=\"brz-css-1dky2yv brz-css-69zdjv brz-wrapper\">\n<div class=\"brz-rich-text brz-rich-text__custom brz-css-1f86cd4\" data-brz-custom-id=\"xnnyyjbqdqbtdcwzedbpbyjjhskkvwldqqrn\">\n<div data-brz-translate-text=\"1\">\n<p class=\"brz-tp-lg-heading3 brz-css-tZHc9\" data-generated-css=\"brz-css-xgqnv\" data-uniq-id=\"zkgpw\"><\/p>\n<\/div>\n<\/div>\n<\/div>\n<div id=\"\" class=\"brz-css-1dky2yv brz-css-eaf60k brz-wrapper\">\n<div class=\"brz-spacer brz-css-12oytij brz-css-uwy99j\"><\/div>\n<\/div>\n<\/div>\n<\/div>\n<div class=\"brz-columns brz-css-fxv1ch\" data-brz-custom-id=\"zvwxdpafdgvcssjomrujxhajpsneyudmodai\">\n<div class=\"brz-bg\"><\/div>\n<div class=\"brz-column__items brz-css-10w68yr\">\n<div id=\"\" class=\"brz-css-1dky2yv brz-wrapper\">\n<div class=\"brz-map brz-map_styles brz-css-kb2i90\" data-brz-custom-id=\"ciampzxwpgnyhvzxptwixufqslfsgfchfjse\">\n<div class=\"brz-ui-ed-map-content\"><\/div>\n<\/div>\n<\/div>\n<\/div>\n<\/div>\n<\/div>\n<\/div>\n<\/div>\n<\/div>\n<\/section>\n<\/div>\n<p>    <!-- version:1737039143 --><\/p>\n","protected":false},"excerpt":{"rendered":"<p>Somos una entidad que ejerce atribuciones de formulaci\u00f3n, transversalizaci\u00f3n, observancia, seguimiento y evaluaci\u00f3n de las pol\u00edticas p\u00fablicas de protecci\u00f3n de derechos aplicadas a nivel local y articuladas a las pol\u00edticas p\u00fablicas establecidas por el Municipio de Quinind\u00e9, Ministerios correspondientes y por los Consejos Nacionales para la Igualdad. Visi\u00f3n Construir y proponer y vigilar la ejecuci\u00f3n&#8230;<\/p>\n","protected":false},"author":1,"featured_media":0,"parent":0,"menu_order":0,"comment_status":"closed","ping_status":"open","template":"brizy-blank-template.php","meta":{"_monsterinsights_skip_tracking":false,"_monsterinsights_sitenote_active":false,"_monsterinsights_sitenote_note":"","_monsterinsights_sitenote_category":0,"_kad_post_transparent":"","_kad_post_title":"","_kad_post_layout":"","_kad_post_sidebar_id":"","_kad_post_content_style":"","_kad_post_vertical_padding":"","_kad_post_feature":"","_kad_post_feature_position":"","_kad_post_header":false,"_kad_post_footer":false,"footnotes":""},"class_list":["post-709","page","type-page","status-publish","hentry"],"aioseo_notices":[],"brizy_media":[{"id":1031,"url":"https:\/\/ccpdq.gob.ec\/wp-content\/uploads\/2022\/09\/292524915_554916979463513_8931566948363206314_n.jpg","name":"292524915_554916979463513_8931566948363206314_n.jpg","meta":{"brizy_attachment_uid":"wp-c9defeec1a6c1c108bda93d574019e75.jpg","brizy_post_uid":["c36f4eef6df4a6206df804c5b9c39be3","9a8e2e8b78ea9decc54a6b2957220a12","b7da6e614353e33119c9f0dd2a510b16","df774c7df8a648a719e4c35a72b26abe","cde66c36b3a14c216facd5cfec5e4af7"]}},{"id":1034,"url":"https:\/\/ccpdq.gob.ec\/wp-content\/uploads\/2022\/09\/Sistema-de-Protecion-de-derechos-01.png","name":"Sistema-de-Protecion-de-derechos-01.png","meta":{"brizy_attachment_uid":"wp-83806cb0134b273ec2b4f10a4080c58f.png","brizy_post_uid":["b7da6e614353e33119c9f0dd2a510b16","af262eefc26bdf1002d159503e3bdbbc","df774c7df8a648a719e4c35a72b26abe","daf309f5d9fb08eedddbfa1c2a5c2a4a","ed8baf1b58a30534c337a7265caea89d","796a690333efc64e78082d084c1588fd"]}},{"id":7246,"url":"https:\/\/ccpdq.gob.ec\/wp-content\/uploads\/2023\/05\/LOGOS-CONCEJO-PNG-031.jpg","name":"LOGOS-CONCEJO-PNG-031.jpg","meta":{"brizy_attachment_uid":"wp-9b886d0be7c0aa1b57e4ef6aa619bd22.jpg","brizy_post_uid":["c36f4eef6df4a6206df804c5b9c39be3","b7da6e614353e33119c9f0dd2a510b16","af262eefc26bdf1002d159503e3bdbbc","daf309f5d9fb08eedddbfa1c2a5c2a4a","9d180321b07beaf18673681bee0c7dc4","b5223edfbd6ad6c564983e372c634ef8","319172e17029b29a1303cae5284ca19e"]}},{"id":7249,"url":"https:\/\/ccpdq.gob.ec\/wp-content\/uploads\/2023\/05\/LOGOS-CONCEJO-PNG_Mesa-de-trabajo-11.jpg","name":"LOGOS-CONCEJO-PNG_Mesa-de-trabajo-11.jpg","meta":{"brizy_attachment_uid":"wp-67bff15e9c0bae638553903f4e6d7d75.jpg","brizy_post_uid":["c36f4eef6df4a6206df804c5b9c39be3","b7da6e614353e33119c9f0dd2a510b16","1b2110b1c05a3169bd3a93c2c7fabdbe","daf309f5d9fb08eedddbfa1c2a5c2a4a","e29dc3a3d9165047e68e1e918638d7e6","9d180321b07beaf18673681bee0c7dc4","b5223edfbd6ad6c564983e372c634ef8","319172e17029b29a1303cae5284ca19e","60282ba9b4b8625e7188dea616f6e23d","d45ae1109117571b9f956a92b0ab92a9","e04ee0431cdbd73126a64e5f2602a26f"]}},{"id":7741,"url":"https:\/\/ccpdq.gob.ec\/wp-content\/uploads\/2023\/08\/LOGO-270x240-.png","name":"LOGO-270x240-.png","meta":{"brizy_attachment_uid":"wp-70c1e710351a24f8fc99e1e24fd8713d.png","brizy_post_uid":["c36f4eef6df4a6206df804c5b9c39be3","9d180321b07beaf18673681bee0c7dc4","b7da6e614353e33119c9f0dd2a510b16","ed8baf1b58a30534c337a7265caea89d","daf309f5d9fb08eedddbfa1c2a5c2a4a","e29dc3a3d9165047e68e1e918638d7e6","9a8e2e8b78ea9decc54a6b2957220a12"]}},{"id":7749,"url":"https:\/\/ccpdq.gob.ec\/wp-content\/uploads\/2023\/08\/LOGO-570x510-1.png","name":"LOGO-570x510-1.png","meta":{"brizy_attachment_uid":"wp-1c7e6d1ecec69ee2094c860ac6669406.png","brizy_post_uid":["c36f4eef6df4a6206df804c5b9c39be3","9d180321b07beaf18673681bee0c7dc4","5cf195472ecb705e2e4aaae788dec4b2","b5223edfbd6ad6c564983e372c634ef8","b7da6e614353e33119c9f0dd2a510b16","ed8baf1b58a30534c337a7265caea89d","319172e17029b29a1303cae5284ca19e","e04ee0431cdbd73126a64e5f2602a26f","d45ae1109117571b9f956a92b0ab92a9","60282ba9b4b8625e7188dea616f6e23d","daf309f5d9fb08eedddbfa1c2a5c2a4a"]}},{"id":8116,"url":"https:\/\/ccpdq.gob.ec\/wp-content\/uploads\/2024\/01\/iiii.jpg","name":"iiii.jpg","meta":{"brizy_attachment_uid":"wp-47a779b8a0d82890f4444f98a5f0a795.jpg","brizy_post_uid":["b7da6e614353e33119c9f0dd2a510b16"]}},{"id":8117,"url":"https:\/\/ccpdq.gob.ec\/wp-content\/uploads\/2024\/01\/LGBTIQ-2023-FESTIVIDADES.jpg","name":"LGBTIQ-2023-FESTIVIDADES.jpg","meta":{"brizy_attachment_uid":"wp-2445f02cb0189ca1aad4a5865ae68780.jpg","brizy_post_uid":["b7da6e614353e33119c9f0dd2a510b16"]}}],"_links":{"self":[{"href":"https:\/\/ccpdq.gob.ec\/index.php\/wp-json\/wp\/v2\/pages\/709","targetHints":{"allow":["GET"]}}],"collection":[{"href":"https:\/\/ccpdq.gob.ec\/index.php\/wp-json\/wp\/v2\/pages"}],"about":[{"href":"https:\/\/ccpdq.gob.ec\/index.php\/wp-json\/wp\/v2\/types\/page"}],"author":[{"embeddable":true,"href":"https:\/\/ccpdq.gob.ec\/index.php\/wp-json\/wp\/v2\/users\/1"}],"replies":[{"embeddable":true,"href":"https:\/\/ccpdq.gob.ec\/index.php\/wp-json\/wp\/v2\/comments?post=709"}],"version-history":[{"count":30,"href":"https:\/\/ccpdq.gob.ec\/index.php\/wp-json\/wp\/v2\/pages\/709\/revisions"}],"predecessor-version":[{"id":9273,"href":"https:\/\/ccpdq.gob.ec\/index.php\/wp-json\/wp\/v2\/pages\/709\/revisions\/9273"}],"wp:attachment":[{"href":"https:\/\/ccpdq.gob.ec\/index.php\/wp-json\/wp\/v2\/media?parent=709"}],"curies":[{"name":"wp","href":"https:\/\/api.w.org\/{rel}","templated":true}]}}