{"id":715,"date":"2022-09-05T11:43:35","date_gmt":"2022-09-05T16:43:35","guid":{"rendered":"https:\/\/ccpdq.gob.ec\/?page_id=715"},"modified":"2025-11-07T11:06:22","modified_gmt":"2025-11-07T16:06:22","slug":"reglamento-funcional","status":"publish","type":"page","link":"https:\/\/ccpdq.gob.ec\/index.php\/reglamento-funcional\/","title":{"rendered":"Reglamento funcional"},"content":{"rendered":"<div class=\"brz brz-root__container brz-reset-all brz-root__container-page\" >\n<section id=\"glcjbpdvkveemvipdurehuzvzefzqaokemjc_glcjbpdvkveemvipdurehuzvzefzqaokemjc\" class=\"brz-section brz-css-1aeperw brz-css-a5h2mt\">\n<div class=\"brz-section__content brz-section--boxed brz-css-1nlrvep brz-css-kncgno\" data-brz-custom-id=\"ccgmvwuadcgoxrqctgskglfrzkplqjmyfurg\">\n<div class=\"brz-bg\">\n<div class=\"brz-bg-image\"><\/div>\n<div class=\"brz-bg-color\"><\/div>\n<\/div>\n<div class=\"brz-container brz-css-1fzd6e6 brz-css-lqxs5k\">\n<div id=\"\" class=\"brz-css-1hgdenn brz-css-1m9gff brz-wrapper\">\n<div class=\"brz-menu__container brz-css-1ootfgr brz-css-480npt\" data-mmenu-id=\"#zprmgxeojzovczlvljhsvzbxpinousjnrqhz_a465108f09f039c31d26\" data-mmenu-position=\"position-left\" data-mmenu-title=\"Menu\" data-mmenu-stickytitle=\"on\" data-mmenu-isslider=\"false\" data-mmenu-closingicon=\"%7B%22desktop%22%3A%22off%22%2C%22tablet%22%3A%22off%22%2C%22mobile%22%3A%22off%22%7D\" data-brz-custom-id=\"zprmgxeojzovczlvljhsvzbxpinousjnrqhz\">\n<nav data-mods=\"%7B%22desktop%22%3A%22horizontal%22%2C%22tablet%22%3A%22horizontal%22%2C%22mobile%22%3A%22horizontal%22%7D\" class=\"brz-menu brz-menu__preview brz-css-1j6y5ys brz-css-crntdh\">\n<ul class=\"brz-menu__ul\" data-menu-items-active=\"\">\n<li data-menu-item-id=\"309d2a6f6286a1ea190bb134f26065c0\" class=\"brz-menu__item menu-item menu-item-type-post_type menu-item-object-page\"><a class=\"brz-a\" target=\"\" href=\"https:\/\/ccpdq.gob.ec\/index.php\/institucion\/\" title=\"\"><span class=\"brz-span\">INSTITUCI\u00d3N<\/span><\/a>\n<ul class=\"brz-menu__sub-menu\">\n<li data-menu-item-id=\"a436188b2890aff1bdd082a049dbbfcb\" class=\"brz-menu__item menu-item menu-item-type-post_type menu-item-object-page\"><a class=\"brz-a\" target=\"\" href=\"https:\/\/ccpdq.gob.ec\/index.php\/quienes-somos\/\" title=\"\"><span class=\"brz-span\">QUIENES SOMOS<\/span><\/a><\/li>\n<li data-menu-item-id=\"296678949e4c8691505b2a39e2db894b\" class=\"brz-menu__item menu-item menu-item-type-post_type menu-item-object-page\"><a class=\"brz-a\" target=\"\" href=\"https:\/\/ccpdq.gob.ec\/index.php\/nuestras-autoridades\/\" title=\"\"><span class=\"brz-span\">NUESTRAS AUTORIDADES<\/span><\/a><\/li>\n<li data-menu-item-id=\"5659b65e459be4704cd1c4c49fdb7a73\" class=\"brz-menu__item menu-item menu-item-type-post_type menu-item-object-page\"><a class=\"brz-a\" target=\"\" href=\"https:\/\/ccpdq.gob.ec\/index.php\/funciones-y-atribuciones\/\" title=\"\"><span class=\"brz-span\">FUNCIONES Y ATRIBUCIONES<\/span><\/a><\/li>\n<li data-menu-item-id=\"79cc7fa1e3f87ac313547890faafadd5\" class=\"brz-menu__item menu-item menu-item-type-post_type menu-item-object-page\"><a class=\"brz-a\" target=\"\" href=\"https:\/\/ccpdq.gob.ec\/index.php\/reglamento-interno\/\" title=\"\"><span class=\"brz-span\">REGLAMENTO INTERNO<\/span><\/a><\/li>\n<li data-menu-item-id=\"07d89a13558f8c2d1d1dea74c30d838e\" class=\"brz-menu__item menu-item menu-item-type-post_type menu-item-object-page\"><a class=\"brz-a\" target=\"\" href=\"https:\/\/ccpdq.gob.ec\/index.php\/organigrama\/\" title=\"\"><span class=\"brz-span\">ORGANIGRAMA<\/span><\/a><\/li>\n<li data-menu-item-id=\"79fc91b805013277b28b281b4d0d30e0\" class=\"brz-menu__item menu-item menu-item-type-post_type menu-item-object-page\"><a class=\"brz-a\" target=\"\" href=\"https:\/\/ccpdq.gob.ec\/index.php\/reglamento-funcional\/\" title=\"\"><span class=\"brz-span\">REGLAMENTO FUNCIONAL ORG\u00c1NICO<\/span><\/a><\/li>\n<\/ul>\n<\/li>\n<li data-menu-item-id=\"744e6dff16fac074fee12e52fcd7efd0\" class=\"brz-menu__item menu-item menu-item-type-post_type menu-item-object-page\"><a class=\"brz-a\" target=\"\" href=\"https:\/\/ccpdq.gob.ec\/index.php\/junta-cantonal\/\" title=\"\"><span class=\"brz-span\">JUNTA CANTONAL<\/span><\/a>\n<ul class=\"brz-menu__sub-menu\">\n<li data-menu-item-id=\"ce8c91477269bb184788ea590b5d05b3\" class=\"brz-menu__item menu-item menu-item-type-post_type menu-item-object-page\"><a class=\"brz-a\" target=\"\" href=\"https:\/\/ccpdq.gob.ec\/index.php\/funciones\/\" title=\"\"><span class=\"brz-span\">FUNCIONES<\/span><\/a><\/li>\n<li data-menu-item-id=\"da26cd18eeb5b3568c19db1cc183c185\" class=\"brz-menu__item menu-item menu-item-type-post_type menu-item-object-page\"><a class=\"brz-a\" target=\"\" href=\"https:\/\/ccpdq.gob.ec\/index.php\/proceso-de-denuncias\/\" title=\"\"><span class=\"brz-span\">PROCESO DE DENUNCIAS<\/span><\/a><\/li>\n<li data-menu-item-id=\"7529582473fe9b21f3200007530f4d8d\" class=\"brz-menu__item menu-item menu-item-type-post_type menu-item-object-page\"><a class=\"brz-a\" target=\"\" href=\"https:\/\/ccpdq.gob.ec\/index.php\/contactenos\/\" title=\"\"><span class=\"brz-span\">CONT\u00c1CTANOS<\/span><\/a><\/li>\n<\/ul>\n<\/li>\n<li data-menu-item-id=\"5bd7e79cbbf579200758ac7360d4d898\" class=\"brz-menu__item menu-item menu-item-type-post_type menu-item-object-page\"><a class=\"brz-a\" target=\"\" href=\"https:\/\/ccpdq.gob.ec\/index.php\/transparencia\/\" title=\"\"><span class=\"brz-span\">TRANSPARENCIA<\/span><\/a>\n<ul class=\"brz-menu__sub-menu\">\n<li data-menu-item-id=\"9ed0cc53bffc74e10a7a74805f87bd87\" class=\"brz-menu__item menu-item menu-item-type-post_type menu-item-object-page\"><a class=\"brz-a\" target=\"\" href=\"https:\/\/ccpdq.gob.ec\/index.php\/2021-2\/\" title=\"\"><span class=\"brz-span\">2021<\/span><\/a><\/li>\n<li data-menu-item-id=\"789b9f4916c6622c34334e8a71e9c6e2\" class=\"brz-menu__item menu-item menu-item-type-post_type menu-item-object-page\"><a class=\"brz-a\" target=\"\" href=\"https:\/\/ccpdq.gob.ec\/index.php\/2022-2\/\" title=\"\"><span class=\"brz-span\">2022<\/span><\/a><\/li>\n<li data-menu-item-id=\"854fff4fab856dcb24a1c0270d0262da\" class=\"brz-menu__item menu-item menu-item-type-post_type menu-item-object-page\"><a class=\"brz-a\" target=\"\" href=\"https:\/\/ccpdq.gob.ec\/index.php\/2023-2\/\" title=\"\"><span class=\"brz-span\">2023<\/span><\/a><\/li>\n<li data-menu-item-id=\"4c2fa0bfa995eafb03232f587f0844bb\" class=\"brz-menu__item menu-item menu-item-type-post_type menu-item-object-page\"><a class=\"brz-a\" target=\"\" href=\"https:\/\/ccpdq.gob.ec\/index.php\/2024-2\/\" title=\"\"><span class=\"brz-span\">2024<\/span><\/a><\/li>\n<li data-menu-item-id=\"cfca4765792ad4f2e4c84b38f2db57ff\" class=\"brz-menu__item menu-item menu-item-type-post_type menu-item-object-page\"><a class=\"brz-a\" target=\"\" href=\"https:\/\/ccpdq.gob.ec\/index.php\/rendicion-de-cuentas\/\" title=\"\"><span class=\"brz-span\">\u2014 RENDICI\u00d3N DE CUENTAS \u2014<\/span><\/a><\/li>\n<li data-menu-item-id=\"f1d667d21ce8155d0625a3e073b1dc7c\" class=\"brz-menu__item menu-item menu-item-type-post_type menu-item-object-page\"><a class=\"brz-a\" target=\"\" href=\"https:\/\/ccpdq.gob.ec\/index.php\/ordenanzas\/\" title=\"\"><span class=\"brz-span\">ORDENANZAS<\/span><\/a><\/li>\n<li data-menu-item-id=\"57d2a850b76f4cf554288e1e04f3fe59\" class=\"brz-menu__item menu-item menu-item-type-post_type menu-item-object-page\"><a class=\"brz-a\" target=\"\" href=\"https:\/\/ccpdq.gob.ec\/index.php\/resoluciones\/\" title=\"\"><span class=\"brz-span\">RESOLUCIONES<\/span><\/a><\/li>\n<li data-menu-item-id=\"b875e42ad6822a0d728a0e075eefb866\" class=\"brz-menu__item menu-item menu-item-type-post_type menu-item-object-page\"><a class=\"brz-a\" target=\"\" href=\"https:\/\/ccpdq.gob.ec\/index.php\/reglamentos\/\" title=\"\"><span class=\"brz-span\">REGLAMENTOS<\/span><\/a><\/li>\n<li data-menu-item-id=\"1eb12438d190bf0ea086014728f2b47b\" class=\"brz-menu__item menu-item menu-item-type-custom menu-item-object-custom\"><a class=\"brz-a\" target=\"\" href=\"#\" title=\"\"><span class=\"brz-span\">ENLACES<\/span><\/a><\/li>\n<li data-menu-item-id=\"0470f8ec480aa272df9cff3091346558\" class=\"brz-menu__item menu-item menu-item-type-post_type menu-item-object-page\"><a class=\"brz-a\" target=\"\" href=\"https:\/\/ccpdq.gob.ec\/index.php\/defensoria-del-pueblo\/\" title=\"\"><span class=\"brz-span\">DEFENSOR\u00cdA DEL PUEBLO<\/span><\/a><\/li>\n<li data-menu-item-id=\"e8fbf552ef3e3914549c2328e18bfdca\" class=\"brz-menu__item menu-item menu-item-type-post_type menu-item-object-page\"><a class=\"brz-a\" target=\"\" href=\"https:\/\/ccpdq.gob.ec\/index.php\/comite-de-transparencia\/\" title=\"\"><span class=\"brz-span\">COMIT\u00c9 DE TRANSPARENCIA<\/span><\/a><\/li>\n<\/ul>\n<\/li>\n<li data-menu-item-id=\"de659f9dadbddfa8a9478ad2fffad419\" class=\"brz-menu__item menu-item menu-item-type-post_type menu-item-object-page\"><a class=\"brz-a\" target=\"\" href=\"https:\/\/ccpdq.gob.ec\/index.php\/contactenos-2\/\" title=\"\"><span class=\"brz-span\">CONT\u00c1CTENOS<\/span><\/a><\/li>\n<li data-menu-item-id=\"e8bd9032156578a3d624ec790453e905\" class=\"brz-menu__item menu-item menu-item-type-post_type menu-item-object-page\"><a class=\"brz-a\" target=\"\" href=\"https:\/\/ccpdq.gob.ec\/index.php\/__trashed\/\" title=\"\"><span class=\"brz-span\">PROYECTOS<\/span><\/a>\n<ul class=\"brz-menu__sub-menu\">\n<li data-menu-item-id=\"6f6300e53f59a61254f5033ad04934d0\" class=\"brz-menu__item menu-item menu-item-type-post_type menu-item-object-page\"><a class=\"brz-a\" target=\"\" href=\"https:\/\/ccpdq.gob.ec\/index.php\/publicaciones\/\" title=\"\"><span class=\"brz-span\">GALER\u00cdA<\/span><\/a><\/li>\n<\/ul>\n<\/li>\n<\/ul>\n<\/nav>\n<div class=\"brz-mm-menu__icon\" data-brz-brz-mmenu-icon=\"off\"><\/div>\n<nav data-mods=\"%7B%22desktop%22%3A%22horizontal%22%2C%22tablet%22%3A%22horizontal%22%2C%22mobile%22%3A%22horizontal%22%7D\" id=\"zprmgxeojzovczlvljhsvzbxpinousjnrqhz_a465108f09f039c31d26\" class=\"brz-menu brz-menu__preview brz-menu__mmenu brz-menu--has-dropdown brz-css-zlm9hf brz-css-1ghcz81\">\n<ul class=\"brz-menu__ul\" data-menu-items-active=\"\">\n<li data-menu-item-id=\"309d2a6f6286a1ea190bb134f26065c0\" class=\"brz-menu__item menu-item menu-item-type-post_type menu-item-object-page\"><a class=\"brz-a\" target=\"\" href=\"https:\/\/ccpdq.gob.ec\/index.php\/institucion\/\" title=\"\"><span class=\"brz-span\">INSTITUCI\u00d3N<\/span><\/a>\n<ul class=\"brz-menu__sub-menu\">\n<li data-menu-item-id=\"a436188b2890aff1bdd082a049dbbfcb\" class=\"brz-menu__item menu-item menu-item-type-post_type menu-item-object-page\"><a class=\"brz-a\" target=\"\" href=\"https:\/\/ccpdq.gob.ec\/index.php\/quienes-somos\/\" title=\"\"><span class=\"brz-span\">QUIENES SOMOS<\/span><\/a><\/li>\n<li data-menu-item-id=\"296678949e4c8691505b2a39e2db894b\" class=\"brz-menu__item menu-item menu-item-type-post_type menu-item-object-page\"><a class=\"brz-a\" target=\"\" href=\"https:\/\/ccpdq.gob.ec\/index.php\/nuestras-autoridades\/\" title=\"\"><span class=\"brz-span\">NUESTRAS AUTORIDADES<\/span><\/a><\/li>\n<li data-menu-item-id=\"5659b65e459be4704cd1c4c49fdb7a73\" class=\"brz-menu__item menu-item menu-item-type-post_type menu-item-object-page\"><a class=\"brz-a\" target=\"\" href=\"https:\/\/ccpdq.gob.ec\/index.php\/funciones-y-atribuciones\/\" title=\"\"><span class=\"brz-span\">FUNCIONES Y ATRIBUCIONES<\/span><\/a><\/li>\n<li data-menu-item-id=\"79cc7fa1e3f87ac313547890faafadd5\" class=\"brz-menu__item menu-item menu-item-type-post_type menu-item-object-page\"><a class=\"brz-a\" target=\"\" href=\"https:\/\/ccpdq.gob.ec\/index.php\/reglamento-interno\/\" title=\"\"><span class=\"brz-span\">REGLAMENTO INTERNO<\/span><\/a><\/li>\n<li data-menu-item-id=\"07d89a13558f8c2d1d1dea74c30d838e\" class=\"brz-menu__item menu-item menu-item-type-post_type menu-item-object-page\"><a class=\"brz-a\" target=\"\" href=\"https:\/\/ccpdq.gob.ec\/index.php\/organigrama\/\" title=\"\"><span class=\"brz-span\">ORGANIGRAMA<\/span><\/a><\/li>\n<li data-menu-item-id=\"79fc91b805013277b28b281b4d0d30e0\" class=\"brz-menu__item menu-item menu-item-type-post_type menu-item-object-page\"><a class=\"brz-a\" target=\"\" href=\"https:\/\/ccpdq.gob.ec\/index.php\/reglamento-funcional\/\" title=\"\"><span class=\"brz-span\">REGLAMENTO FUNCIONAL ORG\u00c1NICO<\/span><\/a><\/li>\n<\/ul>\n<\/li>\n<li data-menu-item-id=\"744e6dff16fac074fee12e52fcd7efd0\" class=\"brz-menu__item menu-item menu-item-type-post_type menu-item-object-page\"><a class=\"brz-a\" target=\"\" href=\"https:\/\/ccpdq.gob.ec\/index.php\/junta-cantonal\/\" title=\"\"><span class=\"brz-span\">JUNTA CANTONAL<\/span><\/a>\n<ul class=\"brz-menu__sub-menu\">\n<li data-menu-item-id=\"ce8c91477269bb184788ea590b5d05b3\" class=\"brz-menu__item menu-item menu-item-type-post_type menu-item-object-page\"><a class=\"brz-a\" target=\"\" href=\"https:\/\/ccpdq.gob.ec\/index.php\/funciones\/\" title=\"\"><span class=\"brz-span\">FUNCIONES<\/span><\/a><\/li>\n<li data-menu-item-id=\"da26cd18eeb5b3568c19db1cc183c185\" class=\"brz-menu__item menu-item menu-item-type-post_type menu-item-object-page\"><a class=\"brz-a\" target=\"\" href=\"https:\/\/ccpdq.gob.ec\/index.php\/proceso-de-denuncias\/\" title=\"\"><span class=\"brz-span\">PROCESO DE DENUNCIAS<\/span><\/a><\/li>\n<li data-menu-item-id=\"7529582473fe9b21f3200007530f4d8d\" class=\"brz-menu__item menu-item menu-item-type-post_type menu-item-object-page\"><a class=\"brz-a\" target=\"\" href=\"https:\/\/ccpdq.gob.ec\/index.php\/contactenos\/\" title=\"\"><span class=\"brz-span\">CONT\u00c1CTANOS<\/span><\/a><\/li>\n<\/ul>\n<\/li>\n<li data-menu-item-id=\"5bd7e79cbbf579200758ac7360d4d898\" class=\"brz-menu__item menu-item menu-item-type-post_type menu-item-object-page\"><a class=\"brz-a\" target=\"\" href=\"https:\/\/ccpdq.gob.ec\/index.php\/transparencia\/\" title=\"\"><span class=\"brz-span\">TRANSPARENCIA<\/span><\/a>\n<ul class=\"brz-menu__sub-menu\">\n<li data-menu-item-id=\"9ed0cc53bffc74e10a7a74805f87bd87\" class=\"brz-menu__item menu-item menu-item-type-post_type menu-item-object-page\"><a class=\"brz-a\" target=\"\" href=\"https:\/\/ccpdq.gob.ec\/index.php\/2021-2\/\" title=\"\"><span class=\"brz-span\">2021<\/span><\/a><\/li>\n<li data-menu-item-id=\"789b9f4916c6622c34334e8a71e9c6e2\" class=\"brz-menu__item menu-item menu-item-type-post_type menu-item-object-page\"><a class=\"brz-a\" target=\"\" href=\"https:\/\/ccpdq.gob.ec\/index.php\/2022-2\/\" title=\"\"><span class=\"brz-span\">2022<\/span><\/a><\/li>\n<li data-menu-item-id=\"854fff4fab856dcb24a1c0270d0262da\" class=\"brz-menu__item menu-item menu-item-type-post_type menu-item-object-page\"><a class=\"brz-a\" target=\"\" href=\"https:\/\/ccpdq.gob.ec\/index.php\/2023-2\/\" title=\"\"><span class=\"brz-span\">2023<\/span><\/a><\/li>\n<li data-menu-item-id=\"4c2fa0bfa995eafb03232f587f0844bb\" class=\"brz-menu__item menu-item menu-item-type-post_type menu-item-object-page\"><a class=\"brz-a\" target=\"\" href=\"https:\/\/ccpdq.gob.ec\/index.php\/2024-2\/\" title=\"\"><span class=\"brz-span\">2024<\/span><\/a><\/li>\n<li data-menu-item-id=\"cfca4765792ad4f2e4c84b38f2db57ff\" class=\"brz-menu__item menu-item menu-item-type-post_type menu-item-object-page\"><a class=\"brz-a\" target=\"\" href=\"https:\/\/ccpdq.gob.ec\/index.php\/rendicion-de-cuentas\/\" title=\"\"><span class=\"brz-span\">\u2014 RENDICI\u00d3N DE CUENTAS \u2014<\/span><\/a><\/li>\n<li data-menu-item-id=\"f1d667d21ce8155d0625a3e073b1dc7c\" class=\"brz-menu__item menu-item menu-item-type-post_type menu-item-object-page\"><a class=\"brz-a\" target=\"\" href=\"https:\/\/ccpdq.gob.ec\/index.php\/ordenanzas\/\" title=\"\"><span class=\"brz-span\">ORDENANZAS<\/span><\/a><\/li>\n<li data-menu-item-id=\"57d2a850b76f4cf554288e1e04f3fe59\" class=\"brz-menu__item menu-item menu-item-type-post_type menu-item-object-page\"><a class=\"brz-a\" target=\"\" href=\"https:\/\/ccpdq.gob.ec\/index.php\/resoluciones\/\" title=\"\"><span class=\"brz-span\">RESOLUCIONES<\/span><\/a><\/li>\n<li data-menu-item-id=\"b875e42ad6822a0d728a0e075eefb866\" class=\"brz-menu__item menu-item menu-item-type-post_type menu-item-object-page\"><a class=\"brz-a\" target=\"\" href=\"https:\/\/ccpdq.gob.ec\/index.php\/reglamentos\/\" title=\"\"><span class=\"brz-span\">REGLAMENTOS<\/span><\/a><\/li>\n<li data-menu-item-id=\"1eb12438d190bf0ea086014728f2b47b\" class=\"brz-menu__item menu-item menu-item-type-custom menu-item-object-custom\"><a class=\"brz-a\" target=\"\" href=\"#\" title=\"\"><span class=\"brz-span\">ENLACES<\/span><\/a><\/li>\n<li data-menu-item-id=\"0470f8ec480aa272df9cff3091346558\" class=\"brz-menu__item menu-item menu-item-type-post_type menu-item-object-page\"><a class=\"brz-a\" target=\"\" href=\"https:\/\/ccpdq.gob.ec\/index.php\/defensoria-del-pueblo\/\" title=\"\"><span class=\"brz-span\">DEFENSOR\u00cdA DEL PUEBLO<\/span><\/a><\/li>\n<li data-menu-item-id=\"e8fbf552ef3e3914549c2328e18bfdca\" class=\"brz-menu__item menu-item menu-item-type-post_type menu-item-object-page\"><a class=\"brz-a\" target=\"\" href=\"https:\/\/ccpdq.gob.ec\/index.php\/comite-de-transparencia\/\" title=\"\"><span class=\"brz-span\">COMIT\u00c9 DE TRANSPARENCIA<\/span><\/a><\/li>\n<\/ul>\n<\/li>\n<li data-menu-item-id=\"de659f9dadbddfa8a9478ad2fffad419\" class=\"brz-menu__item menu-item menu-item-type-post_type menu-item-object-page\"><a class=\"brz-a\" target=\"\" href=\"https:\/\/ccpdq.gob.ec\/index.php\/contactenos-2\/\" title=\"\"><span class=\"brz-span\">CONT\u00c1CTENOS<\/span><\/a><\/li>\n<li data-menu-item-id=\"e8bd9032156578a3d624ec790453e905\" class=\"brz-menu__item menu-item menu-item-type-post_type menu-item-object-page\"><a class=\"brz-a\" target=\"\" href=\"https:\/\/ccpdq.gob.ec\/index.php\/__trashed\/\" title=\"\"><span class=\"brz-span\">PROYECTOS<\/span><\/a>\n<ul class=\"brz-menu__sub-menu\">\n<li data-menu-item-id=\"6f6300e53f59a61254f5033ad04934d0\" class=\"brz-menu__item menu-item menu-item-type-post_type menu-item-object-page\"><a class=\"brz-a\" target=\"\" href=\"https:\/\/ccpdq.gob.ec\/index.php\/publicaciones\/\" title=\"\"><span class=\"brz-span\">GALER\u00cdA<\/span><\/a><\/li>\n<\/ul>\n<\/li>\n<\/ul>\n<\/nav>\n<\/div>\n<\/div>\n<div id=\"\" class=\"brz-css-1hgdenn brz-css-1yz1sr0 brz-wrapper\">\n<div class=\"brz-rich-text brz-rich-text__custom brz-css-146t3pj brz-css-1scs10r\" data-brz-custom-id=\"wazzjdwymowbscsdtlelswhlnmguocbgxbrq\">\n<div data-brz-translate-text=\"1\">\n<h1 class=\"brz-lh-lg-1_3 brz-ls-lg-0 brz-fw-lg-400 brz-fss-lg-px brz-fs-lg-65 brz-ft-google brz-ff-prata brz-tp-lg-empty brz-text-lg-center brz-css-fxiVY\" data-generated-css=\"brz-css-dmvck\" data-uniq-id=\"betnx\"><a class=\"link--external\" href=\"https:\/\/ccpdq.gob.ec\/wp-content\/uploads\/2022\/09\/ESTATUTO-ORGANICO-FUNCIONAL-DE-SPIDGAP-Q-2021-COPIA-LIGIA.pdf\" data-brz-link-type=\"external\" target=\"_blank\" rel=\"noreferrer noopener\">Reglamento org\u00e1nico funcional<\/a><\/h1>\n<\/div>\n<\/div>\n<\/div>\n<div id=\"\" class=\"brz-css-1hgdenn brz-css-kbr55l brz-css-ve61hc brz-wrapper\">\n<div class=\"brz-spacer brz-css-8e55jo brz-css-14gtjl7\"><\/div>\n<\/div>\n<div class=\"brz-row__container brz-css-13143kg brz-css-k6ma73\" data-brz-custom-id=\"xfqoskblswwnwvupnidqzwculcjcwswybwuc\">\n<div class=\"brz-bg\">\n<div class=\"brz-bg-color\"><\/div>\n<\/div>\n<div class=\"brz-row brz-css-1pfu71z brz-css-22loas\">\n<div class=\"brz-columns brz-css-1uhp3g1 brz-css-1wg80kb\" data-brz-custom-id=\"ncsovzsqlrttaztjubqjhllzryqirqhxdfek\">\n<div class=\"brz-bg\">\n<div class=\"brz-bg-color\"><\/div>\n<\/div>\n<div class=\"brz-column__items brz-css-z34sp5 brz-css-2slqsu\">\n<div id=\"\" class=\"brz-css-1hgdenn brz-css-kbr55l brz-css-5tlktc brz-wrapper\">\n<div class=\"brz-spacer brz-css-8e55jo brz-css-1on4bf1\"><\/div>\n<\/div>\n<div id=\"\" class=\"brz-css-1hgdenn brz-css-kbr55l brz-css-4w34ru brz-wrapper\">\n<div class=\"brz-spacer brz-css-8e55jo brz-css-5c9ujk\"><\/div>\n<\/div>\n<\/div>\n<\/div>\n<div class=\"brz-columns brz-css-1uhp3g1 brz-css-1nu7ejx\" data-brz-custom-id=\"kubzoohogvhdixdoggzntfchwaahgsmhszsk\">\n<div class=\"brz-bg\">\n<div class=\"brz-bg-color\"><\/div>\n<\/div>\n<div class=\"brz-column__items brz-css-z34sp5 brz-css-16furfk\">\n<div id=\"\" class=\"brz-css-1hgdenn brz-css-kbr55l brz-css-emij1s brz-wrapper\">\n<div class=\"brz-spacer brz-css-8e55jo brz-css-h7sy7r\"><\/div>\n<\/div>\n<div class=\"brz-wrapper-clone brz-flex-xs-wrap brz-css-4svffg brz-css-1bnhclu\" data-brz-custom-id=\"uzktcynlftgpodbayrdroocoyudsmgkymixc\">\n<div class=\"brz-icon__container\" data-brz-custom-id=\"wavgksclpwavfcapsrxdnjfkbejwrpdacvvz\"><a class=\"brz-a\" href=\"https:\/\/ccpdq.gob.ec\/\" target=\"_self\" rel=\"noopener\" data-brz-link-type=\"external\"><span class=\"brz-icon brz-span brz-css-lw7ufb brz-css-1l65vyz\"><svg class=\"brz-icon-svg align-[initial]\"><use href=\"\/wp-content\/plugins\/brizy\/public\/editor-build\/prod\/editor\/icons\/glyph\/dog-house.svg#nc_icon\"><\/use><\/svg><\/span><\/a><\/div>\n<\/div>\n<div id=\"\" class=\"brz-css-1hgdenn brz-css-kbr55l brz-css-17tcy82 brz-wrapper\">\n<div class=\"brz-spacer brz-css-8e55jo brz-css-t9w0lz\"><\/div>\n<\/div>\n<\/div>\n<\/div>\n<div class=\"brz-columns brz-css-1uhp3g1 brz-css-1l6q7b4\" data-brz-custom-id=\"torqjnwtpxjzlkiwysdmhpplymmnnnuptnkn\">\n<div class=\"brz-bg\">\n<div class=\"brz-bg-color\"><\/div>\n<\/div>\n<div class=\"brz-column__items brz-css-z34sp5 brz-css-1gk0e4m\">\n<div id=\"\" class=\"brz-css-1hgdenn brz-css-kbr55l brz-css-13xwzy6 brz-wrapper\">\n<div class=\"brz-spacer brz-css-8e55jo brz-css-lphf6p\"><\/div>\n<\/div>\n<div id=\"\" class=\"brz-css-1hgdenn brz-css-kbr55l brz-css-1hcl6kx brz-wrapper\">\n<div class=\"brz-spacer brz-css-8e55jo brz-css-e9cw9h\"><\/div>\n<\/div>\n<\/div>\n<\/div>\n<\/div>\n<\/div>\n<\/div>\n<\/div>\n<\/section><\/div>\n<p><!-- version:1762531582 --><\/p>\n","protected":false},"excerpt":{"rendered":"<p>INSTITUCI\u00d3N QUIENES SOMOS NUESTRAS AUTORIDADES FUNCIONES Y ATRIBUCIONES REGLAMENTO INTERNO ORGANIGRAMA REGLAMENTO FUNCIONAL ORG\u00c1NICO JUNTA CANTONAL FUNCIONES PROCESO DE DENUNCIAS CONT\u00c1CTANOS TRANSPARENCIA 2021 2022 2023 2024 \u2014 RENDICI\u00d3N DE CUENTAS \u2014 ORDENANZAS RESOLUCIONES REGLAMENTOS ENLACES DEFENSOR\u00cdA DEL PUEBLO COMIT\u00c9 DE TRANSPARENCIA CONT\u00c1CTENOS PROYECTOS GALER\u00cdA INSTITUCI\u00d3N QUIENES SOMOS NUESTRAS AUTORIDADES FUNCIONES Y ATRIBUCIONES REGLAMENTO INTERNO ORGANIGRAMA&#8230;<\/p>\n","protected":false},"author":1,"featured_media":0,"parent":0,"menu_order":0,"comment_status":"closed","ping_status":"closed","template":"brizy-blank-template.php","meta":{"_monsterinsights_skip_tracking":false,"_monsterinsights_sitenote_active":false,"_monsterinsights_sitenote_note":"","_monsterinsights_sitenote_category":0,"_kad_post_transparent":"","_kad_post_title":"","_kad_post_layout":"","_kad_post_sidebar_id":"","_kad_post_content_style":"","_kad_post_vertical_padding":"","_kad_post_feature":"","_kad_post_feature_position":"","_kad_post_header":false,"_kad_post_footer":false,"footnotes":""},"class_list":["post-715","page","type-page","status-publish","hentry"],"aioseo_notices":[],"brizy_media":[{"id":444,"url":"https:\/\/ccpdq.gob.ec\/wp-content\/uploads\/2015\/03\/fastest-plane-1.jpg","name":"fastest-plane-1.jpg","meta":{"brizy_attachment_uid":"wp-e95e89a380dee677bf87a37c16169dcb.jpg","brizy_post_uid":["f2c2098cecbdd630484010cb9a64d6f2"]}},{"id":9167,"url":"https:\/\/ccpdq.gob.ec\/wp-content\/uploads\/2025\/08\/d08-d08-background15.jpg","name":"d08-d08-background15.jpg","meta":{"brizy_attachment_uid":"d08-d08-background15.jpg","brizy_post_uid":["0547f807cee7087af46f8828d1b9f327","f2c2098cecbdd630484010cb9a64d6f2"]}},{"id":9217,"url":"https:\/\/ccpdq.gob.ec\/wp-content\/uploads\/2025\/09\/08.jpg","name":"08.jpg","meta":{"brizy_attachment_uid":"wp-0d22bf4e7ad5bde6f3adf730f852af8b.jpg","brizy_post_uid":["3f4e8c42e007c15d5b8fe3b04eeabed4","0547f807cee7087af46f8828d1b9f327","f2c2098cecbdd630484010cb9a64d6f2"]}}],"_links":{"self":[{"href":"https:\/\/ccpdq.gob.ec\/index.php\/wp-json\/wp\/v2\/pages\/715","targetHints":{"allow":["GET"]}}],"collection":[{"href":"https:\/\/ccpdq.gob.ec\/index.php\/wp-json\/wp\/v2\/pages"}],"about":[{"href":"https:\/\/ccpdq.gob.ec\/index.php\/wp-json\/wp\/v2\/types\/page"}],"author":[{"embeddable":true,"href":"https:\/\/ccpdq.gob.ec\/index.php\/wp-json\/wp\/v2\/users\/1"}],"replies":[{"embeddable":true,"href":"https:\/\/ccpdq.gob.ec\/index.php\/wp-json\/wp\/v2\/comments?post=715"}],"version-history":[{"count":8,"href":"https:\/\/ccpdq.gob.ec\/index.php\/wp-json\/wp\/v2\/pages\/715\/revisions"}],"predecessor-version":[{"id":9531,"href":"https:\/\/ccpdq.gob.ec\/index.php\/wp-json\/wp\/v2\/pages\/715\/revisions\/9531"}],"wp:attachment":[{"href":"https:\/\/ccpdq.gob.ec\/index.php\/wp-json\/wp\/v2\/media?parent=715"}],"curies":[{"name":"wp","href":"https:\/\/api.w.org\/{rel}","templated":true}]}}