{"id":738,"date":"2022-09-05T11:46:34","date_gmt":"2022-09-05T16:46:34","guid":{"rendered":"https:\/\/ccpdq.gob.ec\/?page_id=738"},"modified":"2025-08-12T22:58:48","modified_gmt":"2025-08-13T03:58:48","slug":"proceso-de-denuncias","status":"publish","type":"page","link":"https:\/\/ccpdq.gob.ec\/index.php\/proceso-de-denuncias\/","title":{"rendered":"Proceso de denuncias"},"content":{"rendered":"<div class=\"brz-root__container brz-reset-all brz brz-root__container-page\">\n<section id=\"_ehdifhznxexxdizmmcfiuqezgygodpmhkgio\" class=\"brz-section brz-section__header brz-css-12d0odc\">\n<div class=\"brz-section__menu-item brz-css-irxeqv brz-css-16vbohq\" data-brz-custom-id=\"ebjqznfvaotdmzboonzutvrxkoqpdsfzvpeo\">\n<div class=\"brz-container brz-css-xexx7f\">\n<div class=\"brz-row__container brz-css-h4feou\" data-brz-custom-id=\"yzxgohnyrcklyccvoankehigkyvqrhuwcyzl\">\n<div class=\"brz-bg\"><\/div>\n<div class=\"brz-row brz-css-1nzl964 brz-css-1lserbi\">\n<div class=\"brz-columns brz-css-yntotx brz-css-1k4munc\" data-brz-custom-id=\"xkvaxvcglnkoximvswislvqhwdvwvsvltavy\">\n<div class=\"brz-bg\"><\/div>\n<div class=\"brz-column__items brz-css-lhc3s brz-css-13kmdre\">\n<div class=\"brz-row__container brz-css-h4feou\" data-brz-custom-id=\"qaxafadsrddjgaxeexlttmbvgsvexrnxiiep\">\n<div class=\"brz-bg\"><\/div>\n<div class=\"brz-row brz-row--inner brz-css-1nzl964 brz-css-1hki01t\">\n<div class=\"brz-columns brz-css-yntotx brz-css-1jcsulc\" data-brz-custom-id=\"twwusqfkalpfyljijvqptthamrcihvzataag\">\n<div class=\"brz-bg\"><\/div>\n<div class=\"brz-column__items brz-css-lhc3s\">\n<div id=\"\" class=\"brz-css-1k16cx brz-css-1ggslos brz-wrapper\">\n<div class=\"brz-spacer brz-css-f6rmyc\"><\/div>\n<\/div>\n<\/div>\n<\/div>\n<div class=\"brz-columns brz-css-yntotx brz-css-14a3r3q\" data-brz-custom-id=\"seqawebnybqtverafrloimzhornuzgshroxc\">\n<div class=\"brz-bg\"><\/div>\n<div class=\"brz-column__items brz-css-lhc3s brz-css-14hf7v3\">\n<div id=\"\" class=\"brz-css-1k16cx brz-css-4n30l5 brz-wrapper\">\n<div class=\"brz-rich-text brz-rich-text__custom brz-css-1svgnsv\" data-brz-custom-id=\"wsrjdkisuputieclpbbqcjkunngqyeyqbdyy\">\n<div data-brz-translate-text=\"1\">\n<p class=\"brz-tp-lg-heading6 brz-css-eVF1x\" data-uniq-id=\"yxfrh\" data-generated-css=\"brz-css-jewdf\"><strong class=\"brz-cp-color7\">Direcci\u00f3n<\/strong><\/p>\n<\/div>\n<\/div>\n<\/div>\n<div id=\"\" class=\"brz-css-1k16cx brz-css-6riwu brz-wrapper\">\n<div class=\"brz-icon-text brz-css-3dbbpx brz-css-10b3puc\" data-brz-custom-id=\"vtgycmlpzvyoxaoaguyyatlbpexpoguedtpd\">\n<div class=\"brz-icon__container\" data-brz-custom-id=\"vfetyphtaobntduhahdqbnytheawunehwhnb\"><span class=\"brz-icon brz-span brz-css-1h1b19c brz-css-1vldh6p\"><\/span><\/div>\n<div class=\"brz-text-btn\">\n<div class=\"brz-rich-text brz-rich-text__custom brz-css-1svgnsv\" data-brz-custom-id=\"uzvywyocecazrnxoihiqijzzzcorlqfmnrzp\">\n<div data-brz-translate-text=\"1\">\n<p class=\"brz-lh-xs-1_1 brz-lh-sm-1_1 brz-lh-lg-1_4 brz-fw-xs-400 brz-fw-sm-400 brz-fw-lg-400 brz-ft-google brz-ff-barlow brz-ls-xs-0 brz-ls-sm-0 brz-ls-lg-0 brz-fs-xs-15 brz-fs-sm-15 brz-fs-lg-16 brz-css-sjSC8\" data-uniq-id=\"ltpwd\" data-generated-css=\"brz-css-zjnlm\"><strong class=\"brz-cp-color2\">Av. 5 de agosto, barrio los pino \u2013 edificio del antiguo banco de la vivienda<\/strong><\/p>\n<\/div>\n<\/div>\n<\/div>\n<\/div>\n<\/div>\n<\/div>\n<\/div>\n<div class=\"brz-columns brz-css-yntotx brz-css-1fuq1j1\" data-brz-custom-id=\"rquijxhsqpztjzjfllaccovgkpeccfyzrcfc\">\n<div class=\"brz-bg\"><\/div>\n<div class=\"brz-column__items brz-css-lhc3s brz-css-60ax42\">\n<div id=\"\" class=\"brz-css-1k16cx brz-css-1n3bc4u brz-wrapper\">\n<div class=\"brz-rich-text brz-rich-text__custom brz-css-1svgnsv\" data-brz-custom-id=\"fvljuvtdlyusffiirufokaupvqafyxqpjitc\">\n<div data-brz-translate-text=\"1\">\n<p class=\"brz-tp-lg-heading6 brz-css-usvM4\" data-uniq-id=\"hiobf\" data-generated-css=\"brz-css-duzmv\"><strong class=\"brz-cp-color7\">Email<\/strong><\/p>\n<\/div>\n<\/div>\n<\/div>\n<div id=\"\" class=\"brz-css-1k16cx brz-css-nke5cw brz-wrapper\">\n<div class=\"brz-icon-text brz-css-3dbbpx brz-css-1dfaqfj\" data-brz-custom-id=\"mhiwpxmoryjzkyyntacmxyepsvmcebhrwcfk\">\n<div class=\"brz-icon__container\" data-brz-custom-id=\"dupkjfpabgyzkdirypygpriagcvfoqboigtr\"><span class=\"brz-icon brz-span brz-css-1h1b19c brz-css-1qny2tm\"><\/span><\/div>\n<div class=\"brz-text-btn\">\n<div class=\"brz-rich-text brz-rich-text__custom brz-css-1svgnsv\" data-brz-custom-id=\"rsigejykjtyorlmollhkisyvruqgrzkbopjf\">\n<div data-brz-translate-text=\"1\">\n<p class=\"brz-lh-xs-1_1 brz-lh-sm-1_1 brz-lh-lg-1_4 brz-fw-xs-400 brz-fw-sm-400 brz-fw-lg-400 brz-ft-google brz-ff-barlow brz-ls-xs-0 brz-ls-sm-0 brz-ls-lg-0 brz-fs-xs-15 brz-fs-sm-15 brz-fs-lg-16 brz-css-g6fgB\" data-generated-css=\"brz-css-cneev\" data-uniq-id=\"wkibd\"><strong class=\"brz-cp-color2\">ccna-q@hotmail.com<\/strong><\/p>\n<\/div>\n<\/div>\n<\/div>\n<\/div>\n<\/div>\n<\/div>\n<\/div>\n<div class=\"brz-columns brz-css-yntotx brz-css-18atfne\" data-brz-custom-id=\"sqklqmnbrbvjvjfnlssrcqtcorjlhveaario\">\n<div class=\"brz-bg\"><\/div>\n<div class=\"brz-column__items brz-css-lhc3s brz-css-1hk12wi\">\n<div id=\"\" class=\"brz-css-1k16cx brz-css-198diu8 brz-wrapper\">\n<div class=\"brz-rich-text brz-rich-text__custom brz-css-1svgnsv\" data-brz-custom-id=\"hjaorgotwkkmbczclacozfywahmbwopbjnzl\">\n<div data-brz-translate-text=\"1\">\n<p class=\"brz-tp-lg-heading6 brz-css-divuL\" data-uniq-id=\"xryzn\" data-generated-css=\"brz-css-ivjar\"><strong class=\"brz-cp-color7\">Tel\u00e9fono<\/strong><\/p>\n<\/div>\n<\/div>\n<\/div>\n<div id=\"\" class=\"brz-css-1k16cx brz-css-8ji4uc brz-wrapper\">\n<div class=\"brz-icon-text brz-css-3dbbpx brz-css-wmthw9\" data-brz-custom-id=\"snqkbdmkvlxjuullyetpcjdfyqlqjzobebcc\">\n<div class=\"brz-icon__container\" data-brz-custom-id=\"xjgorjjykmcibrlemqwxbpzgvfkpofdheyct\"><span class=\"brz-icon brz-span brz-css-1h1b19c brz-css-18phbcx\"><\/span><\/div>\n<div class=\"brz-text-btn\">\n<div class=\"brz-rich-text brz-rich-text__custom brz-css-1svgnsv\" data-brz-custom-id=\"nrholbimyqruuphmchjfplelacspcchxrjvj\">\n<div data-brz-translate-text=\"1\">\n<p class=\"brz-tp-lg-heading6 brz-css-ncSzX\" data-generated-css=\"brz-css-dbffe\" data-uniq-id=\"mzozs\"><span class=\"brz-cp-color3\">(06) 2736-231<\/span><\/p>\n<\/div>\n<\/div>\n<\/div>\n<\/div>\n<\/div>\n<\/div>\n<\/div>\n<\/div>\n<\/div>\n<\/div>\n<\/div>\n<\/div>\n<\/div>\n<div class=\"brz-row__container brz-css-h4feou brz-css-mgv3eq\" data-brz-custom-id=\"tsjcyganqqddseogwgqsxgrggbngwmbayfub\">\n<div class=\"brz-bg\">\n<div class=\"brz-bg-color\"><\/div>\n<\/div>\n<div class=\"brz-row brz-css-1nzl964 brz-css-hhjydv\">\n<div class=\"brz-columns brz-css-yntotx brz-css-8ndpn2\" data-brz-custom-id=\"zxeuxjudgxaoyzsqdlwlrgxtzrocqlfefnis\">\n<div class=\"brz-bg\"><\/div>\n<div class=\"brz-column__items brz-css-lhc3s\">\n<div id=\"\" class=\"brz-css-1k16cx brz-css-o3rjle brz-wrapper\">\n<div class=\"brz-menu__container brz-css-101d3hr brz-css-1m3wsp9\" data-mmenu-id=\"#mlgpuorrfwvfjqhfgixbpsizutbpzcdrquza_\" data-mmenu-position=\"position-left\" data-mmenu-title=\"Menu\" data-mmenu-stickytitle=\"on\" data-mmenu-closingicon=\"%7B%22desktop%22%3A%22off%22%2C%22tablet%22%3A%22off%22%2C%22mobile%22%3A%22off%22%7D\" data-brz-custom-id=\"mlgpuorrfwvfjqhfgixbpsizutbpzcdrquza\">\n<nav data-mods=\"%7B%22desktop%22%3A%22horizontal%22%2C%22tablet%22%3A%22horizontal%22%2C%22mobile%22%3A%22horizontal%22%7D\" class=\"brz-menu brz-menu__preview brz-css-oy953u brz-css-18n25o8\">\n<ul class=\"brz-menu__ul\" data-menu-items-active=\"\">\n<li data-menu-item-id=\"\" class=\"brz-menu__item \"><a class=\"brz-a\" target=\"\" href=\"\" title=\"\" rel=\"noopener\"><span class=\"brz-span\"><\/span><\/a>\n<ul class=\"brz-menu__sub-menu\"><\/ul>\n<\/li>\n<\/ul>\n<\/nav>\n<div class=\"brz-mm-menu__icon\"><\/div>\n<nav data-mods=\"%7B%22desktop%22%3A%22horizontal%22%2C%22tablet%22%3A%22horizontal%22%2C%22mobile%22%3A%22horizontal%22%7D\" id=\"mlgpuorrfwvfjqhfgixbpsizutbpzcdrquza_\" class=\"brz-menu brz-menu__preview brz-menu__mmenu brz-menu--has-dropdown brz-css-3z3uz2\">\n<ul class=\"brz-menu__ul\" data-menu-items-active=\"\">\n<li data-menu-item-id=\"\" class=\"brz-menu__item \"><a class=\"brz-a\" target=\"\" href=\"\" title=\"\" rel=\"noopener\"><span class=\"brz-span\"><\/span><\/a>\n<ul class=\"brz-menu__sub-menu\"><\/ul>\n<\/li>\n<\/ul>\n<\/nav>\n<\/div>\n<\/div>\n<\/div>\n<\/div>\n<\/div>\n<\/div>\n<\/div>\n<\/div>\n<\/section>\n<section id=\"_rqfpuncfwvyuwhibjsvsqeryiduguknrqhyr\" class=\"brz-section brz-css-1npcx3v brz-css-ltm875\">\n<div class=\"brz-section__content brz-section--boxed brz-css-pzsjs4 brz-css-1y5uf67\" data-brz-custom-id=\"zxubexnpsurjjlugsgcpkwhngzkluigxdkqq\">\n<div class=\"brz-bg\">\n<div class=\"brz-bg-image\"><\/div>\n<div class=\"brz-bg-color\"><\/div>\n<\/div>\n<div class=\"brz-container brz-css-yf3j43\">\n<div class=\"brz-row__container brz-css-h4feou\" data-brz-custom-id=\"qdszcbsfepmxsuymkgknavforsdcbtmihzol\">\n<div class=\"brz-bg\"><\/div>\n<div class=\"brz-row brz-css-1nzl964 brz-css-1hki01t\">\n<div class=\"brz-columns brz-css-yntotx brz-css-sygvkj\" data-brz-custom-id=\"qapxsooqdvjcxzezfnddjlqcdktazwewrrha\">\n<div class=\"brz-bg\"><\/div>\n<div class=\"brz-column__items brz-css-lhc3s brz-css-1f0b3kc\">\n<div id=\"\" class=\"brz-css-1k16cx brz-css-1ne9grb brz-wrapper\">\n<div class=\"brz-rich-text brz-rich-text__custom brz-css-1svgnsv\" data-brz-custom-id=\"yaqeoqhjpojyomxunlyfhxhcogsjguefdtlr\">\n<div data-brz-translate-text=\"1\">\n<p class=\"brz-text-lg-left brz-tp-lg-heading1 brz-css-eqBXx\" data-generated-css=\"brz-css-srvtr\" data-uniq-id=\"mlenz\"><\/p>\n<\/div>\n<\/div>\n<\/div>\n<\/div>\n<\/div>\n<\/div>\n<\/div>\n<div id=\"\" class=\"brz-css-1k16cx brz-css-1ggslos brz-css-142uyd6 brz-wrapper\">\n<div class=\"brz-spacer brz-css-f6rmyc brz-css-93mffm\"><\/div>\n<\/div>\n<div class=\"brz-wrapper-clone brz-css-13gemsb\">\n<div class=\"brz-d-xs-flex brz-flex-xs-wrap brz-css-eb75r6 brz-css-16a6o8w\" data-brz-custom-id=\"\">\n<div class=\"brz-wrapper-clone__item\" id=\"qrcfuvchzhsobqkokauobhzrwrkwfzllingk\"><a class=\"brz-a brz-btn brz-css-17nb1uq brz-css-lda03i brz-css-171hbo brz-css-1lz9fae\" href=\"https:\/\/ccpdq.gob.ec\/\" target=\"_self\" rel=\"noopener\" data-brz-link-type=\"external\" data-brz-custom-id=\"qrcfuvchzhsobqkokauobhzrwrkwfzllingk\"><span data-brz-translate-text=\"1\" class=\"brz-span brz-text__editor\">INICIO<\/span><\/a><\/div>\n<\/div>\n<\/div>\n<\/div>\n<\/div>\n<\/section>\n<section id=\"_uoaraazeuyieuztzinhiipemlamjcngqvulq\" class=\"brz-section brz-css-1npcx3v\">\n<div class=\"brz-section__content brz-section--boxed brz-css-pzsjs4 brz-css-9fvao\" data-brz-custom-id=\"zzsodgppbcvcivwfbrrhxyrurjhyufujhstd\">\n<div class=\"brz-container brz-css-yf3j43\">\n<div class=\"brz-row__container brz-css-h4feou brz-css-1vkbk2q\" data-brz-custom-id=\"gvinzlwvtphgjnulhebreaspsajusyufcodf\">\n<div class=\"brz-bg\"><\/div>\n<div class=\"brz-row brz-css-1nzl964 brz-css-18bdh69\">\n<div class=\"brz-columns brz-css-yntotx brz-css-yejmse\" data-brz-custom-id=\"mgikvkwmuadejdyxzaymxhdjuiwcyjleeswn\">\n<div class=\"brz-bg\">\n<div class=\"brz-bg-color\"><\/div>\n<\/div>\n<div class=\"brz-column__items brz-css-lhc3s brz-css-1e63k6c\"><\/div>\n<\/div>\n<div class=\"brz-columns brz-css-yntotx brz-css-1344iga\" data-brz-custom-id=\"rtvdmspkvghbczktdkjfgqryqlqyuqqkdbzd\">\n<div class=\"brz-bg\">\n<div class=\"brz-bg-color\"><\/div>\n<\/div>\n<div class=\"brz-column__items brz-css-lhc3s brz-css-1l64ko1\"><\/div>\n<\/div>\n<div class=\"brz-columns brz-css-yntotx brz-css-1ilqzb0\" data-brz-custom-id=\"dsacssehcqacyjxvkcavrknsqbmrmueiqlqt\">\n<div class=\"brz-bg\">\n<div class=\"brz-bg-color\"><\/div>\n<\/div>\n<div class=\"brz-column__items brz-css-lhc3s brz-css-16lhq9f\"><\/div>\n<\/div>\n<\/div>\n<\/div>\n<div id=\"\" class=\"brz-css-1k16cx brz-css-1ggslos brz-wrapper\">\n<div class=\"brz-spacer brz-css-f6rmyc brz-css-1qexc7g\"><\/div>\n<\/div>\n<div id=\"\" class=\"brz-css-1k16cx brz-wrapper\">\n<div class=\"brz-rich-text brz-rich-text__custom brz-css-1svgnsv\" data-brz-custom-id=\"kypgukajwtdxlhslrmlqgxqfiiehhcablfew\">\n<div data-brz-translate-text=\"1\">\n<p class=\"brz-text-lg-left brz-tp-lg-heading3 brz-css-nWtVb\" data-generated-css=\"brz-css-puydf\" data-uniq-id=\"ihbqh\"><span class=\"brz-cp-color2\">Proceso de Denuncia de la Ni\u00f1ez y Adolescencia, de acuerdo al Art. 237 el <\/span><\/p>\n<p data-generated-css=\"brz-css-nmflj\" data-uniq-id=\"fvqjf\" class=\"brz-tp-lg-heading3 brz-text-lg-left brz-css-qOHE2\"><span class=\"brz-cp-color2\">Procedimiento es:<\/span><\/p>\n<\/div>\n<\/div>\n<\/div>\n<div id=\"\" class=\"brz-css-1k16cx brz-wrapper\">\n<div class=\"brz-rich-text brz-rich-text__custom brz-css-1svgnsv\" data-brz-custom-id=\"bxqodevgjzlukkiltxiwrqnicugyxjfgvtsk\">\n<div data-brz-translate-text=\"1\">\n<ul>\n<li class=\"brz-tp-lg-paragraph brz-bcp-color7 brz-css-y3On4\" data-uniq-id=\"bjpnm\" data-generated-css=\"brz-css-lbdow\"><span class=\"brz-cp-color7\">Puede iniciarse de oficio o mediante denuncia verbal o escrita.<\/span><\/li>\n<li class=\"brz-tp-lg-paragraph brz-bcp-color7 brz-css-uoiKA\" data-uniq-id=\"ggzvj\" data-generated-css=\"brz-css-vymle\"><span class=\"brz-cp-color7\">El organismo ante el cual se comparece; <\/span><\/li>\n<li class=\"brz-tp-lg-paragraph brz-bcp-color7 brz-css-eCHRi\" data-uniq-id=\"uvnyv\" data-generated-css=\"brz-css-oonrf\"><span class=\"brz-cp-color7\">Los nombres, apellidos, edad y domicilio del denunciante y la calidad en la que <\/span><\/li>\n<li class=\"brz-tp-lg-paragraph brz-bcp-color7 brz-css-sxCR8\" data-uniq-id=\"qzhmw\" data-generated-css=\"brz-css-uvlaf\"><span class=\"brz-cp-color7\">comparece; <\/span><\/li>\n<li class=\"brz-tp-lg-paragraph brz-bcp-color7 brz-css-a02lE\" data-uniq-id=\"inbbb\" data-generated-css=\"brz-css-uzeru\"><span class=\"brz-cp-color7\">La identificaci\u00f3n m\u00e1s detallada posible del ni\u00f1o, ni\u00f1a o adolescente afectado; <\/span><\/li>\n<li class=\"brz-tp-lg-paragraph brz-bcp-color7 brz-css-cTiw6\" data-uniq-id=\"qlamc\" data-generated-css=\"brz-css-dhqjz\"><span class=\"brz-cp-color7\">La identificaci\u00f3n m\u00e1s detallada posible de la persona o entidad denunciada; y, <\/span><\/li>\n<li class=\"brz-tp-lg-paragraph brz-bcp-color7 brz-css-etpVS\" data-uniq-id=\"dfryg\" data-generated-css=\"brz-css-qnsnj\"><span class=\"brz-cp-color7\">Las circunstancias del hecho denunciado, con indicaci\u00f3n del derecho afectado o de la irregularidad imputada. <\/span><\/li>\n<\/ul>\n<\/div>\n<\/div>\n<\/div>\n<div id=\"\" class=\"brz-css-1k16cx brz-wrapper\">\n<div class=\"brz-rich-text brz-rich-text__custom brz-css-1svgnsv\" data-brz-custom-id=\"bgnzmrbwdnpbkgdjttbghnykvyssusnssdjd\">\n<div data-brz-translate-text=\"1\">\n<p class=\"brz-text-lg-left brz-tp-lg-heading3 brz-css-tUn1X\" data-uniq-id=\"qmqmt\" data-generated-css=\"brz-css-fqdnp\"><span class=\"brz-cp-color2\">Proceso de denuncias para erradicar la violencia intrafamiliar, de acuerdo al Art. 40 del ROIPEVM se detalla:<\/span><\/p>\n<\/div>\n<\/div>\n<\/div>\n<div id=\"\" class=\"brz-css-1k16cx brz-wrapper\">\n<div class=\"brz-rich-text brz-rich-text__custom brz-css-1svgnsv\" data-brz-custom-id=\"tynornobqrjywfeuqsfnoxgcuhpkzcknrwbf\">\n<div data-brz-translate-text=\"1\">\n<ul>\n<li data-generated-css=\"brz-css-uvcnd\" data-uniq-id=\"eswjf\" class=\"brz-tp-lg-paragraph brz-text-lg-justify brz-css-i7Vhc\"><strong class=\"brz-cp-color7\">Art. 40.- Solicitud. &#8211;<\/strong><span class=\"brz-cp-color7\"> Cualquier persona o grupo de personas que tenga conocimiento de conductas que impliquen violencia contra las mujeres solicitar\u00e1n de manera verbal o por escrito, sin la necesidad de patrocinio profesional, medidas administrativas inmediatas de protecci\u00f3n a favor de las v\u00edctimas o posibles v\u00edctimas de violencia contra las mujeres, ante las Juntas Cantonales de Protecci\u00f3n de Derechos, Tenencias Pol\u00edticas y las Comisar\u00edas Nacionales de Polic\u00eda.<\/span><\/li>\n<li data-generated-css=\"brz-css-nkset\" data-uniq-id=\"cytao\" class=\"brz-tp-lg-paragraph brz-text-lg-justify brz-bcp-color7 brz-css-e0hiU\"><span class=\"brz-cp-color7\">Las dem\u00e1s que se encuentren detalladas en el formulario de denuncias.<\/span><\/li>\n<\/ul>\n<\/div>\n<\/div>\n<\/div>\n<div id=\"\" class=\"brz-css-1k16cx brz-wrapper\">\n<div class=\"brz-rich-text brz-rich-text__custom brz-css-1svgnsv\" data-brz-custom-id=\"kmpzpcvtootharanojvxxpjsihietuhsxrjy\">\n<div data-brz-translate-text=\"1\">\n<p class=\"brz-text-lg-left brz-tp-lg-heading3 brz-css-rRSL0\" data-uniq-id=\"wlhoh\" data-generated-css=\"brz-css-xsbyd\"><span class=\"brz-cp-color2\">En el proceso de Denuncia en caso de Vulneraci\u00f3n a Personas Adultas Mayores es:<\/span><\/p>\n<\/div>\n<\/div>\n<\/div>\n<div id=\"\" class=\"brz-css-1k16cx brz-wrapper\">\n<div class=\"brz-rich-text brz-rich-text__custom brz-css-1svgnsv\" data-brz-custom-id=\"zahqehzozdsqinntyulsyqpndzwrsydvgudo\">\n<div data-brz-translate-text=\"1\">\n<ul>\n<li class=\"brz-text-lg-justify brz-bcp-color7 brz-tp-lg-paragraph brz-css-wpxcY\" data-uniq-id=\"gwmon\" data-generated-css=\"brz-css-jiwog\"><span class=\"brz-cp-color7\">Par\u00e1grafo Primero De los \u00d3rganos Administrativos de Protecci\u00f3n de Derechos <\/span><strong class=\"brz-cp-color7\">Art. 49.-<\/strong><span class=\"brz-cp-color7\">Autoridad Administrativa: Las Juntas Cantonales o Metropolitanas de Protecci\u00f3n de Derechos conocer\u00e1n y resolver\u00e1n los casos de vulneraci\u00f3n de derechos de las personas adultas mayores en su respectiva jurisdicci\u00f3n, para lo cual adoptar\u00e1n las medidas administrativas de protecci\u00f3n de derechos establecidas en el presente Par\u00e1grafo.<\/span><\/li>\n<li class=\"brz-text-lg-justify brz-tp-lg-paragraph brz-bcp-color7 brz-css-nL8KD\" data-uniq-id=\"brjmd\" data-generated-css=\"brz-css-ckcxv\"><span class=\"brz-cp-color7\">Cualquier persona o grupo de personas, servidores y funcionarios p\u00fablicos que tengan conocimiento de conductas o acciones que atenten o puedan alentar contra los derechos de las personas adultas mayores, podr\u00e1 solicitar de manera verbal o por escrito, sin la necesidad de patrocinio profesional, medidas de protecci\u00f3n a favor de personas adultas mayores. <\/span><\/li>\n<\/ul>\n<\/div>\n<\/div>\n<\/div>\n<div id=\"\" class=\"brz-css-1k16cx brz-css-1b1592s brz-wrapper\">\n<div class=\"brz-rich-text brz-rich-text__custom brz-css-1svgnsv\" data-brz-custom-id=\"vxovjmkuiynngxuzabieoifzephnxmtriync\">\n<div data-brz-translate-text=\"1\">\n<p class=\"brz-text-lg-left brz-tp-lg-heading3 brz-css-nR4Tp\" data-uniq-id=\"mxeor\" data-generated-css=\"brz-css-ziaps\"><\/p>\n<\/div>\n<\/div>\n<\/div>\n<div id=\"\" class=\"brz-css-1k16cx brz-wrapper\">\n<div class=\"brz-line brz-line-default brz-css-r1se9c brz-css-146mn3a\" data-brz-custom-id=\"tzfofrkwexljbcukgszadqxsikqhwewhixla\">\n<hr class=\"brz-hr\"><\/div>\n<\/div>\n<div id=\"\" class=\"brz-css-1k16cx brz-css-1ggslos brz-wrapper\">\n<div class=\"brz-spacer brz-css-f6rmyc brz-css-1er8iq0\"><\/div>\n<\/div>\n<\/div>\n<\/div>\n<\/section>\n<\/div>\n<p>    <!-- version:1737053579 --><\/p>\n","protected":false},"excerpt":{"rendered":"<p>Direcci\u00f3n Av. 5 de agosto, barrio los pino \u2013 edificio del antiguo banco de la vivienda Email ccna-q@hotmail.com Tel\u00e9fono (06) 2736-231 INICIO Proceso de Denuncia de la Ni\u00f1ez y Adolescencia, de acuerdo al Art. 237 el Procedimiento es: Puede iniciarse de oficio o mediante denuncia verbal o escrita. El organismo ante el cual se comparece;&#8230;<\/p>\n","protected":false},"author":1,"featured_media":0,"parent":0,"menu_order":0,"comment_status":"closed","ping_status":"closed","template":"brizy-blank-template.php","meta":{"_monsterinsights_skip_tracking":false,"_monsterinsights_sitenote_active":false,"_monsterinsights_sitenote_note":"","_monsterinsights_sitenote_category":0,"_kad_post_transparent":"","_kad_post_title":"","_kad_post_layout":"","_kad_post_sidebar_id":"","_kad_post_content_style":"","_kad_post_vertical_padding":"","_kad_post_feature":"","_kad_post_feature_position":"","_kad_post_header":false,"_kad_post_footer":false,"footnotes":""},"class_list":["post-738","page","type-page","status-publish","hentry"],"aioseo_notices":[],"brizy_media":[{"id":1361,"url":"https:\/\/ccpdq.gob.ec\/wp-content\/uploads\/2022\/09\/305759832_595279075427303_7872828915935510271_n.jpg","name":"305759832_595279075427303_7872828915935510271_n.jpg","meta":{"brizy_attachment_uid":"wp-8a4798c95203fcd39c265c49494f371c.jpg","brizy_post_uid":["a2a6dc9bd53786d76ba5caf4831496fe","b5223edfbd6ad6c564983e372c634ef8","b465a72471f11108f524293f4337f89b","c36f4eef6df4a6206df804c5b9c39be3"]}},{"id":8664,"url":"https:\/\/ccpdq.gob.ec\/wp-content\/uploads\/2024\/07\/WhatsApp-Image-2024-07-22-at-1.38.51-PM.jpeg","name":"WhatsApp-Image-2024-07-22-at-1.38.51-PM.jpeg","meta":{"brizy_attachment_uid":"wp-fbe597439bd062ec1d2fd2c91d894d29.jpeg","brizy_post_uid":["b465a72471f11108f524293f4337f89b"]}}],"_links":{"self":[{"href":"https:\/\/ccpdq.gob.ec\/index.php\/wp-json\/wp\/v2\/pages\/738","targetHints":{"allow":["GET"]}}],"collection":[{"href":"https:\/\/ccpdq.gob.ec\/index.php\/wp-json\/wp\/v2\/pages"}],"about":[{"href":"https:\/\/ccpdq.gob.ec\/index.php\/wp-json\/wp\/v2\/types\/page"}],"author":[{"embeddable":true,"href":"https:\/\/ccpdq.gob.ec\/index.php\/wp-json\/wp\/v2\/users\/1"}],"replies":[{"embeddable":true,"href":"https:\/\/ccpdq.gob.ec\/index.php\/wp-json\/wp\/v2\/comments?post=738"}],"version-history":[{"count":25,"href":"https:\/\/ccpdq.gob.ec\/index.php\/wp-json\/wp\/v2\/pages\/738\/revisions"}],"predecessor-version":[{"id":8667,"href":"https:\/\/ccpdq.gob.ec\/index.php\/wp-json\/wp\/v2\/pages\/738\/revisions\/8667"}],"wp:attachment":[{"href":"https:\/\/ccpdq.gob.ec\/index.php\/wp-json\/wp\/v2\/media?parent=738"}],"curies":[{"name":"wp","href":"https:\/\/api.w.org\/{rel}","templated":true}]}}