{"id":739,"date":"2022-09-05T11:46:34","date_gmt":"2022-09-05T16:46:34","guid":{"rendered":"https:\/\/ccpdq.gob.ec\/?page_id=739"},"modified":"2025-08-13T06:58:41","modified_gmt":"2025-08-13T11:58:41","slug":"contactenos","status":"publish","type":"page","link":"https:\/\/ccpdq.gob.ec\/index.php\/contactenos\/","title":{"rendered":"Contactenos"},"content":{"rendered":"<div class=\"brz-root__container brz-reset-all brz brz-root__container-page\">\n<section id=\"_djvapawsdyzttasqwmrwnphctgyvmbwyproz\" class=\"brz-section brz-css-1jva15t\">\n<div class=\"brz-section__content brz-section--boxed brz-css-rzd859 brz-css-1wvs6vi\" data-brz-custom-id=\"cqrsgftgdqzwoxwhxzxenzpnhpvhdejtykxt\">\n<div class=\"brz-container brz-css-q4627q\">\n<div class=\"brz-row__container brz-css-1eoh0z3\" data-brz-custom-id=\"xdmtrpuxjfyoeqzwsdnjmqjujhwewhlmsarh\">\n<div class=\"brz-bg\"><\/div>\n<div class=\"brz-row brz-css-k23sk9 brz-css-115iii7\">\n<div class=\"brz-columns brz-css-e972tf brz-css-tinn9q\" data-brz-custom-id=\"aoqkopogsiwwikmodhxukemomhwokcxpikge\">\n<div class=\"brz-bg\"><\/div>\n<div class=\"brz-column__items brz-css-1vqp342 brz-css-uo9x6u\">\n<div id=\"\" class=\"brz-css-1yzx1ez brz-wrapper\">\n<div class=\"brz-menu__container brz-css-16clvh4\" data-mmenu-id=\"#mzjeubfjjfiguipnsncveeffmakynrjoujfv_\" data-mmenu-position=\"position-left\" data-mmenu-title=\"Menu\" data-mmenu-stickytitle=\"on\" data-mmenu-isslider=\"false\" data-mmenu-closingicon=\"%7B%22desktop%22%3A%22off%22%2C%22tablet%22%3A%22off%22%2C%22mobile%22%3A%22off%22%7D\" data-brz-custom-id=\"mzjeubfjjfiguipnsncveeffmakynrjoujfv\">\n<nav data-mods=\"%7B%22desktop%22%3A%22horizontal%22%2C%22tablet%22%3A%22horizontal%22%2C%22mobile%22%3A%22horizontal%22%7D\" class=\"brz-menu brz-menu__preview brz-css-9hgs66 brz-css-rluftb\">\n<ul class=\"brz-menu__ul\" data-menu-items-active=\"\">\n<li data-menu-item-id=\"\" class=\"brz-menu__item \"><a class=\"brz-a\" target=\"\" href=\"\" title=\"\" rel=\"noopener\"><span class=\"brz-span\"><\/span><\/a>\n<ul class=\"brz-menu__sub-menu\"><\/ul>\n<\/li>\n<\/ul>\n<\/nav>\n<div class=\"brz-mm-menu__icon\"><\/div>\n<nav data-mods=\"%7B%22desktop%22%3A%22horizontal%22%2C%22tablet%22%3A%22horizontal%22%2C%22mobile%22%3A%22horizontal%22%7D\" id=\"mzjeubfjjfiguipnsncveeffmakynrjoujfv_\" class=\"brz-menu brz-menu__preview brz-menu__mmenu brz-menu--has-dropdown brz-css-1by0d63\">\n<ul class=\"brz-menu__ul\" data-menu-items-active=\"\">\n<li data-menu-item-id=\"\" class=\"brz-menu__item \"><a class=\"brz-a\" target=\"\" href=\"\" title=\"\" rel=\"noopener\"><span class=\"brz-span\"><\/span><\/a>\n<ul class=\"brz-menu__sub-menu\"><\/ul>\n<\/li>\n<\/ul>\n<\/nav>\n<\/div>\n<\/div>\n<\/div>\n<\/div>\n<\/div>\n<\/div>\n<\/div>\n<\/div>\n<\/section>\n<section id=\"_zetxalclfqlwiwcfvrynpffwbmrnchfrptep\" class=\"brz-section brz-css-1jva15t\">\n<div class=\"brz-section__content brz-section--boxed brz-css-rzd859 brz-css-v3n8n4\" data-brz-custom-id=\"qlunvjqkdmwyqpvlcfiwxgghdeehfqkiknxd\">\n<div class=\"brz-bg\">\n<div class=\"brz-bg-color\"><\/div>\n<\/div>\n<div class=\"brz-container brz-css-q4627q\">\n<div class=\"brz-row__container brz-css-1eoh0z3\" data-brz-custom-id=\"fxesxmyaklsyxsdqlrafevkwhcdeukngbhgk\">\n<div class=\"brz-bg\"><\/div>\n<div class=\"brz-row brz-css-k23sk9 brz-css-115iii7\">\n<div class=\"brz-columns brz-css-e972tf brz-css-fphtw7\" data-brz-custom-id=\"rnxvblxgvfskruikssdperezmolbfszejhyo\">\n<div class=\"brz-bg\"><\/div>\n<div class=\"brz-column__items brz-css-1vqp342 brz-css-2nxvel\">\n<div id=\"\" class=\"brz-css-1yzx1ez brz-css-17xrmwt brz-wrapper\">\n<div class=\"brz-rich-text brz-rich-text__custom brz-css-b5ec47\" data-brz-custom-id=\"xoxirqlaqxldfnxgiuyixoierlpoilyzlbde\">\n<div data-brz-translate-text=\"1\">\n<p class=\"brz-text-lg-left brz-tp-lg-heading2 brz-css-c6U1z\" data-generated-css=\"brz-css-qlugr\" data-uniq-id=\"eufre\">CONTACTANOS<\/p>\n<\/div>\n<\/div>\n<\/div>\n<div id=\"\" class=\"brz-css-1yzx1ez brz-css-1luzdpu brz-wrapper\">\n<div class=\"brz-spacer brz-css-1q2drf9 brz-css-1slfphj\"><\/div>\n<\/div>\n<div id=\"\" class=\"brz-css-1yzx1ez brz-css-16fs9cr brz-wrapper\">\n<div class=\"brz-rich-text brz-rich-text__custom brz-css-b5ec47\" data-brz-custom-id=\"djksxwypsrrishzeixdyzzmncqpspwclpknl\">\n<div data-brz-translate-text=\"1\">\n<h2 class=\"brz-tp-lg-empty brz-ff-amiri brz-ft-google brz-fs-lg-33 brz-fss-lg-px brz-fw-lg-400 brz-ls-lg-0 brz-lh-lg-1_2 brz-css-jvHx6\" data-uniq-id=\"jebdp\" data-generated-css=\"brz-css-rcrwb\"><span class=\"brz-cp-color7\">Direcci\u00f3n<\/span><\/h2>\n<p class=\"brz-tp-lg-paragraph brz-css-fM93L\" data-uniq-id=\"yimlm\" data-generated-css=\"brz-css-tmbry\"><span class=\"brz-cp-color7\">Av. 5 de agosto, barrio Los Pinos \u2013 edificio del antiguo banco de la vivienda, planta baja<\/span><\/p>\n<p class=\"brz-tp-lg-paragraph brz-css-hI7hk\" data-uniq-id=\"fxerf\" data-generated-css=\"brz-css-usiso\"><span class=\"brz-cp-color7\"> <\/span><\/p>\n<h2 class=\"brz-tp-lg-empty brz-ff-amiri brz-ft-google brz-fs-lg-33 brz-fss-lg-px brz-fw-lg-400 brz-ls-lg-0 brz-lh-lg-1_2 brz-css-aKqLS\" data-uniq-id=\"wxmaj\" data-generated-css=\"brz-css-gjrrc\"><span class=\"brz-cp-color7\">Horarios de Atenci\u00f3n<\/span><\/h2>\n<p class=\"brz-tp-lg-paragraph brz-css-s06lL\" data-uniq-id=\"sqwfy\" data-generated-css=\"brz-css-iovav\"><span class=\"brz-cp-color7\">Lunes a Viernes<\/span><\/p>\n<p class=\"brz-tp-lg-paragraph brz-css-eY7xe\" data-uniq-id=\"svbzc\" data-generated-css=\"brz-css-mrsry\"><span class=\"brz-cp-color7\">08h00 a 16h30<\/span><\/p>\n<p class=\"brz-tp-lg-paragraph brz-css-rujxi\" data-uniq-id=\"tenqv\" data-generated-css=\"brz-css-wmtym\"><span class=\"brz-cp-color7\"> <\/span><\/p>\n<h2 class=\"brz-tp-lg-empty brz-ff-amiri brz-ft-google brz-fs-lg-33 brz-fss-lg-px brz-fw-lg-400 brz-ls-lg-0 brz-lh-lg-1_2 brz-css-gyQXP\" data-uniq-id=\"sdkmj\" data-generated-css=\"brz-css-evjou\"><span class=\"brz-cp-color7\">Tel\u00e9fono<\/span><\/h2>\n<p class=\"brz-tp-lg-paragraph brz-css-hKK4M\" data-uniq-id=\"wjgbd\" data-generated-css=\"brz-css-fpmpt\"><span class=\"brz-cp-color7\">(06) 2736-231<\/span><\/p>\n<p class=\"brz-tp-lg-paragraph brz-css-lWHEK\" data-uniq-id=\"vocat\" data-generated-css=\"brz-css-cmego\"><span class=\"brz-cp-color7\"> <\/span><\/p>\n<h2 class=\"brz-tp-lg-empty brz-ff-amiri brz-ft-google brz-fs-lg-33 brz-fss-lg-px brz-fw-lg-400 brz-ls-lg-0 brz-lh-lg-1_2 brz-css-cdW3e\" data-uniq-id=\"mkuxb\" data-generated-css=\"brz-css-oiodd\"><span class=\"brz-cp-color7\">Correo electr\u00f3nico<\/span><\/h2>\n<p class=\"brz-tp-lg-paragraph brz-css-hsWsr\" data-uniq-id=\"cfjtc\" data-generated-css=\"brz-css-lyawm\"><span>juntacantonalderechosquininde@gmail.com<\/span><\/p>\n<\/div>\n<\/div>\n<\/div>\n<div id=\"\" class=\"brz-css-1yzx1ez brz-css-1luzdpu brz-wrapper\">\n<div class=\"brz-spacer brz-css-1q2drf9 brz-css-13lidf9\"><\/div>\n<\/div>\n<div id=\"\" class=\"brz-css-1yzx1ez brz-css-1kersl5 brz-wrapper\">\n<div class=\"brz-rich-text brz-rich-text__custom brz-css-b5ec47\" data-brz-custom-id=\"cjwfhsemywxgmmppcaubjzvkpxuxpdfoavhe\">\n<div data-brz-translate-text=\"1\">\n<p class=\"brz-tp-lg-heading5 brz-css-frdCm\" data-uniq-id=\"eazbd\" data-generated-css=\"brz-css-ucdic\"><\/p>\n<\/div>\n<\/div>\n<\/div>\n<\/div>\n<\/div>\n<div class=\"brz-columns brz-css-e972tf brz-css-t7zzly\" data-brz-custom-id=\"tezgvebkzpkwxqcigssiepgwxfgomnctfvzx\">\n<div class=\"brz-bg\"><\/div>\n<div class=\"brz-column__items brz-css-1vqp342 brz-css-rp2csr\">\n<div id=\"\" class=\"brz-css-1yzx1ez brz-css-1mmg7qz brz-wrapper\">\n<div data-brz-form-version=\"2\" class=\"brz-forms2 brz-css-1y9zw3n brz-css-1o767rj\" data-brz-custom-id=\"rgavlcbrfuwjjlvoihtqfehibdxjbmxvwhea\">\n<div data-brz-translate-text=\"1\" class=\"brz-forms2__item brz-css-ndb2fp brz-css-eqehbw brz-css-10bf8mg brz-css-1durk2k\"><\/div>\n<div data-brz-translate-text=\"1\" class=\"brz-forms2__item brz-css-ndb2fp brz-css-eqehbw brz-css-10bf8mg brz-css-15a9qrc\"><\/div>\n<div data-brz-translate-text=\"1\" class=\"brz-forms2__item brz-css-ndb2fp brz-css-eqehbw brz-css-10bf8mg brz-css-1t4vnbc\"><\/div>\n<div data-brz-translate-text=\"1\" class=\"brz-forms2__item brz-css-ndb2fp brz-css-eqehbw brz-css-10bf8mg brz-css-k6nigh\"><\/div>\n<div data-brz-translate-text=\"1\" class=\"brz-forms2__item brz-css-ndb2fp brz-css-eqehbw brz-css-10bf8mg brz-css-lax8cg\"><textarea id=\"voXX_1ZwJBDi_\" name=\"nntazvpqspuuqxuceaknzmkaeenublxzxldl\" data-brz-type=\"Paragraph\" data-brz-label=\"\" data-brz-placeholder=\"\" class=\"brz-textarea brz-forms2__field brz-forms2__field-paragraph\"><\/textarea><\/div>\n<div class=\"brz-forms2 brz-forms2__item brz-forms2__item-button\" data-brz-custom-id=\"rgavlcbrfuwjjlvoihtqfehibdxjbmxvwhea\"><button class=\"brz-btn brz-btn-submit brz-css-1xhgzh9 brz-css-1ffvo2t\" data-brz-custom-id=\"fzrvdsjpvghqlxoglwdfotslcgnsflkjmvjw\"><span data-brz-translate-text=\"1\" class=\"brz-span brz-text__editor\">ENVIAR<\/span><\/button><\/div>\n<div class=\"brz-g-recaptcha\" data-sitekey=\"\" data-size=\"invisible\" data-callback=\"brzFormV2Captcha\"><\/div>\n<\/div>\n<\/div>\n<\/div>\n<\/div>\n<\/div>\n<\/div>\n<\/div>\n<\/div>\n<\/section>\n<\/div>\n<p>    <!-- version:1737011759 --><\/p>\n","protected":false},"excerpt":{"rendered":"<p>CONTACTANOS Direcci\u00f3n Av. 5 de agosto, barrio Los Pinos \u2013 edificio del antiguo banco de la vivienda, planta baja Horarios de Atenci\u00f3n Lunes a Viernes 08h00 a 16h30 Tel\u00e9fono (06) 2736-231 Correo electr\u00f3nico juntacantonalderechosquininde@gmail.com ENVIAR<\/p>\n","protected":false},"author":1,"featured_media":0,"parent":0,"menu_order":0,"comment_status":"closed","ping_status":"closed","template":"brizy-blank-template.php","meta":{"_monsterinsights_skip_tracking":false,"_monsterinsights_sitenote_active":false,"_monsterinsights_sitenote_note":"","_monsterinsights_sitenote_category":0,"_kad_post_transparent":"","_kad_post_title":"","_kad_post_layout":"","_kad_post_sidebar_id":"","_kad_post_content_style":"","_kad_post_vertical_padding":"","_kad_post_feature":"","_kad_post_feature_position":"","_kad_post_header":false,"_kad_post_footer":false,"footnotes":""},"class_list":["post-739","page","type-page","status-publish","hentry"],"aioseo_notices":[],"brizy_media":[],"_links":{"self":[{"href":"https:\/\/ccpdq.gob.ec\/index.php\/wp-json\/wp\/v2\/pages\/739","targetHints":{"allow":["GET"]}}],"collection":[{"href":"https:\/\/ccpdq.gob.ec\/index.php\/wp-json\/wp\/v2\/pages"}],"about":[{"href":"https:\/\/ccpdq.gob.ec\/index.php\/wp-json\/wp\/v2\/types\/page"}],"author":[{"embeddable":true,"href":"https:\/\/ccpdq.gob.ec\/index.php\/wp-json\/wp\/v2\/users\/1"}],"replies":[{"embeddable":true,"href":"https:\/\/ccpdq.gob.ec\/index.php\/wp-json\/wp\/v2\/comments?post=739"}],"version-history":[{"count":15,"href":"https:\/\/ccpdq.gob.ec\/index.php\/wp-json\/wp\/v2\/pages\/739\/revisions"}],"predecessor-version":[{"id":2641,"href":"https:\/\/ccpdq.gob.ec\/index.php\/wp-json\/wp\/v2\/pages\/739\/revisions\/2641"}],"wp:attachment":[{"href":"https:\/\/ccpdq.gob.ec\/index.php\/wp-json\/wp\/v2\/media?parent=739"}],"curies":[{"name":"wp","href":"https:\/\/api.w.org\/{rel}","templated":true}]}}