{"id":748,"date":"2022-09-05T11:46:34","date_gmt":"2022-09-05T16:46:34","guid":{"rendered":"https:\/\/ccpdq.gob.ec\/?page_id=748"},"modified":"2025-08-18T09:21:15","modified_gmt":"2025-08-18T14:21:15","slug":"boletines","status":"publish","type":"page","link":"https:\/\/ccpdq.gob.ec\/index.php\/boletines\/","title":{"rendered":"Bolitines"},"content":{"rendered":"<div class=\"brz-root__container brz-reset-all brz brz-root__container-page\">\n<section id=\"_ffqiuetwxmcjcwvrggrgtyijezzglrxuoamf\" class=\"brz-section brz-css-1eiawyh\">\n<div class=\"brz-section__content brz-section--boxed brz-css-1ybs650 brz-css-x8rk7z\" data-brz-custom-id=\"blcofwirxtewfsgygkfjslkixvuponqlejkv\">\n<div class=\"brz-bg\">\n<div class=\"brz-bg-image\"><\/div>\n<div class=\"brz-bg-color\"><\/div>\n<\/div>\n<div class=\"brz-container brz-css-13d3tt4\">\n<div class=\"brz-row__container brz-css-1d3al71\" data-brz-custom-id=\"bicaomhmsjrmtkiferjkxcbtzwpjrzsebtkp\">\n<div class=\"brz-bg\"><\/div>\n<div class=\"brz-row brz-css-o397a1 brz-css-qsgbv0\">\n<div class=\"brz-columns brz-css-ev25z1 brz-css-1v205rk\" data-brz-custom-id=\"ymetozoofwerntakienkzjxcgqnadyvckmvu\">\n<div class=\"brz-bg\"><\/div>\n<div class=\"brz-column__items brz-css-wd63m6 brz-css-1xplvr\"><\/div>\n<\/div>\n<div class=\"brz-columns brz-css-ev25z1 brz-css-didk9b\" data-brz-custom-id=\"inghbhbabyrghkvitddtncpwnmhndbjjaogc\">\n<div class=\"brz-bg\"><\/div>\n<div class=\"brz-column__items brz-css-wd63m6\">\n<div id=\"\" class=\"brz-css-18idbz5 brz-css-1vuasih brz-css-1p130id brz-wrapper\">\n<div class=\"brz-spacer brz-css-1yr6wxx\"><\/div>\n<\/div>\n<\/div>\n<\/div>\n<\/div>\n<\/div>\n<div id=\"\" class=\"brz-css-18idbz5 brz-css-1vuasih brz-wrapper\">\n<div class=\"brz-spacer brz-css-1yr6wxx brz-css-83gg28\"><\/div>\n<\/div>\n<div id=\"\" class=\"brz-css-18idbz5 brz-css-12kk6f9 brz-wrapper\">\n<div class=\"brz-rich-text brz-rich-text__custom brz-css-xmh62x\" data-brz-custom-id=\"nwnremhpwluleiisbhrwijkrdvspscvrptam\">\n<div data-brz-translate-text=\"1\">\n<p class=\"brz-tp-lg-heading1 brz-css-yfgHO\" data-uniq-id=\"elqkq\" data-generated-css=\"brz-css-toiya\"><span class=\"brz-cp-color6\">Boletines<\/span><\/p>\n<\/div>\n<\/div>\n<\/div>\n<div id=\"\" class=\"brz-css-18idbz5 brz-css-1vuasih brz-wrapper\">\n<div class=\"brz-spacer brz-css-1yr6wxx brz-css-1t6ix08\"><\/div>\n<\/div>\n<div id=\"\" class=\"brz-css-18idbz5 brz-css-1vuasih brz-wrapper\">\n<div class=\"brz-spacer brz-css-1yr6wxx brz-css-m545rj\"><\/div>\n<\/div>\n<div class=\"brz-wrapper-clone brz-css-fowkz0\">\n<div class=\"brz-d-xs-flex brz-flex-xs-wrap brz-css-18neygg brz-css-1gu2hv0\" data-brz-custom-id=\"\">\n<div class=\"brz-wrapper-clone__item\" id=\"asiusvhaopbywjnibqbjbdexqziagilricdf\"><a class=\"brz-a brz-btn brz-css-1f7csi8 brz-css-znvn60 brz-css-7ayffc brz-css-vb43hc\" href=\"https:\/\/ccpdq.gob.ec\/index.php\/sala-de-prensa\/\" target=\"_self\" rel=\"noopener\" data-brz-link-type=\"external\" data-brz-custom-id=\"asiusvhaopbywjnibqbjbdexqziagilricdf\"><span data-brz-translate-text=\"1\" class=\"brz-span brz-text__editor\">REGRESAR<\/span><\/a><\/div>\n<\/div>\n<\/div>\n<div class=\"brz-row__container brz-css-1d3al71\" data-brz-custom-id=\"gejgworvxqniymyyavkaefgwceqygunrefac\">\n<div class=\"brz-bg\"><\/div>\n<div class=\"brz-row brz-css-o397a1 brz-css-qsgbv0\">\n<div class=\"brz-columns brz-css-ev25z1 brz-css-x76e5\" data-brz-custom-id=\"gjxhiyqxghoyhnlnjqrjqrvcbjebkoyditox\">\n<div class=\"brz-bg\"><\/div>\n<div class=\"brz-column__items brz-css-wd63m6\">\n<div id=\"\" class=\"brz-css-18idbz5 brz-css-1vuasih brz-wrapper\">\n<div class=\"brz-spacer brz-css-1yr6wxx brz-css-dbvhv5\"><\/div>\n<\/div>\n<\/div>\n<\/div>\n<\/div>\n<\/div>\n<\/div>\n<p><a class=\"brz-a brz-anchor brz-link-container\" href=\"#_ffqiuetwxmcjcwvrggrgtyijezzglrxuoamf\" target=\"_self\" rel=\"noopener\" data-brz-link-type=\"anchor\"><\/a><\/div>\n<\/section>\n<section id=\"_hdmnyvefjiiawbnqynaxxllsnnnajmwyhmxn\" class=\"brz-section brz-css-1eiawyh\">\n<div class=\"brz-section__content brz-section--boxed brz-css-1ybs650 brz-css-37tvep\" data-brz-custom-id=\"clcwvzsbnsplsrblblravjsyyjvhgpbopjuo\">\n<div class=\"brz-container brz-css-13d3tt4\">\n<div class=\"brz-row__container brz-css-1d3al71\" data-brz-custom-id=\"bbytmodjpgilzragbcmrvrtmmujcafdqzjvd\">\n<div class=\"brz-bg\"><\/div>\n<div class=\"brz-row brz-css-o397a1 brz-css-qsgbv0\">\n<div class=\"brz-columns brz-css-ev25z1 brz-css-bo9vt7\" data-brz-custom-id=\"kklwfuzjtsgyidqjomrpykdfatvijdxzjxbj\">\n<div class=\"brz-bg\"><\/div>\n<div class=\"brz-column__items brz-css-wd63m6 brz-css-wt3zse\">\n<div id=\"\" class=\"brz-css-18idbz5 brz-css-3mlmyi brz-wrapper\">\n<div class=\"brz-image brz-css-sqbax4\" data-brz-custom-id=\"aqheombzecayhguctxybvvjcgfqanjiarceb\"><a class=\"brz-a\" href=\"https:\/\/ccpdq.gob.ec\/wp-content\/uploads\/2022\/09\/BOLETIN-INFORMATIVO.pdf\" target=\"_blank\" rel=\"noopener\" data-brz-link-type=\"external\"><img decoding=\"async\" class=\"brz-img\" src=\"https:\/\/ccpdq.gob.ec\/wp-content\/uploads\/brizy\/imgs\/01-Consejo-Consultivo-de-Discapacidades-1-scaled-695x508x90x0x515x508x1663095527.jpg\" alt=\"\" loading=\"lazy\"><\/a><\/div>\n<\/div>\n<\/div>\n<\/div>\n<div class=\"brz-columns brz-css-ev25z1 brz-css-het133\" data-brz-custom-id=\"krjcpzgvzcntiwfewmaarhdeprghhnmrujxn\">\n<div class=\"brz-bg\"><\/div>\n<div class=\"brz-column__items brz-css-wd63m6 brz-css-1nagu5z\">\n<div id=\"\" class=\"brz-css-18idbz5 brz-css-1vuasih brz-wrapper\">\n<div class=\"brz-spacer brz-css-1yr6wxx brz-css-1hxdoig\"><\/div>\n<\/div>\n<div id=\"\" class=\"brz-css-18idbz5 brz-css-1vuasih brz-wrapper\">\n<div class=\"brz-spacer brz-css-1yr6wxx brz-css-1m04ben\"><\/div>\n<\/div>\n<div id=\"\" class=\"brz-css-18idbz5 brz-css-vnlsi1 brz-wrapper\">\n<div class=\"brz-rich-text brz-rich-text__custom brz-css-xmh62x\" data-brz-custom-id=\"vhdkcqrvpsqxgqpijfrmiovmpgptznbubugj\">\n<div data-brz-translate-text=\"1\">\n<p class=\"ql-align-center brz-fss-lg-px brz-fw-lg-700 brz-ls-lg-0 brz-lh-lg-1_4 brz-tp-lg-empty brz-ff-kumbh_sans brz-ft-google brz-fs-lg-33 brz-css-xS6gu\" data-generated-css=\"brz-css-cxrkq\" data-uniq-id=\"vxjep\"><a class=\"brz-cp-color2 link--external\" href=\"https:\/\/ccpdq.gob.ec\/wp-content\/uploads\/2022\/09\/BOLETIN-INFORMATIVO.pdf\" data-brz-link-type=\"external\" target=\"_blank\" rel=\"noopener\"><strong>QUININD\u00c9 ELIGI\u00d3 CONSEJO<\/strong><\/a><\/p>\n<p class=\"ql-align-center brz-fss-lg-px brz-fw-lg-700 brz-ls-lg-0 brz-lh-lg-1_4 brz-tp-lg-empty brz-ff-kumbh_sans brz-ft-google brz-fs-lg-33 brz-css-nrX7K\" data-generated-css=\"brz-css-cboqr\" data-uniq-id=\"bgyte\"><a class=\"brz-cp-color2 link--external\" href=\"https:\/\/ccpdq.gob.ec\/wp-content\/uploads\/2022\/09\/BOLETIN-INFORMATIVO.pdf\" data-brz-link-type=\"external\" target=\"_blank\" rel=\"noopener\"><strong>CONSULTIVO DE DISCAPACIDADES<\/strong><\/a><\/p>\n<\/div>\n<\/div>\n<\/div>\n<\/div>\n<\/div>\n<\/div>\n<\/div>\n<\/div>\n<\/div>\n<\/section>\n<section id=\"_opirymdqsvhggcexneizhevlncesfmmcmttv\" class=\"brz-section brz-css-1eiawyh\">\n<div class=\"brz-section__content brz-section--boxed brz-css-1ybs650 brz-css-wpc5kn\" data-brz-custom-id=\"evaakwzcligqcjrfrekvnfxjyezbgzvbypjb\">\n<div class=\"brz-bg\">\n<div class=\"brz-bg-color\"><\/div>\n<\/div>\n<div class=\"brz-container brz-css-13d3tt4\">\n<div class=\"brz-row__container brz-css-1d3al71\" data-brz-custom-id=\"logloaodgflvznmewvtphxdtncnjrjfdpmfp\">\n<div class=\"brz-bg\"><\/div>\n<div class=\"brz-row brz-css-o397a1 brz-css-qsgbv0\">\n<div class=\"brz-columns brz-css-ev25z1 brz-css-jviqps\" data-brz-custom-id=\"nuuyzfhjjwmjvxshonutgppndzbrtqwbdttx\">\n<div class=\"brz-bg\"><\/div>\n<div class=\"brz-column__items brz-css-wd63m6 brz-css-m10dzq\">\n<div id=\"\" class=\"brz-css-18idbz5 brz-css-o3nve5 brz-wrapper\">\n<div class=\"brz-rich-text brz-rich-text__custom brz-css-xmh62x\" data-brz-custom-id=\"ghnafwgfnmpjedvelsosmgplegjbqhnprfbp\">\n<div data-brz-translate-text=\"1\">\n<p class=\"brz-tp-lg-heading2 brz-css-wAL8d\" data-generated-css=\"brz-css-zfzqq\" data-uniq-id=\"ddkms\"><strong class=\"brz-cp-color2\"> <\/strong><\/p>\n<p class=\"brz-tp-lg-heading2 brz-css-dsIaJ\" data-generated-css=\"brz-css-bmcsf\" data-uniq-id=\"ftvtm\"><strong class=\"brz-cp-color2\"> <\/strong><\/p>\n<p class=\"brz-tp-lg-heading2 brz-css-iSoEO\" data-generated-css=\"brz-css-izhkp\" data-uniq-id=\"cotzx\"><a class=\"brz-cp-color2 link--external\" href=\"https:\/\/ccpdq.gob.ec\/wp-content\/uploads\/2022\/09\/BOLETIN-LANZAMIENTO.pdf\" data-brz-link-type=\"external\" target=\"_blank\" rel=\"noopener\"><strong>LANZAMIENTO DE LA CAMPA\u00d1A DENOMINADA \u201c QUININD\u00c9<\/strong><\/a><\/p>\n<p class=\"brz-tp-lg-heading2 brz-css-o11Ft\" data-generated-css=\"brz-css-weald\" data-uniq-id=\"aicea\"><a class=\"brz-cp-color2 link--external\" href=\"https:\/\/ccpdq.gob.ec\/wp-content\/uploads\/2022\/09\/BOLETIN-LANZAMIENTO.pdf\" data-brz-link-type=\"external\" target=\"_blank\" rel=\"noopener\"><strong>SEGURO <\/strong><\/a><\/p>\n<\/div>\n<\/div>\n<\/div>\n<div id=\"\" class=\"brz-css-18idbz5 brz-css-1vuasih brz-wrapper\">\n<div class=\"brz-spacer brz-css-1yr6wxx brz-css-gielm5\"><\/div>\n<\/div>\n<div id=\"\" class=\"brz-css-18idbz5 brz-css-1vuasih brz-wrapper\">\n<div class=\"brz-spacer brz-css-1yr6wxx brz-css-rcyduy\"><\/div>\n<\/div>\n<\/div>\n<\/div>\n<div class=\"brz-columns brz-css-ev25z1 brz-css-qpnxju\" data-brz-custom-id=\"rxmznaxtfkmsgbfutyqfxvmqskmvjcoztalw\">\n<div class=\"brz-bg\"><\/div>\n<div class=\"brz-column__items brz-css-wd63m6 brz-css-2xp3d7\">\n<div id=\"\" class=\"brz-css-18idbz5 brz-css-14btuj7 brz-wrapper\">\n<div class=\"brz-image brz-css-m0l4h9\" data-brz-custom-id=\"gxttetklhpycctcwrpujntxjsskzddhpmatc\"><a class=\"brz-a\" href=\"https:\/\/ccpdq.gob.ec\/wp-content\/uploads\/2022\/09\/BOLETIN-LANZAMIENTO.pdf\" target=\"_blank\" rel=\"noopener\" data-brz-link-type=\"external\"><img decoding=\"async\" class=\"brz-img\" src=\"https:\/\/ccpdq.gob.ec\/wp-content\/uploads\/brizy\/imgs\/SEGURO-884x497x197x0x489x497x1663193104.jpg\" alt=\"\" loading=\"lazy\"><\/a><\/div>\n<\/div>\n<\/div>\n<p><a class=\"brz-a brz-container-link\" href=\"https:\/\/ccpdq.gob.ec\/wp-content\/uploads\/2022\/09\/BOLETIN-LANZAMIENTO.pdf\" target=\"_blank\" rel=\"noopener\" data-brz-link-type=\"external\"><\/a><\/div>\n<\/div>\n<\/div>\n<\/div>\n<\/div>\n<\/section>\n<section id=\"_ntaaukqwseuthmchhmmnvdzvtnsifemvfghy\" class=\"brz-section brz-css-1eiawyh\">\n<div class=\"brz-section__content brz-section--boxed brz-css-1ybs650 brz-css-qrar6\" data-brz-custom-id=\"fyuiigvrmwsmrjsslbafrlwfjdnnjulipsdl\">\n<div class=\"brz-bg\">\n<div class=\"brz-bg-image\"><\/div>\n<div class=\"brz-bg-color\"><\/div>\n<\/div>\n<div class=\"brz-container brz-css-13d3tt4\"><\/div>\n<\/div>\n<\/section>\n<\/div>\n<p>    <!-- version:1737128559 --><\/p>\n","protected":false},"excerpt":{"rendered":"<p>Boletines REGRESAR QUININD\u00c9 ELIGI\u00d3 CONSEJO CONSULTIVO DE DISCAPACIDADES LANZAMIENTO DE LA CAMPA\u00d1A DENOMINADA \u201c QUININD\u00c9 SEGURO<\/p>\n","protected":false},"author":1,"featured_media":0,"parent":0,"menu_order":0,"comment_status":"closed","ping_status":"closed","template":"brizy-blank-template.php","meta":{"_monsterinsights_skip_tracking":false,"_monsterinsights_sitenote_active":false,"_monsterinsights_sitenote_note":"","_monsterinsights_sitenote_category":0,"_kad_post_transparent":"","_kad_post_title":"","_kad_post_layout":"","_kad_post_sidebar_id":"","_kad_post_content_style":"","_kad_post_vertical_padding":"","_kad_post_feature":"","_kad_post_feature_position":"","_kad_post_header":false,"_kad_post_footer":false,"footnotes":""},"class_list":["post-748","page","type-page","status-publish","hentry"],"aioseo_notices":[],"brizy_media":[{"id":1340,"url":"https:\/\/ccpdq.gob.ec\/wp-content\/uploads\/2022\/09\/299807786_583257436629467_7414328913016054178_n.jpg","name":"299807786_583257436629467_7414328913016054178_n.jpg","meta":{"brizy_attachment_uid":"wp-bb578a5add3c5b0ba2edffd8a627512e.jpg","brizy_post_uid":["196e6e9db32d57188e972def265a6078","2f3b82d04b7a32514663f2e70f2bf33f","1b2110b1c05a3169bd3a93c2c7fabdbe"]}},{"id":1590,"url":"https:\/\/ccpdq.gob.ec\/wp-content\/uploads\/2022\/09\/278072103_495625718725973_4165248420825201597_n.jpg","name":"278072103_495625718725973_4165248420825201597_n.jpg","meta":{"brizy_attachment_uid":"wp-59c09cd6d044d411fe7f7a2dcb263046.jpg","brizy_post_uid":["2f3b82d04b7a32514663f2e70f2bf33f","1b2110b1c05a3169bd3a93c2c7fabdbe","fada1010482f00abbd2fd3300d2932e7","b5223edfbd6ad6c564983e372c634ef8"]}},{"id":2327,"url":"https:\/\/ccpdq.gob.ec\/wp-content\/uploads\/2022\/09\/01-Consejo-Consultivo-de-Discapacidades-1-scaled.jpg","name":"01-Consejo-Consultivo-de-Discapacidades-1.jpg","meta":{"brizy_attachment_uid":"wp-08cc6127ac67356bdd0d80d8f9e12af2.jpg","brizy_post_uid":["b5223edfbd6ad6c564983e372c634ef8","2f3b82d04b7a32514663f2e70f2bf33f"]}},{"id":2738,"url":"https:\/\/ccpdq.gob.ec\/wp-content\/uploads\/2022\/09\/SEGURO.jpg","name":"SEGURO.jpg","meta":{"brizy_attachment_uid":"wp-fdf25252dfd4d361fd66076e8205ff87.jpg","brizy_post_uid":["2f3b82d04b7a32514663f2e70f2bf33f","c36f4eef6df4a6206df804c5b9c39be3"]}},{"id":8724,"url":"https:\/\/ccpdq.gob.ec\/wp-content\/uploads\/2024\/07\/13-1.jpg","name":"13-1.jpg","meta":{"brizy_attachment_uid":"wp-9282db188030b20dcfb29983db357258.jpg","brizy_post_uid":["2f3b82d04b7a32514663f2e70f2bf33f"]}}],"_links":{"self":[{"href":"https:\/\/ccpdq.gob.ec\/index.php\/wp-json\/wp\/v2\/pages\/748","targetHints":{"allow":["GET"]}}],"collection":[{"href":"https:\/\/ccpdq.gob.ec\/index.php\/wp-json\/wp\/v2\/pages"}],"about":[{"href":"https:\/\/ccpdq.gob.ec\/index.php\/wp-json\/wp\/v2\/types\/page"}],"author":[{"embeddable":true,"href":"https:\/\/ccpdq.gob.ec\/index.php\/wp-json\/wp\/v2\/users\/1"}],"replies":[{"embeddable":true,"href":"https:\/\/ccpdq.gob.ec\/index.php\/wp-json\/wp\/v2\/comments?post=748"}],"version-history":[{"count":16,"href":"https:\/\/ccpdq.gob.ec\/index.php\/wp-json\/wp\/v2\/pages\/748\/revisions"}],"predecessor-version":[{"id":8735,"href":"https:\/\/ccpdq.gob.ec\/index.php\/wp-json\/wp\/v2\/pages\/748\/revisions\/8735"}],"wp:attachment":[{"href":"https:\/\/ccpdq.gob.ec\/index.php\/wp-json\/wp\/v2\/media?parent=748"}],"curies":[{"name":"wp","href":"https:\/\/api.w.org\/{rel}","templated":true}]}}