{"id":749,"date":"2022-09-05T11:46:34","date_gmt":"2022-09-05T16:46:34","guid":{"rendered":"https:\/\/ccpdq.gob.ec\/?page_id=749"},"modified":"2025-08-19T05:18:59","modified_gmt":"2025-08-19T10:18:59","slug":"publicaciones","status":"publish","type":"page","link":"https:\/\/ccpdq.gob.ec\/index.php\/publicaciones\/","title":{"rendered":"Publicaciones"},"content":{"rendered":"<div class=\"brz-root__container brz-reset-all brz brz-root__container-page\">\n<section id=\"_ytpjxozgcpqmlbbfgsddjqddowngnntomzxv\" class=\"brz-section brz-css-mshto7 brz-css-1w50ql1\">\n<div class=\"brz-slick-slider brz-slick-slider__section\" data-slides-to-show=\"1\" data-slides-to-scroll=\"1\" data-arrows=\"true\" data-dots=\"true\" data-dots-class=\"brz-slick-slider__dots brz-slick-slider__dots--circle\" data-fade=\"false\" data-vertical=\"false\" data-auto-play=\"true\" data-auto-play-speed=\"3000\" data-animation-speed=\"500\" data-swipe=\"true\" data-responsive=\"%5B%7B%22breakpoint%22%3A767%2C%22settings%22%3A%7B%22slidesToShow%22%3A1%2C%22slidesToScroll%22%3A1%7D%7D%5D\">\n<div>\n<div class=\"brz-section__content brz-section--boxed brz-css-y1vujv brz-css-ev25ff\" data-brz-custom-id=\"brfbrwajktrgwjgokvlocybdfaduptnzsyrg\">\n<div class=\"brz-bg\">\n<div class=\"brz-bg-image\"><\/div>\n<div class=\"brz-bg-color\"><\/div>\n<\/div>\n<div class=\"brz-container brz-css-1u02kzq\">\n<div id=\"\" class=\"brz-css-c33ok2 brz-wrapper\">\n<div class=\"brz-menu__container brz-css-xak9z8\" data-mmenu-id=\"#lfylbixzgcwsrcrfaagdfugahfmubukyegxw_\" data-mmenu-position=\"position-left\" data-mmenu-title=\"Menu\" data-mmenu-stickytitle=\"on\" data-mmenu-isslider=\"true\" data-mmenu-closingicon=\"%7B%22desktop%22%3A%22off%22%2C%22tablet%22%3A%22off%22%2C%22mobile%22%3A%22off%22%7D\" data-brz-custom-id=\"lfylbixzgcwsrcrfaagdfugahfmubukyegxw\">\n<nav data-mods=\"%7B%22desktop%22%3A%22horizontal%22%2C%22tablet%22%3A%22horizontal%22%2C%22mobile%22%3A%22horizontal%22%7D\" class=\"brz-menu brz-menu__preview brz-css-1ld2wp2 brz-css-1baw88e\">\n<ul class=\"brz-menu__ul\" data-menu-items-active=\"\">\n<li data-menu-item-id=\"\" class=\"brz-menu__item \"><a class=\"brz-a\" target=\"\" href=\"\" title=\"\" rel=\"noopener\"><span class=\"brz-span\"><\/span><\/a>\n<ul class=\"brz-menu__sub-menu\"><\/ul>\n<\/li>\n<\/ul>\n<\/nav>\n<div class=\"brz-mm-menu__icon\"><\/div>\n<nav data-mods=\"%7B%22desktop%22%3A%22horizontal%22%2C%22tablet%22%3A%22horizontal%22%2C%22mobile%22%3A%22horizontal%22%7D\" id=\"lfylbixzgcwsrcrfaagdfugahfmubukyegxw_\" class=\"brz-menu brz-menu__preview brz-menu__mmenu brz-menu--has-dropdown brz-css-8herbo\">\n<ul class=\"brz-menu__ul\" data-menu-items-active=\"\">\n<li data-menu-item-id=\"\" class=\"brz-menu__item \"><a class=\"brz-a\" target=\"\" href=\"\" title=\"\" rel=\"noopener\"><span class=\"brz-span\"><\/span><\/a>\n<ul class=\"brz-menu__sub-menu\"><\/ul>\n<\/li>\n<\/ul>\n<\/nav>\n<\/div>\n<\/div>\n<div class=\"brz-row__container brz-css-vzzlk0\" data-brz-custom-id=\"tczazizrdlggybrwhmmcvjpndakffrwyyfor\">\n<div class=\"brz-bg\"><\/div>\n<div class=\"brz-row brz-css-x7rdj3 brz-css-1fhdzim\">\n<div data-brz-iteration-count=\"1\" class=\"brz-columns brz-css-c0j306 brz-css-1dqyahn brz-animated brz-css-9gg2kc brz-css-1tk4c9k\" data-brz-custom-id=\"oshgqxneidzmitcsozspgcfwowmwhurwkwvl\">\n<div class=\"brz-bg\"><\/div>\n<div class=\"brz-column__items brz-css-1p5v4vl brz-css-11kmi0s\">\n<div id=\"\" class=\"brz-css-c33ok2 brz-wrapper\">\n<div class=\"brz-rich-text brz-rich-text__custom brz-css-1hhgc70\" data-brz-custom-id=\"jfcwngbypsbnpnfeuodhusqsqadaazegvcca\">\n<div data-brz-translate-text=\"1\">\n<h1 class=\"brz-tp-lg-heading1 brz-css-eTSjd\" data-generated-css=\"brz-css-hqdwv\" data-uniq-id=\"rthxy\"><\/h1>\n<\/div>\n<\/div>\n<\/div>\n<\/div>\n<\/div>\n<\/div>\n<\/div>\n<div class=\"brz-row__container brz-css-vzzlk0\" data-brz-custom-id=\"gloqdxfzwkmfwajcbelmlgbhorifbgekqgrr\">\n<div class=\"brz-bg\"><\/div>\n<div class=\"brz-row brz-css-x7rdj3 brz-css-1fhdzim\">\n<div class=\"brz-columns brz-css-c0j306 brz-css-1nbv5bo\" data-brz-custom-id=\"yuczlzmwlpskkigsseknwvcihwwkxfmnnazo\">\n<div class=\"brz-bg\"><\/div>\n<div class=\"brz-column__items brz-css-1p5v4vl\">\n<div class=\"brz-wrapper-clone brz-css-1vru7j7\">\n<div class=\"brz-d-xs-flex brz-flex-xs-wrap brz-css-m4c5so brz-css-1x4zk05\" data-brz-custom-id=\"\">\n<div class=\"brz-wrapper-clone__item\" id=\"bjxanlhwqapxrtkginhpuenxjfpkomfwkcsr\"><a class=\"brz-a brz-btn brz-css-1ygpmd4 brz-css-15uoth1 brz-css-e0hs89 brz-css-1gkxexq\" href=\"https:\/\/ccpdq.gob.ec\/index.php\/sala-de-prensa\/\" target=\"_self\" rel=\"noopener\" data-brz-link-type=\"external\" data-brz-custom-id=\"bjxanlhwqapxrtkginhpuenxjfpkomfwkcsr\"><span data-brz-translate-text=\"1\" class=\"brz-span brz-text__editor\">REGRESAR<\/span><\/a><\/div>\n<\/div>\n<\/div>\n<div id=\"\" class=\"brz-css-c33ok2 brz-css-1pypcx6 brz-css-1hqlzeq brz-wrapper\">\n<div class=\"brz-spacer brz-css-1ljs47w\"><\/div>\n<\/div>\n<\/div>\n<\/div>\n<\/div>\n<\/div>\n<\/div>\n<\/div>\n<\/div>\n<div>\n<div class=\"brz-section__content brz-section--boxed brz-css-y1vujv brz-css-7hqrsl\" data-brz-custom-id=\"isjmoabgbgsqaqgxmticwdqtmgzoprpfjjnz\">\n<div class=\"brz-bg\">\n<div class=\"brz-bg-image\"><\/div>\n<div class=\"brz-bg-color\"><\/div>\n<\/div>\n<div class=\"brz-container brz-css-1u02kzq\">\n<div class=\"brz-row__container brz-css-vzzlk0\" data-brz-custom-id=\"zdrweviaqjsqljjizfxwzykfyxwolyiltlts\">\n<div class=\"brz-bg\"><\/div>\n<div class=\"brz-row brz-css-x7rdj3 brz-css-1fhdzim\">\n<div class=\"brz-columns brz-css-c0j306 brz-css-1wayv79\" data-brz-custom-id=\"kckrllqtpuyitoabokhdlrkhhwtiovwflpti\">\n<div class=\"brz-bg\"><\/div>\n<div class=\"brz-column__items brz-css-1p5v4vl\">\n<div id=\"\" class=\"brz-css-c33ok2 brz-css-1pypcx6 brz-css-1ylp21v brz-wrapper\">\n<div class=\"brz-spacer brz-css-1ljs47w\"><\/div>\n<\/div>\n<\/div>\n<\/div>\n<\/div>\n<\/div>\n<div class=\"brz-row__container brz-css-vzzlk0\" data-brz-custom-id=\"wpmufnobssppzoxcssfivwfghoxviuczxcav\">\n<div class=\"brz-bg\"><\/div>\n<div class=\"brz-row brz-css-x7rdj3 brz-css-1fhdzim\">\n<div class=\"brz-columns brz-css-c0j306 brz-css-q0pfz3\" data-brz-custom-id=\"ybmqjqwktxjtcmlzqqxpeuqtsnxokouqdenc\">\n<div class=\"brz-bg\"><\/div>\n<div class=\"brz-column__items brz-css-1p5v4vl\">\n<div class=\"brz-wrapper-clone brz-css-1vru7j7\">\n<div class=\"brz-d-xs-flex brz-flex-xs-wrap brz-css-m4c5so brz-css-1rq3m7t\" data-brz-custom-id=\"\">\n<div class=\"brz-wrapper-clone__item\" id=\"acqvgygdyatbkdypnttpwtuynjtgcsywypby\"><a class=\"brz-a brz-btn brz-css-1ygpmd4 brz-css-nc6xr6 brz-css-e0hs89 brz-css-1dmvjod\" href=\"https:\/\/ccpdq.gob.ec\/index.php\/sala-de-prensa\/\" target=\"_self\" rel=\"noopener\" data-brz-link-type=\"external\" data-brz-custom-id=\"acqvgygdyatbkdypnttpwtuynjtgcsywypby\"><span data-brz-translate-text=\"1\" class=\"brz-span brz-text__editor\">REGRESAR<\/span><\/a><\/div>\n<\/div>\n<\/div>\n<div id=\"\" class=\"brz-css-c33ok2 brz-css-1pypcx6 brz-css-4r6q2n brz-wrapper\">\n<div class=\"brz-spacer brz-css-1ljs47w\"><\/div>\n<\/div>\n<\/div>\n<\/div>\n<\/div>\n<\/div>\n<\/div>\n<\/div>\n<\/div>\n<div>\n<div class=\"brz-section__content brz-section--boxed brz-css-y1vujv brz-css-pybtoi\" data-brz-custom-id=\"zkoeltlqmgssgagqccbncobmfaswexihdocs\">\n<div class=\"brz-bg\">\n<div class=\"brz-bg-image\"><\/div>\n<div class=\"brz-bg-color\"><\/div>\n<\/div>\n<div class=\"brz-container brz-css-1u02kzq\">\n<div class=\"brz-row__container brz-css-vzzlk0\" data-brz-custom-id=\"rdtingokyaiuoksrlayyqldorpbbqlczpikc\">\n<div class=\"brz-bg\"><\/div>\n<div class=\"brz-row brz-css-x7rdj3 brz-css-1fhdzim\">\n<div class=\"brz-columns brz-css-c0j306 brz-css-12p0127\" data-brz-custom-id=\"blsxpeuuotnlofxclfavfpyomzfxffugyhvz\">\n<div class=\"brz-bg\"><\/div>\n<div class=\"brz-column__items brz-css-1p5v4vl\">\n<div class=\"brz-row__container brz-css-vzzlk0\" data-brz-custom-id=\"rehyqwbcuozhuswaafdncwvdcppidxlltyfl\">\n<div class=\"brz-bg\"><\/div>\n<div class=\"brz-row brz-row--inner brz-css-x7rdj3 brz-css-1fhdzim\">\n<div class=\"brz-columns brz-css-c0j306 brz-css-tv0x6k\" data-brz-custom-id=\"revmxiclrorjynxsksxxdnsghutydeisofqp\">\n<div class=\"brz-bg\"><\/div>\n<div class=\"brz-column__items brz-css-1p5v4vl\">\n<div class=\"brz-wrapper-clone brz-css-1vru7j7\">\n<div class=\"brz-d-xs-flex brz-flex-xs-wrap brz-css-m4c5so brz-css-x4r9js\" data-brz-custom-id=\"\">\n<div class=\"brz-wrapper-clone__item\" id=\"ldsqjyoixekigmkyqgayvsksntoateolgmrb\"><a class=\"brz-a brz-btn brz-css-1ygpmd4 brz-css-185g8q0 brz-css-e0hs89 brz-css-1wm4q\" href=\"https:\/\/ccpdq.gob.ec\/index.php\/sala-de-prensa\/\" target=\"_self\" rel=\"noopener\" data-brz-link-type=\"external\" data-brz-custom-id=\"ldsqjyoixekigmkyqgayvsksntoateolgmrb\"><span data-brz-translate-text=\"1\" class=\"brz-span brz-text__editor\">REGRESAR<\/span><\/a><\/div>\n<\/div>\n<\/div>\n<div id=\"\" class=\"brz-css-c33ok2 brz-css-1pypcx6 brz-css-socvbx brz-wrapper\">\n<div class=\"brz-spacer brz-css-1ljs47w\"><\/div>\n<\/div>\n<\/div>\n<\/div>\n<\/div>\n<\/div>\n<\/div>\n<\/div>\n<\/div>\n<\/div>\n<\/div>\n<\/div>\n<\/div>\n<\/div>\n<\/section>\n<section id=\"_xmpinucaohmwlxybaheioifqpzoigetapmbt\" class=\"brz-section brz-css-mshto7\">\n<div class=\"brz-section__content brz-section--boxed brz-css-y1vujv brz-css-1eeztj3\" data-brz-custom-id=\"yzevzjtigitcjeyyyhvtyrzqdnrhzslnrzsh\">\n<div class=\"brz-container brz-css-1u02kzq brz-css-11sdae\">\n<div id=\"\" class=\"brz-css-c33ok2 brz-css-15t7twr brz-wrapper\">\n<div class=\"brz-line brz-line-default brz-css-m8u4el brz-css-muv06l\" data-brz-custom-id=\"gyiorhtxaiocuinerbjjdyhabxcitzsotbwi\">\n<hr class=\"brz-hr\"><\/div>\n<\/div>\n<div id=\"\" class=\"brz-css-c33ok2 brz-css-1pypcx6 brz-css-1q611o7 brz-wrapper\">\n<div class=\"brz-spacer brz-css-1ljs47w brz-css-1t6js7v\"><\/div>\n<\/div>\n<div class=\"brz-row__container brz-css-vzzlk0 brz-css-1utjwck\" data-brz-custom-id=\"oupfqdaigbasarpgoidxnxxzgqpfjniyonqd\">\n<div class=\"brz-bg\"><\/div>\n<div class=\"brz-row brz-css-x7rdj3 brz-css-1fhdzim\">\n<div class=\"brz-columns brz-css-c0j306 brz-css-19k4elo\" data-brz-custom-id=\"torcvdboowvvsnhbsokwtcsiravjrwtgnfqf\">\n<div class=\"brz-bg\">\n<div class=\"brz-bg-image\"><\/div>\n<\/div>\n<div class=\"brz-column__items brz-css-1p5v4vl brz-css-1n9myav\">\n<div id=\"\" class=\"brz-css-c33ok2 brz-wrapper\">\n<div class=\"brz-rich-text brz-rich-text__custom brz-css-1hhgc70\" data-brz-custom-id=\"xkobkskykovbkiuqwhhtkzmbqodjydgmygjn\">\n<div data-brz-translate-text=\"1\">\n<h2 class=\"brz-tp-lg-heading2 brz-css-mKj2A\" data-uniq-id=\"wnsFE\" data-generated-css=\"brz-css-hv3cy\"><span class=\"brz-cp-color2\"> <\/span><\/h2>\n<h2 class=\"brz-tp-lg-heading2 brz-css-rXtKn\" data-uniq-id=\"y96Hh\" data-generated-css=\"brz-css-cT81P\"><span class=\"brz-cp-color2 brz-span\"> <\/span><\/h2>\n<h2 class=\"brz-tp-lg-heading2 brz-css-i_x93\" data-uniq-id=\"yfC1x\" data-generated-css=\"brz-css-iqR1o\"><span class=\"brz-cp-color2\"> <\/span><\/h2>\n<h2 class=\"brz-tp-lg-heading2 brz-css-jGvaT\" data-uniq-id=\"fZhNG\" data-generated-css=\"brz-css-pI6Qx\"><a class=\"link--upload brz-cp-color2\" href=\"https:\/\/ccpdq.gob.ec\/wp-content\/uploads\/2024\/07\/3-13.jpg\" data-brz-link-type=\"upload\"> <\/a><\/h2>\n<h2 class=\"brz-tp-lg-heading2 brz-css-kRMXQ\" data-uniq-id=\"gzAPb\" data-generated-css=\"brz-css-msq1O\"><span class=\"brz-cp-color2\"> <\/span><\/h2>\n<h2 class=\"brz-tp-lg-heading2 brz-css-l_FdC\" data-uniq-id=\"r7ybi\" data-generated-css=\"brz-css-ePrSG\"><span class=\"brz-cp-color2\"> <\/span><\/h2>\n<h2 class=\"brz-tp-lg-heading2 brz-css-ooduY\" data-uniq-id=\"qofbv\" data-generated-css=\"brz-css-wqdQG\"><span class=\"link--upload brz-cp-color2 brz-span\"><strong> <\/strong><\/span><\/h2>\n<\/div>\n<\/div>\n<\/div>\n<div id=\"\" class=\"brz-css-c33ok2 brz-css-1pypcx6 brz-wrapper\">\n<div class=\"brz-spacer brz-css-1ljs47w\"><\/div>\n<\/div>\n<\/div>\n<p><a class=\"brz-a brz-container-link\" href=\"https:\/\/ccpdq.gob.ec\/wp-content\/uploads\/2024\/07\/3-13.jpg\" target=\"_blank\" rel=\"noopener\" data-brz-link-type=\"upload\"><\/a><\/div>\n<\/div>\n<\/div>\n<div id=\"\" class=\"brz-css-c33ok2 brz-wrapper\">\n<div class=\"brz-wp__breadcrumbs brz-css-1ig4s4h\" data-brz-custom-id=\"oswliuuvfqhkyyjkstwobafcdgalksgoiihw\">\n<div style=\"min-height:20px\"><\/div>\n<\/div>\n<\/div>\n<div id=\"\" class=\"brz-css-c33ok2 brz-css-1pypcx6 brz-css-185n3gp brz-wrapper\">\n<div class=\"brz-spacer brz-css-1ljs47w brz-css-3opmnn\"><\/div>\n<\/div>\n<div id=\"\" class=\"brz-css-c33ok2 brz-wrapper\">\n<div class=\"brz-line brz-line-default brz-css-m8u4el brz-css-zfow9k\" data-brz-custom-id=\"ipgxovmbhdxhkhfrjjbhgixlpjflsxfoiydf\">\n<hr class=\"brz-hr\"><\/div>\n<\/div>\n<div id=\"\" class=\"brz-css-c33ok2 brz-css-1pypcx6 brz-css-r05lhc brz-wrapper\">\n<div class=\"brz-spacer brz-css-1ljs47w brz-css-1tjjzx8\"><\/div>\n<\/div>\n<div class=\"brz-row__container brz-css-vzzlk0\" data-brz-custom-id=\"msqgseblfgrpecxvzhgbldkzaoeuyoqeviyy\">\n<div class=\"brz-bg\"><\/div>\n<div class=\"brz-row brz-css-x7rdj3 brz-css-1fhdzim\">\n<div class=\"brz-columns brz-css-c0j306 brz-css-t8kehr\" data-brz-custom-id=\"zcdhuggbofowpwrqjwhlgryeympubrmoqyxh\">\n<div class=\"brz-bg\"><\/div>\n<div class=\"brz-column__items brz-css-1p5v4vl brz-css-2w3em6\">\n<div id=\"\" class=\"brz-css-c33ok2 brz-wrapper\">\n<div class=\"brz-rich-text brz-rich-text__custom brz-css-1hhgc70\" data-brz-custom-id=\"bawhnwxrreibuwfnpspnketrceisfqttwdqc\">\n<div data-brz-translate-text=\"1\">\n<p class=\"brz-tp-abovetitle brz-css-rsxca\"><span class=\"brz-cp-color2\">STEP 01<\/span><\/p>\n<\/div>\n<\/div>\n<\/div>\n<div id=\"\" class=\"brz-css-c33ok2 brz-css-1uge6x9 brz-wrapper\">\n<div class=\"brz-rich-text brz-rich-text__custom brz-css-1hhgc70\" data-brz-custom-id=\"wxelifhnnwfkarquctbwydpqkvqlpfstkzav\">\n<div data-brz-translate-text=\"1\">\n<p class=\"brz-tp-lg-paragraph brz-css-xJ0SY\" data-uniq-id=\"iaxyy\" data-generated-css=\"brz-css-fmhxr\">Consejo Cantonal de Protecci\u00f3n  de Derechos de Quinind\u00e9.<\/p>\n<\/div>\n<\/div>\n<\/div>\n<\/div>\n<\/div>\n<div class=\"brz-columns brz-css-c0j306 brz-css-187ujr2\" data-brz-custom-id=\"tjxcfbiyswikyigrjalecrvkjfeguqlfgigq\">\n<div class=\"brz-bg\"><\/div>\n<div class=\"brz-column__items brz-css-1p5v4vl brz-css-1e062o9\">\n<div id=\"\" class=\"brz-css-c33ok2 brz-wrapper\">\n<div class=\"brz-rich-text brz-rich-text__custom brz-css-1hhgc70\" data-brz-custom-id=\"mxfbxxhtuaajnzqdmyhwmcljhlccloosbpyn\">\n<div data-brz-translate-text=\"1\">\n<p class=\"brz-tp-abovetitle brz-css-lo0zb\"><span class=\"brz-cp-color2\">STEP 02<\/span><\/p>\n<\/div>\n<\/div>\n<\/div>\n<div id=\"\" class=\"brz-css-c33ok2 brz-css-xj8ojp brz-wrapper\">\n<div class=\"brz-rich-text brz-rich-text__custom brz-css-1hhgc70\" data-brz-custom-id=\"yubzbkctmteqzzjjeorjpgjargjaovktkuwq\">\n<div data-brz-translate-text=\"1\">\n<p class=\"brz-tp-lg-paragraph brz-css-p6GzE\" data-uniq-id=\"psibu\" data-generated-css=\"brz-css-frimi\">Consejo Cantonal de Protecci\u00f3n de Derechos <\/p>\n<\/div>\n<\/div>\n<\/div>\n<\/div>\n<\/div>\n<div class=\"brz-columns brz-css-c0j306 brz-css-1m4rrbu\" data-brz-custom-id=\"orebnaubhcmqkiqyqyxcoflxjuhfewhfcvgj\">\n<div class=\"brz-bg\"><\/div>\n<div class=\"brz-column__items brz-css-1p5v4vl brz-css-15kh96o\">\n<div id=\"\" class=\"brz-css-c33ok2 brz-wrapper\">\n<div class=\"brz-rich-text brz-rich-text__custom brz-css-1hhgc70\" data-brz-custom-id=\"kllpbkumbuwoxmdsfwoplzkdwkcqsmrmwyyh\">\n<div data-brz-translate-text=\"1\">\n<p class=\"brz-tp-abovetitle brz-css-pOOHt\"><span class=\"brz-cp-color2\">STEP 03<\/span><\/p>\n<\/div>\n<\/div>\n<\/div>\n<div id=\"\" class=\"brz-css-c33ok2 brz-css-1m6xo6b brz-wrapper\">\n<div class=\"brz-rich-text brz-rich-text__custom brz-css-1hhgc70\" data-brz-custom-id=\"ltqovglhxwppegljsrqmxseoogthznbqkweu\">\n<div data-brz-translate-text=\"1\">\n<p class=\"brz-tp-lg-paragraph brz-css-sHKxd\" data-uniq-id=\"uptrw\" data-generated-css=\"brz-css-qexfn\">Consejo Cantonal de Protecci\u00f3n de Derechos. <\/p>\n<\/div>\n<\/div>\n<\/div>\n<\/div>\n<\/div>\n<\/div>\n<\/div>\n<\/div>\n<\/div>\n<\/section>\n<\/div>\n<p>    <!-- version:1737112984 --><\/p>\n","protected":false},"excerpt":{"rendered":"<p>REGRESAR REGRESAR REGRESAR STEP 01 Consejo Cantonal de Protecci\u00f3n de Derechos de Quinind\u00e9. STEP 02 Consejo Cantonal de Protecci\u00f3n de Derechos STEP 03 Consejo Cantonal de Protecci\u00f3n de Derechos.<\/p>\n","protected":false},"author":1,"featured_media":0,"parent":0,"menu_order":0,"comment_status":"closed","ping_status":"closed","template":"brizy-blank-template.php","meta":{"_monsterinsights_skip_tracking":false,"_monsterinsights_sitenote_active":false,"_monsterinsights_sitenote_note":"","_monsterinsights_sitenote_category":0,"_kad_post_transparent":"","_kad_post_title":"","_kad_post_layout":"","_kad_post_sidebar_id":"","_kad_post_content_style":"","_kad_post_vertical_padding":"","_kad_post_feature":"","_kad_post_feature_position":"","_kad_post_header":false,"_kad_post_footer":false,"footnotes":""},"class_list":["post-749","page","type-page","status-publish","hentry"],"aioseo_notices":[],"brizy_media":[{"id":1033,"url":"https:\/\/ccpdq.gob.ec\/wp-content\/uploads\/2022\/09\/299912674_581432843478593_6275630913526820512_n.jpg","name":"299912674_581432843478593_6275630913526820512_n.jpg","meta":{"brizy_attachment_uid":"wp-1df30aeadeaee0c0811abad9632e186a.jpg","brizy_post_uid":["c36f4eef6df4a6206df804c5b9c39be3","9a8e2e8b78ea9decc54a6b2957220a12","daf309f5d9fb08eedddbfa1c2a5c2a4a","1b2110b1c05a3169bd3a93c2c7fabdbe","b5223edfbd6ad6c564983e372c634ef8"]}},{"id":1041,"url":"https:\/\/ccpdq.gob.ec\/wp-content\/uploads\/2022\/09\/278914757_503503587938186_1181426439094227464_n.jpg","name":"278914757_503503587938186_1181426439094227464_n.jpg","meta":{"brizy_attachment_uid":"wp-3ce2510d949cd9937cab6f6d4a30d417.jpg","brizy_post_uid":["c36f4eef6df4a6206df804c5b9c39be3","ed8baf1b58a30534c337a7265caea89d","1b2110b1c05a3169bd3a93c2c7fabdbe","5cf195472ecb705e2e4aaae788dec4b2"]}},{"id":1340,"url":"https:\/\/ccpdq.gob.ec\/wp-content\/uploads\/2022\/09\/299807786_583257436629467_7414328913016054178_n.jpg","name":"299807786_583257436629467_7414328913016054178_n.jpg","meta":{"brizy_attachment_uid":"wp-bb578a5add3c5b0ba2edffd8a627512e.jpg","brizy_post_uid":["196e6e9db32d57188e972def265a6078","2f3b82d04b7a32514663f2e70f2bf33f","1b2110b1c05a3169bd3a93c2c7fabdbe"]}},{"id":1362,"url":"https:\/\/ccpdq.gob.ec\/wp-content\/uploads\/2022\/09\/305644283_595279188760625_3881310318430653541_n.jpg","name":"305644283_595279188760625_3881310318430653541_n.jpg","meta":{"brizy_attachment_uid":"wp-bf3a1530b5074e6c996eb59bae39d301.jpg","brizy_post_uid":["a2a6dc9bd53786d76ba5caf4831496fe","1b2110b1c05a3169bd3a93c2c7fabdbe"]}},{"id":1537,"url":"https:\/\/ccpdq.gob.ec\/wp-content\/uploads\/2022\/09\/Sistema-de-Protecion-de-derechos-01-1.png","name":"Sistema-de-Protecion-de-derechos-01-1.png","meta":{"brizy_attachment_uid":"wp-f6142cdf0b84d285e31dae21187be21e.png","brizy_post_uid":["aa11a2525bea5d611ed342bbd7d1fedb","1b2110b1c05a3169bd3a93c2c7fabdbe","9d180321b07beaf18673681bee0c7dc4","5cf195472ecb705e2e4aaae788dec4b2","cde66c36b3a14c216facd5cfec5e4af7","b5223edfbd6ad6c564983e372c634ef8","c36f4eef6df4a6206df804c5b9c39be3"]}},{"id":1590,"url":"https:\/\/ccpdq.gob.ec\/wp-content\/uploads\/2022\/09\/278072103_495625718725973_4165248420825201597_n.jpg","name":"278072103_495625718725973_4165248420825201597_n.jpg","meta":{"brizy_attachment_uid":"wp-59c09cd6d044d411fe7f7a2dcb263046.jpg","brizy_post_uid":["2f3b82d04b7a32514663f2e70f2bf33f","1b2110b1c05a3169bd3a93c2c7fabdbe","fada1010482f00abbd2fd3300d2932e7","b5223edfbd6ad6c564983e372c634ef8"]}},{"id":4973,"url":"https:\/\/ccpdq.gob.ec\/wp-content\/uploads\/2022\/10\/gggggg.jpg","name":"gggggg.jpg","meta":{"brizy_attachment_uid":"wp-e99c44a1c06047efee028c809160643d.jpg","brizy_post_uid":["c36f4eef6df4a6206df804c5b9c39be3","1b2110b1c05a3169bd3a93c2c7fabdbe"]}},{"id":7247,"url":"https:\/\/ccpdq.gob.ec\/wp-content\/uploads\/2023\/05\/PAGINA-WEB-1850X705-11-scaled.jpg","name":"PAGINA-WEB-1850X705-11.jpg","meta":{"brizy_attachment_uid":"wp-fdbe8efe363712e990953398dde15192.jpg","brizy_post_uid":["c36f4eef6df4a6206df804c5b9c39be3","1b2110b1c05a3169bd3a93c2c7fabdbe","6e6b57456ad598dca1e88ddff38476db"]}},{"id":7248,"url":"https:\/\/ccpdq.gob.ec\/wp-content\/uploads\/2023\/05\/PAGINA-WEB-1850X705-21-scaled.jpg","name":"PAGINA-WEB-1850X705-21.jpg","meta":{"brizy_attachment_uid":"wp-8390e86f778132f6596595f66803a0ec.jpg","brizy_post_uid":["c36f4eef6df4a6206df804c5b9c39be3","1b2110b1c05a3169bd3a93c2c7fabdbe","9d180321b07beaf18673681bee0c7dc4","6e560953229461a72a18aa9761a3487b"]}},{"id":7249,"url":"https:\/\/ccpdq.gob.ec\/wp-content\/uploads\/2023\/05\/LOGOS-CONCEJO-PNG_Mesa-de-trabajo-11.jpg","name":"LOGOS-CONCEJO-PNG_Mesa-de-trabajo-11.jpg","meta":{"brizy_attachment_uid":"wp-67bff15e9c0bae638553903f4e6d7d75.jpg","brizy_post_uid":["c36f4eef6df4a6206df804c5b9c39be3","b7da6e614353e33119c9f0dd2a510b16","1b2110b1c05a3169bd3a93c2c7fabdbe","daf309f5d9fb08eedddbfa1c2a5c2a4a","e29dc3a3d9165047e68e1e918638d7e6","9d180321b07beaf18673681bee0c7dc4","b5223edfbd6ad6c564983e372c634ef8","319172e17029b29a1303cae5284ca19e","60282ba9b4b8625e7188dea616f6e23d","d45ae1109117571b9f956a92b0ab92a9","e04ee0431cdbd73126a64e5f2602a26f"]}},{"id":8708,"url":"https:\/\/ccpdq.gob.ec\/wp-content\/uploads\/2024\/07\/3-13.jpg","name":"3-13.jpg","meta":{"brizy_attachment_uid":"wp-c971e3a53a60c6ccaf91d4845ddbdf65.jpg","brizy_post_uid":["wp-c971e3a53a60c6ccaf91d4845ddbdf65.jpg","1b2110b1c05a3169bd3a93c2c7fabdbe"]}},{"id":8721,"url":"https:\/\/ccpdq.gob.ec\/wp-content\/uploads\/2024\/07\/2-15.jpg","name":"2-15.jpg","meta":{"brizy_attachment_uid":"wp-82c2d7d5c142ea37a5f8cca8a077d718.jpg","brizy_post_uid":["1b2110b1c05a3169bd3a93c2c7fabdbe"]}}],"_links":{"self":[{"href":"https:\/\/ccpdq.gob.ec\/index.php\/wp-json\/wp\/v2\/pages\/749","targetHints":{"allow":["GET"]}}],"collection":[{"href":"https:\/\/ccpdq.gob.ec\/index.php\/wp-json\/wp\/v2\/pages"}],"about":[{"href":"https:\/\/ccpdq.gob.ec\/index.php\/wp-json\/wp\/v2\/types\/page"}],"author":[{"embeddable":true,"href":"https:\/\/ccpdq.gob.ec\/index.php\/wp-json\/wp\/v2\/users\/1"}],"replies":[{"embeddable":true,"href":"https:\/\/ccpdq.gob.ec\/index.php\/wp-json\/wp\/v2\/comments?post=749"}],"version-history":[{"count":30,"href":"https:\/\/ccpdq.gob.ec\/index.php\/wp-json\/wp\/v2\/pages\/749\/revisions"}],"predecessor-version":[{"id":8722,"href":"https:\/\/ccpdq.gob.ec\/index.php\/wp-json\/wp\/v2\/pages\/749\/revisions\/8722"}],"wp:attachment":[{"href":"https:\/\/ccpdq.gob.ec\/index.php\/wp-json\/wp\/v2\/media?parent=749"}],"curies":[{"name":"wp","href":"https:\/\/api.w.org\/{rel}","templated":true}]}}