{"id":8092,"date":"2024-01-25T11:54:50","date_gmt":"2024-01-25T16:54:50","guid":{"rendered":"https:\/\/ccpdq.gob.ec\/?page_id=8092"},"modified":"2025-08-29T10:52:50","modified_gmt":"2025-08-29T15:52:50","slug":"ley-de-transparencia","status":"publish","type":"page","link":"https:\/\/ccpdq.gob.ec\/index.php\/ley-de-transparencia\/","title":{"rendered":"Ley de Transparencia"},"content":{"rendered":"<div class=\"brz-root__container brz-reset-all brz brz-root__container-page\">\n<section id=\"_cT3YELENctFp\" class=\"brz-section brz-css-162cf03\">\n<div class=\"brz-section__content brz-section--boxed brz-css-ayv24u\" data-brz-custom-id=\"aZLhp9FAU057\">\n<div class=\"brz-container brz-css-pii9ht\">\n<div id=\"\" class=\"brz-css-mmd3jq brz-wrapper\">\n<div class=\"brz-accordion brz-css-121s4fd\" data-brz-duration=\"300\" data-brz-custom-id=\"kXcxx1VqP1Dy\">\n<div class=\"brz-accordion__item brz-accordion__item--active\">\n<div class=\"brz-accordion__nav\" data-brz-collapsible=\"on\"><span data-brz-translate-text=\"1\" class=\"brz-accordion__nav-title brz-span brz-text__editor\">2023<\/span><\/div>\n<div class=\"brz-accordion__content brz-d-xs-flex brz-flex-xs-column\">\n<div class=\"brz-accordion__item-content brz-d-xs-flex brz-flex-xs-column\">\n<div id=\"\" class=\"brz-css-mmd3jq brz-wrapper\">\n<div class=\"brz-accordion brz-css-121s4fd\" data-brz-duration=\"300\" data-brz-custom-id=\"eSoCeAay1HNe\">\n<div class=\"brz-accordion__item brz-accordion__item--active\">\n<div class=\"brz-accordion__nav\" data-brz-collapsible=\"on\"><span data-brz-translate-text=\"1\" class=\"brz-accordion__nav-title brz-span brz-text__editor\">ENERO<\/span><\/div>\n<div class=\"brz-accordion__content brz-d-xs-flex brz-flex-xs-column\">\n<div class=\"brz-accordion__item-content brz-d-xs-flex brz-flex-xs-column\">\n<div class=\"brz-row__container brz-css-k9bqdi\" data-brz-custom-id=\"lYslif0m_njg\">\n<div class=\"brz-bg\"><\/div>\n<div class=\"brz-row brz-css-1w60igp brz-css-12dajzt\">\n<div class=\"brz-columns brz-css-s55g9r brz-css-3sk4pl\" data-brz-custom-id=\"gD94RiXIKMdf\">\n<div class=\"brz-bg\"><\/div>\n<div class=\"brz-column__items brz-css-jvtwqj\">\n<div id=\"\" class=\"brz-css-mmd3jq brz-wrapper\">\n<div class=\"brz-rich-text brz-rich-text__custom brz-css-nyxl6u\" data-brz-custom-id=\"xSbqByY3QtIP\">\n<div data-brz-translate-text=\"1\">\n<p class=\"brz-tp-lg-paragraph brz-css-tQ8mu\" data-generated-css=\"brz-css-hkKPN\" data-uniq-id=\"c4fGb\"><span>LITERAL A1_ ORGANIGRAMA DE LA INSTITUCI\u00d3N<\/span><\/p>\n<p class=\"brz-tp-lg-paragraph brz-css-aPghj\" data-generated-css=\"brz-css-cdgpu\" data-uniq-id=\"dmjir\"><span>LITERAL_A2 BASE LEGAL QUE RIGE A LA INSTITUCI\u00d3N&nbsp;<\/span><\/p>\n<p class=\"brz-tp-lg-paragraph brz-css-jW27Z\" data-generated-css=\"brz-css-rzvak\" data-uniq-id=\"kdlzf\"><span>LITERAL_A3_REGULACIONES_Y_PROCEDIMIENTOS_INTERNOS<\/span><\/p>\n<p class=\"brz-tp-lg-paragraph brz-css-wKk9B\" data-generated-css=\"brz-css-lclgu\" data-uniq-id=\"ppjur\"><span>LITERAL_A4_METAS_Y_OBJETIVOS_UNIDADES_ADMINISTRATIVAS<\/span><\/p>\n<p class=\"brz-tp-lg-paragraph brz-css-j03i2\" data-generated-css=\"brz-css-kdmae\" data-uniq-id=\"cbabw\"><span>LITERAL_B1_DIRECTORIO_DE_LA_INSTITUCI\u00d3N_<\/span><\/p>\n<p class=\"brz-tp-lg-paragraph brz-css-kpDPE\" data-generated-css=\"brz-css-fsglj\" data-uniq-id=\"fpzsx\"><span>LITERAL_B2_DISTRIBUTIVO_DE_PERSONAL<\/span><\/p>\n<p class=\"brz-tp-lg-paragraph brz-css-cQvXu\" data-generated-css=\"brz-css-aptjr\" data-uniq-id=\"ymlga\"><span>LITERAL_C_REMUNERACI\u00d3N_MENSUAL_POR_PUESTO<\/span><\/p>\n<p class=\"brz-tp-lg-paragraph brz-css-lQuJ_\" data-generated-css=\"brz-css-kvsew\" data-uniq-id=\"ntjfz\"><span>LITERAL_D_SERVICIOS_QUE_OFRECE_Y_LAS_FORMAS_DE_ACCEDER_A_ELLOS<\/span><\/p>\n<p class=\"brz-tp-lg-paragraph brz-css-vmySw\" data-generated-css=\"brz-css-ycorh\" data-uniq-id=\"gjkio\"><span>LITERAL_E_TEXTO_INTEGRO_DE_CONTRATOS_COLECTIVOS_VIGENTES<\/span><\/p>\n<p class=\"brz-tp-lg-paragraph brz-css-bNh27\" data-generated-css=\"brz-css-lxlgd\" data-uniq-id=\"qvaba\"><span>LITERAL_G- PRESUPUESTO_DE_LA_INSTITUCI\u00d3N<\/span><\/p>\n<p class=\"brz-tp-lg-paragraph brz-css-zlyET\" data-generated-css=\"brz-css-slcll\" data-uniq-id=\"drmje\"><span>LITERAL_H- RESULTADOS_DE_AUDITORIAS_INTERNAS_Y_GUBERNAMENTALES<\/span><\/p>\n<p class=\"brz-tp-lg-paragraph brz-css-zA0Dk\" data-generated-css=\"brz-css-mmgca\" data-uniq-id=\"xhseo\"><span>LITERAL_J_EMPRESAS_Y_PERSONAS_QUE_HAN_INCUMPLIDO_CONTRATOS<\/span><\/p>\n<p class=\"brz-tp-lg-paragraph brz-css-uwFE_\" data-generated-css=\"brz-css-wmjfi\" data-uniq-id=\"nmmxv\"><span>LITERAL_I PROCESOS DE CONTRATACIONES<\/span><\/p>\n<p class=\"brz-tp-lg-paragraph brz-css-txjIp\" data-generated-css=\"brz-css-yvltj\" data-uniq-id=\"jfczj\"><span>LITERAL_K- PLANES_Y_PROGRAMAS_EN_EJECUCI\u00d3N<\/span><\/p>\n<p class=\"brz-tp-lg-paragraph brz-css-pvjoh\" data-generated-css=\"brz-css-shokd\" data-uniq-id=\"cipnb\"><span>LITERAL_M_MECANISMOS_DE_RENDICI\u00d3N_DE_CUENTAS_A_LA_CIUDADAN\u00cdA<\/span><\/p>\n<p class=\"brz-tp-lg-paragraph brz-css-v77gj\" data-generated-css=\"brz-css-iqyac\" data-uniq-id=\"pkvan\"><span>LITERAL_N- VI\u00c1TICOS_INFORMES_DE_TRABAJO_Y_JUSTIFICATIVOS<\/span><\/p>\n<p class=\"brz-tp-lg-paragraph brz-css-hT3zB\" data-generated-css=\"brz-css-vikof\" data-uniq-id=\"cowuc\"><span>LITERAL_O_RESPONSABLE_DE_ATENDER_LA_INFORMACI\u00d3N_PUBLICA<\/span><\/p>\n<p class=\"brz-tp-lg-paragraph brz-css-wNGra\" data-generated-css=\"brz-css-hkKPN\" data-uniq-id=\"c4fGb\"><span> <\/span><\/p>\n<\/div>\n<\/div>\n<\/div>\n<\/div>\n<\/div>\n<\/div>\n<\/div>\n<\/div>\n<\/div>\n<\/div>\n<div class=\"brz-accordion__item\">\n<div class=\"brz-accordion__nav\" data-brz-collapsible=\"on\"><span data-brz-translate-text=\"1\" class=\"brz-accordion__nav-title brz-span brz-text__editor\">FEBRERO<\/span><\/div>\n<div class=\"brz-accordion__content brz-d-xs-flex brz-flex-xs-column\">\n<div class=\"brz-accordion__item-content brz-d-xs-flex brz-flex-xs-column\"><\/div>\n<\/div>\n<\/div>\n<div class=\"brz-accordion__item\">\n<div class=\"brz-accordion__nav\" data-brz-collapsible=\"on\"><span data-brz-translate-text=\"1\" class=\"brz-accordion__nav-title brz-span brz-text__editor\">MARZO<\/span><\/div>\n<div class=\"brz-accordion__content brz-d-xs-flex brz-flex-xs-column\">\n<div class=\"brz-accordion__item-content brz-d-xs-flex brz-flex-xs-column\"><\/div>\n<\/div>\n<\/div>\n<div class=\"brz-accordion__item\">\n<div class=\"brz-accordion__nav\" data-brz-collapsible=\"on\"><span data-brz-translate-text=\"1\" class=\"brz-accordion__nav-title brz-span brz-text__editor\">ABRIL<\/span><\/div>\n<div class=\"brz-accordion__content brz-d-xs-flex brz-flex-xs-column\">\n<div class=\"brz-accordion__item-content brz-d-xs-flex brz-flex-xs-column\"><\/div>\n<\/div>\n<\/div>\n<div class=\"brz-accordion__item\">\n<div class=\"brz-accordion__nav\" data-brz-collapsible=\"on\"><span data-brz-translate-text=\"1\" class=\"brz-accordion__nav-title brz-span brz-text__editor\">MAYO<\/span><\/div>\n<div class=\"brz-accordion__content brz-d-xs-flex brz-flex-xs-column\">\n<div class=\"brz-accordion__item-content brz-d-xs-flex brz-flex-xs-column\"><\/div>\n<\/div>\n<\/div>\n<div class=\"brz-accordion__item\">\n<div class=\"brz-accordion__nav\" data-brz-collapsible=\"on\"><span data-brz-translate-text=\"1\" class=\"brz-accordion__nav-title brz-span brz-text__editor\">JUNIO<\/span><\/div>\n<div class=\"brz-accordion__content brz-d-xs-flex brz-flex-xs-column\">\n<div class=\"brz-accordion__item-content brz-d-xs-flex brz-flex-xs-column\"><\/div>\n<\/div>\n<\/div>\n<div class=\"brz-accordion__item\">\n<div class=\"brz-accordion__nav\" data-brz-collapsible=\"on\"><span data-brz-translate-text=\"1\" class=\"brz-accordion__nav-title brz-span brz-text__editor\">JULIO<\/span><\/div>\n<div class=\"brz-accordion__content brz-d-xs-flex brz-flex-xs-column\">\n<div class=\"brz-accordion__item-content brz-d-xs-flex brz-flex-xs-column\"><\/div>\n<\/div>\n<\/div>\n<div class=\"brz-accordion__item\">\n<div class=\"brz-accordion__nav\" data-brz-collapsible=\"on\"><span data-brz-translate-text=\"1\" class=\"brz-accordion__nav-title brz-span brz-text__editor\">AGOSTO<\/span><\/div>\n<div class=\"brz-accordion__content brz-d-xs-flex brz-flex-xs-column\">\n<div class=\"brz-accordion__item-content brz-d-xs-flex brz-flex-xs-column\"><\/div>\n<\/div>\n<\/div>\n<div class=\"brz-accordion__item\">\n<div class=\"brz-accordion__nav\" data-brz-collapsible=\"on\"><span data-brz-translate-text=\"1\" class=\"brz-accordion__nav-title brz-span brz-text__editor\">SEPTIEMBRE<\/span><\/div>\n<div class=\"brz-accordion__content brz-d-xs-flex brz-flex-xs-column\">\n<div class=\"brz-accordion__item-content brz-d-xs-flex brz-flex-xs-column\"><\/div>\n<\/div>\n<\/div>\n<div class=\"brz-accordion__item\">\n<div class=\"brz-accordion__nav\" data-brz-collapsible=\"on\"><span data-brz-translate-text=\"1\" class=\"brz-accordion__nav-title brz-span brz-text__editor\">NOVIEMBRE<\/span><\/div>\n<div class=\"brz-accordion__content brz-d-xs-flex brz-flex-xs-column\">\n<div class=\"brz-accordion__item-content brz-d-xs-flex brz-flex-xs-column\"><\/div>\n<\/div>\n<\/div>\n<div class=\"brz-accordion__item\">\n<div class=\"brz-accordion__nav\" data-brz-collapsible=\"on\"><span data-brz-translate-text=\"1\" class=\"brz-accordion__nav-title brz-span brz-text__editor\">DICIEMBRE<\/span><\/div>\n<div class=\"brz-accordion__content brz-d-xs-flex brz-flex-xs-column\">\n<div class=\"brz-accordion__item-content brz-d-xs-flex brz-flex-xs-column\"><\/div>\n<\/div>\n<\/div>\n<\/div>\n<\/div>\n<\/div>\n<\/div>\n<\/div>\n<div class=\"brz-accordion__item\">\n<div class=\"brz-accordion__nav\" data-brz-collapsible=\"on\"><span data-brz-translate-text=\"1\" class=\"brz-accordion__nav-title brz-span brz-text__editor\">Accordion 2<\/span><\/div>\n<div class=\"brz-accordion__content brz-d-xs-flex brz-flex-xs-column\">\n<div class=\"brz-accordion__item-content brz-d-xs-flex brz-flex-xs-column\">\n<div class=\"brz-wrapper-clone brz-css-dyazf3\">\n<div class=\"brz-d-xs-flex brz-flex-xs-wrap brz-css-rj46cw\" data-brz-custom-id=\"\">\n<div class=\"brz-wrapper-clone__item\" id=\"zAShAR3XWl6f\"><a class=\"brz-a brz-btn brz-css-jjpple brz-css-1potliw\" href=\"\" target=\"_self\" rel=\"noopener\" data-brz-link-type=\"external\" data-brz-custom-id=\"zAShAR3XWl6f\"><span data-brz-translate-text=\"1\" class=\"brz-span brz-text__editor\">BUTTON<\/span><\/a><\/div>\n<\/div>\n<\/div>\n<\/div>\n<\/div>\n<\/div>\n<\/div>\n<\/div>\n<\/div>\n<\/div>\n<\/section>\n<\/div>\n<p>    <!-- version:1737738506 --><\/p>\n","protected":false},"excerpt":{"rendered":"<p>2023 ENERO LITERAL A1_ ORGANIGRAMA DE LA INSTITUCI\u00d3N LITERAL_A2 BASE LEGAL QUE RIGE A LA INSTITUCI\u00d3N&nbsp; LITERAL_A3_REGULACIONES_Y_PROCEDIMIENTOS_INTERNOS LITERAL_A4_METAS_Y_OBJETIVOS_UNIDADES_ADMINISTRATIVAS LITERAL_B1_DIRECTORIO_DE_LA_INSTITUCI\u00d3N_ LITERAL_B2_DISTRIBUTIVO_DE_PERSONAL LITERAL_C_REMUNERACI\u00d3N_MENSUAL_POR_PUESTO LITERAL_D_SERVICIOS_QUE_OFRECE_Y_LAS_FORMAS_DE_ACCEDER_A_ELLOS LITERAL_E_TEXTO_INTEGRO_DE_CONTRATOS_COLECTIVOS_VIGENTES LITERAL_G- PRESUPUESTO_DE_LA_INSTITUCI\u00d3N LITERAL_H- RESULTADOS_DE_AUDITORIAS_INTERNAS_Y_GUBERNAMENTALES LITERAL_J_EMPRESAS_Y_PERSONAS_QUE_HAN_INCUMPLIDO_CONTRATOS LITERAL_I PROCESOS DE CONTRATACIONES LITERAL_K- PLANES_Y_PROGRAMAS_EN_EJECUCI\u00d3N LITERAL_M_MECANISMOS_DE_RENDICI\u00d3N_DE_CUENTAS_A_LA_CIUDADAN\u00cdA LITERAL_N- VI\u00c1TICOS_INFORMES_DE_TRABAJO_Y_JUSTIFICATIVOS LITERAL_O_RESPONSABLE_DE_ATENDER_LA_INFORMACI\u00d3N_PUBLICA FEBRERO MARZO ABRIL MAYO JUNIO JULIO AGOSTO SEPTIEMBRE NOVIEMBRE DICIEMBRE Accordion 2 BUTTON<\/p>\n","protected":false},"author":1,"featured_media":0,"parent":0,"menu_order":0,"comment_status":"closed","ping_status":"closed","template":"brizy-blank-template.php","meta":{"_monsterinsights_skip_tracking":false,"_monsterinsights_sitenote_active":false,"_monsterinsights_sitenote_note":"","_monsterinsights_sitenote_category":0,"_kad_post_transparent":"","_kad_post_title":"","_kad_post_layout":"","_kad_post_sidebar_id":"","_kad_post_content_style":"","_kad_post_vertical_padding":"","_kad_post_feature":"","_kad_post_feature_position":"","_kad_post_header":false,"_kad_post_footer":false,"footnotes":""},"class_list":["post-8092","page","type-page","status-publish","hentry"],"aioseo_notices":[],"brizy_media":[],"_links":{"self":[{"href":"https:\/\/ccpdq.gob.ec\/index.php\/wp-json\/wp\/v2\/pages\/8092","targetHints":{"allow":["GET"]}}],"collection":[{"href":"https:\/\/ccpdq.gob.ec\/index.php\/wp-json\/wp\/v2\/pages"}],"about":[{"href":"https:\/\/ccpdq.gob.ec\/index.php\/wp-json\/wp\/v2\/types\/page"}],"author":[{"embeddable":true,"href":"https:\/\/ccpdq.gob.ec\/index.php\/wp-json\/wp\/v2\/users\/1"}],"replies":[{"embeddable":true,"href":"https:\/\/ccpdq.gob.ec\/index.php\/wp-json\/wp\/v2\/comments?post=8092"}],"version-history":[{"count":4,"href":"https:\/\/ccpdq.gob.ec\/index.php\/wp-json\/wp\/v2\/pages\/8092\/revisions"}],"predecessor-version":[{"id":8102,"href":"https:\/\/ccpdq.gob.ec\/index.php\/wp-json\/wp\/v2\/pages\/8092\/revisions\/8102"}],"wp:attachment":[{"href":"https:\/\/ccpdq.gob.ec\/index.php\/wp-json\/wp\/v2\/media?parent=8092"}],"curies":[{"name":"wp","href":"https:\/\/api.w.org\/{rel}","templated":true}]}}