{"id":8277,"date":"2024-01-31T20:59:48","date_gmt":"2024-02-01T01:59:48","guid":{"rendered":"https:\/\/ccpdq.gob.ec\/?page_id=8277"},"modified":"2025-08-13T11:31:00","modified_gmt":"2025-08-13T16:31:00","slug":"defensoria-del-pueblo","status":"publish","type":"page","link":"https:\/\/ccpdq.gob.ec\/index.php\/defensoria-del-pueblo\/","title":{"rendered":"Defensor\u00eda del Pueblo"},"content":{"rendered":"<div class=\"brz-root__container brz-reset-all brz brz-root__container-page\">\n<section id=\"_m_Rg1jxRZRrR\" class=\"brz-section brz-css-1nnrztj\">\n<div class=\"brz-section__content brz-section--boxed brz-css-unn6y8 brz-css-kknd2v\" data-brz-custom-id=\"aKvyhsOnncD_\">\n<div class=\"brz-bg\">\n<div class=\"brz-bg-image\"><\/div>\n<\/div>\n<div class=\"brz-container brz-css-qlzine\">\n<div id=\"\" class=\"brz-css-1mpjkdi brz-wrapper\">\n<div class=\"brz-menu__container brz-css-1b95di\" data-mmenu-id=\"#v7oV4T7ZgCuU_\" data-mmenu-position=\"position-left\" data-mmenu-title=\"Menu\" data-mmenu-stickytitle=\"off\" data-mmenu-isslider=\"false\" data-mmenu-closingicon=\"%7B%22desktop%22%3A%22off%22%2C%22tablet%22%3A%22off%22%2C%22mobile%22%3A%22off%22%7D\" data-brz-custom-id=\"v7oV4T7ZgCuU\">\n<nav data-mods=\"%7B%22desktop%22%3A%22horizontal%22%2C%22tablet%22%3A%22horizontal%22%2C%22mobile%22%3A%22horizontal%22%7D\" class=\"brz-menu brz-menu__preview brz-css-g8afb0 brz-css-epjsi1\">\n<ul class=\"brz-menu__ul\" data-menu-items-active=\"\">\n<li data-menu-item-id=\"\" class=\"brz-menu__item \"><a class=\"brz-a\" target=\"\" href=\"\" title=\"\" rel=\"noopener\"><span class=\"brz-span\"><\/span><\/a>\n<ul class=\"brz-menu__sub-menu\"><\/ul>\n<\/li>\n<\/ul>\n<\/nav>\n<div class=\"brz-mm-menu__icon\"><\/div>\n<nav data-mods=\"%7B%22desktop%22%3A%22horizontal%22%2C%22tablet%22%3A%22horizontal%22%2C%22mobile%22%3A%22horizontal%22%7D\" id=\"v7oV4T7ZgCuU_\" class=\"brz-menu brz-menu__preview brz-menu__mmenu brz-menu--has-dropdown brz-css-1nmvrc9\">\n<ul class=\"brz-menu__ul\" data-menu-items-active=\"\">\n<li data-menu-item-id=\"\" class=\"brz-menu__item \"><a class=\"brz-a\" target=\"\" href=\"\" title=\"\" rel=\"noopener\"><span class=\"brz-span\"><\/span><\/a>\n<ul class=\"brz-menu__sub-menu\"><\/ul>\n<\/li>\n<\/ul>\n<\/nav>\n<\/div>\n<\/div>\n<div class=\"brz-row__container brz-css-w69dg6\" data-brz-custom-id=\"o0Hlemktr4fU\">\n<div class=\"brz-bg\"><\/div>\n<div class=\"brz-row brz-css-1dly518 brz-css-d13va8\">\n<div class=\"brz-columns brz-css-1qh59yp brz-css-iu7i7r\" data-brz-custom-id=\"zLgyrx0ghp89\">\n<div class=\"brz-bg\"><\/div>\n<div class=\"brz-column__items brz-css-hzx0xy\">\n<div id=\"\" class=\"brz-css-1mpjkdi brz-css-18127r1 brz-wrapper\">\n<div class=\"brz-image brz-css-prpqpj brz-css-zz3zpo\" data-brz-custom-id=\"tGTnjJSA9mFB\"><img decoding=\"async\" class=\"brz-img\" src=\"https:\/\/ccpdq.gob.ec\/wp-content\/uploads\/brizy\/imgs\/sitio-web-877x364x258x0x360x364x1691611321.jpg\" alt=\"\" loading=\"lazy\"><\/div>\n<\/div>\n<\/div>\n<\/div>\n<div class=\"brz-columns brz-css-1qh59yp brz-css-1csbw4z\" data-brz-custom-id=\"pnlroymO1iN9\">\n<div class=\"brz-bg\"><\/div>\n<div class=\"brz-column__items brz-css-hzx0xy brz-css-1cxp1nc\">\n<div id=\"\" class=\"brz-css-1mpjkdi brz-css-dq3rb9 brz-wrapper\">\n<div class=\"brz-rich-text brz-rich-text__custom brz-css-whc1xr\" data-brz-custom-id=\"eTafVDkzsBSV\">\n<div data-brz-translate-text=\"1\">\n<p data-generated-css=\"brz-css-v1N5M\" data-uniq-id=\"dkC5B\" class=\"brz-text-lg-justify brz-fss-lg-px brz-fw-lg-700 brz-ls-lg-0 brz-lh-lg-1 brz-vfw-lg-400 brz-fwdth-lg-100 brz-fsft-lg-0 brz-tp-lg-empty brz-ff-kumbh_sans brz-ft-google brz-fs-lg-37 brz-css-zb9Wb\">Defensor\u00eda del Pueblo<\/p>\n<\/div>\n<\/div>\n<\/div>\n<div id=\"\" class=\"brz-css-1mpjkdi brz-wrapper\">\n<div class=\"brz-rich-text brz-rich-text__custom brz-css-whc1xr\" data-brz-custom-id=\"dRPgBxvYoWMP\">\n<div data-brz-translate-text=\"1\">\n<p class=\"brz-mb-xs-0 brz-mb-lg-20 brz-mb-sm-0 brz-text-lg-center brz-tp-lg-empty brz-ff-kumbh_sans brz-ft-google brz-fs-lg-18 brz-fss-lg-px brz-fw-lg-400 brz-ls-lg-0 brz-lh-lg-1 brz-css-gwcyC\" data-uniq-id=\"gm8Qo\" data-generated-css=\"brz-css-z1WHJ\"><a class=\"link--external\" href=\"https:\/\/ccpdq.gob.ec\/wp-content\/uploads\/2024\/01\/CUMPLIMIENTO-LOTAID-ANUAL.pdf\" data-brz-link-type=\"external\" target=\"_blank\" rel=\"noopener\">INFORME ANUAL CUMPLIMIENTO ART. 11 DE LA LOTAIP A\u00d1O 2023<\/a><\/p>\n<\/div>\n<\/div>\n<\/div>\n<\/div>\n<\/div>\n<div class=\"brz-columns brz-css-1qh59yp brz-css-5qcx3x\" data-brz-custom-id=\"xysvHK6EL8TZ\">\n<div class=\"brz-bg\"><\/div>\n<div class=\"brz-column__items brz-css-hzx0xy brz-css-1jut527\">\n<div id=\"\" class=\"brz-css-1mpjkdi brz-css-17mliez brz-wrapper\">\n<div class=\"brz-rich-text brz-rich-text__custom brz-css-whc1xr\" data-brz-custom-id=\"e5K_7qgsI_N5\">\n<div data-brz-translate-text=\"1\">\n<p class=\"brz-text-lg-center brz-tp-lg-empty brz-ff-kumbh_sans brz-ft-google brz-fs-lg-34 brz-fss-lg-px brz-fw-lg-700 brz-ls-lg-0 brz-lh-lg-1 brz-vfw-lg-400 brz-fwdth-lg-100 brz-fsft-lg-0 brz-css-ezDUl\" data-generated-css=\"brz-css-f878c\" data-uniq-id=\"oC43l\">CPCCS<\/p>\n<\/div>\n<\/div>\n<\/div>\n<div id=\"\" class=\"brz-css-1mpjkdi brz-wrapper\">\n<div class=\"brz-rich-text brz-rich-text__custom brz-css-whc1xr\" data-brz-custom-id=\"voenwbIfFHFC\">\n<div data-brz-translate-text=\"1\">\n<p class=\"brz-lh-lg-1 brz-ls-lg-0 brz-fw-lg-400 brz-fss-lg-px brz-fs-lg-18 brz-ft-google brz-ff-kumbh_sans brz-tp-lg-empty brz-text-lg-center brz-mb-sm-0 brz-mb-lg-20 brz-mb-xs-0 brz-css-bpl3t\" data-generated-css=\"brz-css-mzTkJ\" data-uniq-id=\"aV5e4\"><a class=\"link--upload\" href=\"https:\/\/ccpdq.gob.ec\/wp-content\/uploads\/2024\/10\/FORMULARIO-RENDICION-DE-CUENTAS-2023-SUBIDO.pdf\" data-brz-link-type=\"upload\">INFORME ANUAL  A\u00d1O 2023<\/a><\/p>\n<\/div>\n<\/div>\n<\/div>\n<\/div>\n<\/div>\n<\/div>\n<\/div>\n<\/div>\n<\/div>\n<\/section>\n<\/div>\n<p>    <!-- version:1737100880 --><\/p>\n","protected":false},"excerpt":{"rendered":"<p>Defensor\u00eda del Pueblo INFORME ANUAL CUMPLIMIENTO ART. 11 DE LA LOTAIP A\u00d1O 2023 CPCCS INFORME ANUAL A\u00d1O 2023<\/p>\n","protected":false},"author":1,"featured_media":0,"parent":0,"menu_order":0,"comment_status":"closed","ping_status":"closed","template":"brizy-blank-template.php","meta":{"_monsterinsights_skip_tracking":false,"_monsterinsights_sitenote_active":false,"_monsterinsights_sitenote_note":"","_monsterinsights_sitenote_category":0,"_kad_post_transparent":"","_kad_post_title":"","_kad_post_layout":"","_kad_post_sidebar_id":"","_kad_post_content_style":"","_kad_post_vertical_padding":"","_kad_post_feature":"","_kad_post_feature_position":"","_kad_post_header":false,"_kad_post_footer":false,"footnotes":""},"class_list":["post-8277","page","type-page","status-publish","hentry"],"aioseo_notices":[],"brizy_media":[{"id":7721,"url":"https:\/\/ccpdq.gob.ec\/wp-content\/uploads\/2023\/08\/sitio-web.jpg","name":"sitio-web.jpg","meta":{"brizy_attachment_uid":"wp-fa27e5b36976a200f821f7eeea559165.jpg","brizy_post_uid":["c36f4eef6df4a6206df804c5b9c39be3","f7127f6901e7281aea43717766b4eb9d"]}}],"_links":{"self":[{"href":"https:\/\/ccpdq.gob.ec\/index.php\/wp-json\/wp\/v2\/pages\/8277","targetHints":{"allow":["GET"]}}],"collection":[{"href":"https:\/\/ccpdq.gob.ec\/index.php\/wp-json\/wp\/v2\/pages"}],"about":[{"href":"https:\/\/ccpdq.gob.ec\/index.php\/wp-json\/wp\/v2\/types\/page"}],"author":[{"embeddable":true,"href":"https:\/\/ccpdq.gob.ec\/index.php\/wp-json\/wp\/v2\/users\/1"}],"replies":[{"embeddable":true,"href":"https:\/\/ccpdq.gob.ec\/index.php\/wp-json\/wp\/v2\/comments?post=8277"}],"version-history":[{"count":11,"href":"https:\/\/ccpdq.gob.ec\/index.php\/wp-json\/wp\/v2\/pages\/8277\/revisions"}],"predecessor-version":[{"id":8990,"href":"https:\/\/ccpdq.gob.ec\/index.php\/wp-json\/wp\/v2\/pages\/8277\/revisions\/8990"}],"wp:attachment":[{"href":"https:\/\/ccpdq.gob.ec\/index.php\/wp-json\/wp\/v2\/media?parent=8277"}],"curies":[{"name":"wp","href":"https:\/\/api.w.org\/{rel}","templated":true}]}}