{"id":909,"date":"2022-09-05T14:32:10","date_gmt":"2022-09-05T19:32:10","guid":{"rendered":"https:\/\/ccpdq.gob.ec\/?page_id=909"},"modified":"2025-08-18T09:20:28","modified_gmt":"2025-08-18T14:20:28","slug":"redes","status":"publish","type":"page","link":"https:\/\/ccpdq.gob.ec\/index.php\/redes\/","title":{"rendered":"Redes"},"content":{"rendered":"<div class=\"brz-root__container brz-reset-all brz brz-root__container-page\">\n<section id=\"_swzzrdteendrqjhvvncbxdwzcjsenmamrcsz\" class=\"brz-section brz-section__header brz-css-1v32g7e\">\n<div class=\"brz-section__menu-item brz-css-12wzy79 brz-css-1wtz31k\" data-brz-custom-id=\"xbexcgwqacbojnrieyvmboquufsohddjdvlk\">\n<div class=\"brz-bg\">\n<div class=\"brz-bg-color\"><\/div>\n<\/div>\n<div class=\"brz-container brz-css-1i55rif brz-css-12vgic9\">\n<div class=\"brz-row__container brz-css-762mc2\" data-brz-custom-id=\"dhftopzdcebbyhmxsvlbiisvhmsstetgacvi\">\n<div class=\"brz-bg\"><\/div>\n<div class=\"brz-row brz-css-oi9m1l brz-css-oayx8u\">\n<div class=\"brz-columns brz-css-lz8mo brz-css-1llvb7q\" data-brz-custom-id=\"nljrjhvewejihlydoodgeuuovtwqygabmktn\">\n<div class=\"brz-bg\"><\/div>\n<div class=\"brz-column__items brz-css-1k11nwc brz-css-1of477t\">\n<div id=\"\" class=\"brz-css-zyje2p brz-wrapper\">\n<div class=\"brz-menu__container brz-css-339kkq brz-css-gyzsch\" data-mmenu-id=\"#hrnetxpxtrdofbnybtoubcaojxznahwgkwbj_\" data-mmenu-position=\"position-left\" data-mmenu-title=\"Main Menu\" data-mmenu-stickytitle=\"on\" data-mmenu-closingicon=\"%7B%22desktop%22%3A%22off%22%2C%22tablet%22%3A%22off%22%2C%22mobile%22%3A%22off%22%7D\" data-brz-custom-id=\"hrnetxpxtrdofbnybtoubcaojxznahwgkwbj\">\n<nav data-mods=\"%7B%22desktop%22%3A%22horizontal%22%2C%22tablet%22%3A%22horizontal%22%2C%22mobile%22%3A%22horizontal%22%7D\" class=\"brz-menu brz-menu__preview brz-css-1okzgsf brz-css-1ldwtdh\">\n<ul class=\"brz-menu__ul\" data-menu-items-active=\"\">\n<li data-menu-item-id=\"\" class=\"brz-menu__item \"><a class=\"brz-a\" target=\"\" href=\"\" title=\"\" rel=\"noopener\"><span class=\"brz-span\"><\/span><\/a>\n<ul class=\"brz-menu__sub-menu\"><\/ul>\n<\/li>\n<\/ul>\n<\/nav>\n<div class=\"brz-mm-menu__icon\"><\/div>\n<nav data-mods=\"%7B%22desktop%22%3A%22horizontal%22%2C%22tablet%22%3A%22horizontal%22%2C%22mobile%22%3A%22horizontal%22%7D\" id=\"hrnetxpxtrdofbnybtoubcaojxznahwgkwbj_\" class=\"brz-menu brz-menu__preview brz-menu__mmenu brz-menu--has-dropdown brz-css-58o7qt brz-css-kh0wsu\">\n<ul class=\"brz-menu__ul\" data-menu-items-active=\"\">\n<li data-menu-item-id=\"\" class=\"brz-menu__item \"><a class=\"brz-a\" target=\"\" href=\"\" title=\"\" rel=\"noopener\"><span class=\"brz-span\"><\/span><\/a>\n<ul class=\"brz-menu__sub-menu\"><\/ul>\n<\/li>\n<\/ul>\n<\/nav>\n<\/div>\n<\/div>\n<\/div>\n<\/div>\n<\/div>\n<\/div>\n<\/div>\n<\/div>\n<\/section>\n<section id=\"_lhmtjnugitkhiyzqaipklnclbuflfiwyjkky\" class=\"brz-section brz-css-1rowogd\">\n<div class=\"brz-section__content brz-section--boxed brz-css-sewzdy brz-css-uc7edw\" data-brz-custom-id=\"sdagujgxqjdkiiaqkdpfivybrwpleugusugk\">\n<div class=\"brz-bg\">\n<div class=\"brz-bg-image\"><\/div>\n<\/div>\n<div class=\"brz-container brz-css-1i4naih\">\n<div id=\"\" class=\"brz-css-zyje2p brz-css-y8yyj1 brz-css-bw3jbs brz-wrapper\">\n<div class=\"brz-spacer brz-css-1qeld7a brz-css-zroqp7\"><\/div>\n<\/div>\n<\/div>\n<\/div>\n<\/section>\n<section id=\"_umdbimpnwgnclpxgonlhraatwxqzsdfsrhnr\" class=\"brz-section brz-css-1rowogd\">\n<div class=\"brz-section__content brz-section--boxed brz-css-sewzdy brz-css-8g62l6\" data-brz-custom-id=\"upgegsqfdlzrhidqfpcshrxvgjlpaosqwfyz\">\n<div class=\"brz-container brz-css-1i4naih\">\n<div class=\"brz-row__container brz-css-762mc2\" data-brz-custom-id=\"hulgdqjwenwkezicepwtkwgnopmnnxtyitfo\">\n<div class=\"brz-bg\"><\/div>\n<div class=\"brz-row brz-css-oi9m1l brz-css-6usqae\">\n<div class=\"brz-columns brz-css-lz8mo brz-css-1sdrj5o\" data-brz-custom-id=\"tuskvmedomnpqfiuxhdvcjxsytywrflfjkgr\">\n<div class=\"brz-bg\"><\/div>\n<div class=\"brz-column__items brz-css-1k11nwc brz-css-157exza\">\n<div class=\"brz-row__container brz-css-762mc2\" data-brz-custom-id=\"ihuadhqeircycwmoiubwaildjbdqfxtrmzma\">\n<div class=\"brz-bg\"><\/div>\n<div class=\"brz-row brz-row--inner brz-css-oi9m1l brz-css-6usqae\">\n<div class=\"brz-columns brz-css-lz8mo brz-css-1dy0mu4\" data-brz-custom-id=\"vuqnmmmpbeakyxjpnkiksvrubnzlwwevdcmo\">\n<div class=\"brz-bg\">\n<div class=\"brz-bg-color\"><\/div>\n<\/div>\n<div class=\"brz-column__items brz-css-1k11nwc brz-css-l20s12\">\n<div id=\"\" class=\"brz-css-zyje2p brz-wrapper\">\n<div class=\"brz-icon-text brz-css-12ssax4 brz-css-1uoo5w9\" data-brz-custom-id=\"xdevxxrbwoxapjrevdfstjclyvkdtianoupx\">\n<div class=\"brz-icon__container\" data-brz-custom-id=\"sqhqycllzsysfzuvsoicrfpeyjispyjmklgs\"><span class=\"brz-icon brz-span brz-css-1lbqldv brz-css-17oqebo\"><\/span><\/div>\n<div class=\"brz-text-btn\">\n<div class=\"brz-rich-text brz-rich-text__custom brz-css-1gv8e9g\" data-brz-custom-id=\"mibqpprjrcujrpfclhvvflhiobgvxulvdnnj\">\n<div data-brz-translate-text=\"1\">\n<p class=\"brz-tp-sm-empty brz-lh-sm-1_7 brz-ls-sm-0 brz-fw-sm-500 brz-fss-sm-px brz-fs-sm-16 brz-tp-lg-heading5 brz-fw-lg-500 brz-fss-lg-px brz-fs-lg-12 brz-ft-google brz-ff-rubik brz-ls-lg-1 brz-lh-lg-1_5 brz-tp-xs-heading4 brz-mt-xs-15 brz-css-lsYNS\" data-generated-css=\"brz-css-omqwk\" data-uniq-id=\"mpsxh\"><span class=\"brz-capitalize-on\">Redes Interinstitucional<\/span><\/p>\n<\/div>\n<\/div>\n<\/div>\n<\/div>\n<\/div>\n<div id=\"\" class=\"brz-css-zyje2p brz-wrapper\">\n<div class=\"brz-rich-text brz-rich-text__custom brz-css-1gv8e9g\" data-brz-custom-id=\"ixxmdcjtuewmqeiuapvkdjsfkfcdafxalggv\">\n<div data-brz-translate-text=\"1\">\n<p class=\"brz-tp-lg-paragraph brz-css-eghpk\" data-generated-css=\"brz-css-dnonw\" data-uniq-id=\"tedpq\"><span class=\"brz-cp-color7\">Son redes que abarcan a distintas instituciones u organizaciones y que surgen del hecho de compartir intereses y circunstancias en com\u00fan.<\/span><\/p>\n<\/div>\n<\/div>\n<\/div>\n<\/div>\n<\/div>\n<div class=\"brz-columns brz-css-lz8mo brz-css-1u8ngje\" data-brz-custom-id=\"mvuhrdwnyvkilasnlwbxlsgrynzpvjdsrzmd\">\n<div class=\"brz-bg\">\n<div class=\"brz-bg-color\"><\/div>\n<\/div>\n<div class=\"brz-column__items brz-css-1k11nwc brz-css-optvc8\">\n<div id=\"\" class=\"brz-css-zyje2p brz-wrapper\">\n<div class=\"brz-icon-text brz-css-12ssax4 brz-css-ld11bn\" data-brz-custom-id=\"qfhholsfwjgrgaqwqdmplywnduucrrbpgnsd\">\n<div class=\"brz-icon__container\" data-brz-custom-id=\"ctivshotnxawgqbwmiyhnhwbjpifleykybui\"><span class=\"brz-icon brz-span brz-css-1lbqldv brz-css-1qkysnk\"><\/span><\/div>\n<div class=\"brz-text-btn\">\n<div class=\"brz-rich-text brz-rich-text__custom brz-css-1gv8e9g\" data-brz-custom-id=\"zxeyuuxwovvvrmlofuqvbfwxxwhauwiwktjg\">\n<div data-brz-translate-text=\"1\">\n<p class=\"brz-mt-xs-15 brz-lh-lg-1_5 brz-ls-lg-1 brz-ff-rubik brz-ft-google brz-fs-lg-12 brz-fss-lg-px brz-fw-lg-500 brz-tp-lg-heading5 brz-fs-sm-16 brz-fss-sm-px brz-fw-sm-500 brz-ls-sm-0 brz-lh-sm-1_7 brz-tp-sm-empty brz-tp-xs-heading4 brz-text-lg-left brz-css-h9Ktb\" data-uniq-id=\"nfkoe\" data-generated-css=\"brz-css-kfsnb\"><span class=\"brz-capitalize-on\">Redes ciudadanas intergeneracionales de protecci\u00f3n de derechos<\/span><\/p>\n<\/div>\n<\/div>\n<\/div>\n<\/div>\n<\/div>\n<div id=\"\" class=\"brz-css-zyje2p brz-wrapper\">\n<div class=\"brz-rich-text brz-rich-text__custom brz-css-1gv8e9g\" data-brz-custom-id=\"wcmdimcgexjnlwiyfneztjqzwupiojhlujte\">\n<div data-brz-translate-text=\"1\">\n<p class=\"brz-tp-lg-paragraph brz-css-kwyup\" data-generated-css=\"brz-css-ypkhs\" data-uniq-id=\"iaqpt\"><span class=\"brz-cp-color7\">Asegurar el pleno ejercicio de derechos, igualdad y no discriminaci\u00f3n de ni\u00f1as, ni\u00f1os, adolescentes, j\u00f3venes, adultos y adultas mayores.<\/span><\/p>\n<\/div>\n<\/div>\n<\/div>\n<\/div>\n<\/div>\n<\/div>\n<\/div>\n<div class=\"brz-row__container brz-css-762mc2\" data-brz-custom-id=\"twvnkowarihnviozvdqotapzptshzqrydvit\">\n<div class=\"brz-bg\"><\/div>\n<div class=\"brz-row brz-row--inner brz-css-oi9m1l brz-css-6usqae\">\n<div class=\"brz-columns brz-css-lz8mo brz-css-5yn2cy\" data-brz-custom-id=\"gxohlxxhhjcnwduwfmeckwmujreiogzrdwpf\">\n<div class=\"brz-bg\">\n<div class=\"brz-bg-color\"><\/div>\n<\/div>\n<div class=\"brz-column__items brz-css-1k11nwc brz-css-1rbn03a\">\n<div id=\"\" class=\"brz-css-zyje2p brz-wrapper\">\n<div class=\"brz-icon-text brz-css-12ssax4 brz-css-bt9w37\" data-brz-custom-id=\"snbrfpvmfebyhzhtjavxtyygumosojrrfqbx\">\n<div class=\"brz-icon__container\" data-brz-custom-id=\"nqcgzeywwjwirejsmziybumwrikjdragxpsh\"><span class=\"brz-icon brz-span brz-css-1lbqldv brz-css-1pc3hju\"><\/span><\/div>\n<div class=\"brz-text-btn\">\n<div class=\"brz-rich-text brz-rich-text__custom brz-css-1gv8e9g\" data-brz-custom-id=\"etkqsbjzuraubaqidwfsxysvhpqgtukmledm\">\n<div data-brz-translate-text=\"1\">\n<p class=\"brz-mt-xs-15 brz-lh-lg-1_5 brz-ls-lg-1 brz-ff-rubik brz-ft-google brz-fs-lg-12 brz-fss-lg-px brz-fw-lg-500 brz-tp-lg-heading5 brz-fs-sm-16 brz-fss-sm-px brz-fw-sm-500 brz-ls-sm-0 brz-lh-sm-1_7 brz-tp-sm-empty brz-tp-xs-heading4 brz-css-kLkvj\" data-uniq-id=\"lzbsz\" data-generated-css=\"brz-css-pdnyr\"><span class=\"brz-capitalize-on\">Redes de mujer en contra de la violencia  hacia la mujer<\/span><\/p>\n<\/div>\n<\/div>\n<\/div>\n<\/div>\n<\/div>\n<div id=\"\" class=\"brz-css-zyje2p brz-wrapper\">\n<div class=\"brz-rich-text brz-rich-text__custom brz-css-1gv8e9g\" data-brz-custom-id=\"beqzmplltdkspjmlzvkgjgjogpbvgqtdbrdy\">\n<div data-brz-translate-text=\"1\">\n<p class=\"brz-tp-lg-paragraph brz-css-a1K2Q\" data-generated-css=\"brz-css-cgnvm\" data-uniq-id=\"ntnwf\"><span class=\"brz-cp-color7\"> Una red de apoyo es el c\u00edrculo de amistades y familiares al que las mujeres v\u00edctimas de violencia pueden acudir para encontrar acompa\u00f1amiento, apoyo y oportunidades para salir del ciclo en el que se encuentra.<\/span><\/p>\n<\/div>\n<\/div>\n<\/div>\n<\/div>\n<\/div>\n<div class=\"brz-columns brz-css-lz8mo brz-css-1r228u0\" data-brz-custom-id=\"idnoqtuhokgvdjjevtapnrvgweepegndydcg\">\n<div class=\"brz-bg\">\n<div class=\"brz-bg-color\"><\/div>\n<\/div>\n<div class=\"brz-column__items brz-css-1k11nwc brz-css-11pb76u\">\n<div id=\"\" class=\"brz-css-zyje2p brz-wrapper\">\n<div class=\"brz-icon-text brz-css-12ssax4 brz-css-1ail4lf\" data-brz-custom-id=\"bkkkdbsmzyebkupscssqzkcgpvgepzhsapai\">\n<div class=\"brz-icon__container\" data-brz-custom-id=\"cyydydonznoeksrzptdojzajyqjwstuskxwa\"><span class=\"brz-icon brz-span brz-css-1lbqldv brz-css-1j8p76m\"><\/span><\/div>\n<div class=\"brz-text-btn\">\n<div class=\"brz-rich-text brz-rich-text__custom brz-css-1gv8e9g\" data-brz-custom-id=\"koujjiszshwelruquhzoubbwgpblroitbiok\">\n<div data-brz-translate-text=\"1\">\n<p class=\"brz-mt-xs-15 brz-tp-sm-empty brz-lh-sm-1_7 brz-ls-sm-0 brz-fw-sm-500 brz-fss-sm-px brz-fs-sm-16 brz-tp-lg-heading5 brz-fw-lg-500 brz-fss-lg-px brz-fs-lg-12 brz-ft-google brz-ff-rubik brz-ls-lg-1 brz-lh-lg-1_5 brz-tp-xs-heading4 brz-css-mJ64a\" data-generated-css=\"brz-css-mspag\" data-uniq-id=\"fndsd\"><span class=\"brz-capitalize-on\">Redes intergeneracionales en los sistemas educativos<\/span><\/p>\n<\/div>\n<\/div>\n<\/div>\n<\/div>\n<\/div>\n<div id=\"\" class=\"brz-css-zyje2p brz-wrapper\">\n<div class=\"brz-rich-text brz-rich-text__custom brz-css-1gv8e9g\" data-brz-custom-id=\"ghpvqeqwwikbyoqwaqswrolzfpphnhlmwsjz\">\n<div data-brz-translate-text=\"1\">\n<p class=\"brz-tp-lg-paragraph brz-css-xJ6q5\" data-generated-css=\"brz-css-otold\" data-uniq-id=\"shigc\"><span class=\"brz-cp-color7\">Derechos de las futuras generaciones, las cuales constituyen una mera expectativa frente a su posible existencia.<\/span><\/p>\n<\/div>\n<\/div>\n<\/div>\n<\/div>\n<\/div>\n<\/div>\n<\/div>\n<\/div>\n<\/div>\n<\/div>\n<\/div>\n<div id=\"\" class=\"brz-css-zyje2p brz-css-y8yyj1 brz-css-50y8bq brz-wrapper\">\n<div class=\"brz-spacer brz-css-1qeld7a brz-css-1yvwng3\"><\/div>\n<\/div>\n<\/div>\n<\/div>\n<\/section>\n<\/div>\n<p>    <!-- version:1737099777 --><\/p>\n","protected":false},"excerpt":{"rendered":"<p>Redes Interinstitucional Son redes que abarcan a distintas instituciones u organizaciones y que surgen del hecho de compartir intereses y circunstancias en com\u00fan. Redes ciudadanas intergeneracionales de protecci\u00f3n de derechos Asegurar el pleno ejercicio de derechos, igualdad y no discriminaci\u00f3n de ni\u00f1as, ni\u00f1os, adolescentes, j\u00f3venes, adultos y adultas mayores. Redes de mujer en contra de&#8230;<\/p>\n","protected":false},"author":1,"featured_media":0,"parent":0,"menu_order":0,"comment_status":"closed","ping_status":"closed","template":"brizy-blank-template.php","meta":{"_monsterinsights_skip_tracking":false,"_monsterinsights_sitenote_active":false,"_monsterinsights_sitenote_note":"","_monsterinsights_sitenote_category":0,"_kad_post_transparent":"","_kad_post_title":"","_kad_post_layout":"","_kad_post_sidebar_id":"","_kad_post_content_style":"","_kad_post_vertical_padding":"","_kad_post_feature":"","_kad_post_feature_position":"","_kad_post_header":false,"_kad_post_footer":false,"footnotes":""},"class_list":["post-909","page","type-page","status-publish","hentry"],"aioseo_notices":[],"brizy_media":[{"id":2216,"url":"https:\/\/ccpdq.gob.ec\/wp-content\/uploads\/2022\/09\/01-Redes-Ciudadanas-scaled.jpg","name":"01-Redes-Ciudadanas.jpg","meta":{"brizy_attachment_uid":"wp-967504d4c30796c637fa7808a894b512.jpg","brizy_post_uid":["60282ba9b4b8625e7188dea616f6e23d"]}},{"id":7249,"url":"https:\/\/ccpdq.gob.ec\/wp-content\/uploads\/2023\/05\/LOGOS-CONCEJO-PNG_Mesa-de-trabajo-11.jpg","name":"LOGOS-CONCEJO-PNG_Mesa-de-trabajo-11.jpg","meta":{"brizy_attachment_uid":"wp-67bff15e9c0bae638553903f4e6d7d75.jpg","brizy_post_uid":["c36f4eef6df4a6206df804c5b9c39be3","b7da6e614353e33119c9f0dd2a510b16","1b2110b1c05a3169bd3a93c2c7fabdbe","daf309f5d9fb08eedddbfa1c2a5c2a4a","e29dc3a3d9165047e68e1e918638d7e6","9d180321b07beaf18673681bee0c7dc4","b5223edfbd6ad6c564983e372c634ef8","319172e17029b29a1303cae5284ca19e","60282ba9b4b8625e7188dea616f6e23d","d45ae1109117571b9f956a92b0ab92a9","e04ee0431cdbd73126a64e5f2602a26f"]}},{"id":7749,"url":"https:\/\/ccpdq.gob.ec\/wp-content\/uploads\/2023\/08\/LOGO-570x510-1.png","name":"LOGO-570x510-1.png","meta":{"brizy_attachment_uid":"wp-1c7e6d1ecec69ee2094c860ac6669406.png","brizy_post_uid":["c36f4eef6df4a6206df804c5b9c39be3","9d180321b07beaf18673681bee0c7dc4","5cf195472ecb705e2e4aaae788dec4b2","b5223edfbd6ad6c564983e372c634ef8","b7da6e614353e33119c9f0dd2a510b16","ed8baf1b58a30534c337a7265caea89d","319172e17029b29a1303cae5284ca19e","e04ee0431cdbd73126a64e5f2602a26f","d45ae1109117571b9f956a92b0ab92a9","60282ba9b4b8625e7188dea616f6e23d","daf309f5d9fb08eedddbfa1c2a5c2a4a"]}},{"id":8814,"url":"https:\/\/ccpdq.gob.ec\/wp-content\/uploads\/2024\/07\/WhatsApp-Image-2024-07-29-at-3.59.18-PM.jpeg","name":"WhatsApp-Image-2024-07-29-at-3.59.18-PM.jpeg","meta":{"brizy_attachment_uid":"wp-56c86364ba5566488aaf6c8d210af7ee.jpeg","brizy_post_uid":["60282ba9b4b8625e7188dea616f6e23d"]}}],"_links":{"self":[{"href":"https:\/\/ccpdq.gob.ec\/index.php\/wp-json\/wp\/v2\/pages\/909","targetHints":{"allow":["GET"]}}],"collection":[{"href":"https:\/\/ccpdq.gob.ec\/index.php\/wp-json\/wp\/v2\/pages"}],"about":[{"href":"https:\/\/ccpdq.gob.ec\/index.php\/wp-json\/wp\/v2\/types\/page"}],"author":[{"embeddable":true,"href":"https:\/\/ccpdq.gob.ec\/index.php\/wp-json\/wp\/v2\/users\/1"}],"replies":[{"embeddable":true,"href":"https:\/\/ccpdq.gob.ec\/index.php\/wp-json\/wp\/v2\/comments?post=909"}],"version-history":[{"count":12,"href":"https:\/\/ccpdq.gob.ec\/index.php\/wp-json\/wp\/v2\/pages\/909\/revisions"}],"predecessor-version":[{"id":8815,"href":"https:\/\/ccpdq.gob.ec\/index.php\/wp-json\/wp\/v2\/pages\/909\/revisions\/8815"}],"wp:attachment":[{"href":"https:\/\/ccpdq.gob.ec\/index.php\/wp-json\/wp\/v2\/media?parent=909"}],"curies":[{"name":"wp","href":"https:\/\/api.w.org\/{rel}","templated":true}]}}