{"id":9179,"date":"2025-08-29T15:21:33","date_gmt":"2025-08-29T20:21:33","guid":{"rendered":"https:\/\/ccpdq.gob.ec\/?page_id=9179"},"modified":"2025-09-02T12:49:30","modified_gmt":"2025-09-02T17:49:30","slug":"__trashed","status":"publish","type":"page","link":"https:\/\/ccpdq.gob.ec\/index.php\/__trashed\/","title":{"rendered":"Proyectos"},"content":{"rendered":"<div class=\"brz brz-root__container brz-reset-all brz-root__container-page\" >\n<section id=\"oUaA2k_ugLdy_oUaA2k_ugLdy\" class=\"brz-section brz-css-1470ha0 brz-css-h0fpo2\">\n<div class=\"brz-section__content brz-section--boxed brz-css-1pmchl4 brz-css-t33jfj\" data-brz-custom-id=\"um429R6dNZ9_\">\n<div class=\"brz-bg\">\n<div class=\"brz-bg-image\"><\/div>\n<\/div>\n<div class=\"brz-container brz-css-1sl1zv7 brz-css-at8ckt\">\n<div id=\"\" class=\"brz-css-qbbru8 brz-css-1cqd31c brz-wrapper\">\n<div class=\"brz-rich-text brz-rich-text__custom brz-css-1sr9483 brz-css-1s9s7k0\" data-brz-custom-id=\"yckvAbwnhLQC\">\n<div data-brz-translate-text=\"1\">\n<p class=\"brz-tp-lg-paragraph brz-css-zxsrR\" data-uniq-id=\"cpmDt\" data-generated-css=\"brz-css-mL39L\"><\/p>\n<\/div>\n<\/div>\n<\/div>\n<div id=\"\" class=\"brz-css-qbbru8 brz-css-mkzsj9 brz-wrapper\">\n<div class=\"brz-rich-text brz-rich-text__custom brz-css-1sr9483 brz-css-ksmbae\" data-brz-custom-id=\"vl8oQo7Mo3nZ\">\n<div data-brz-translate-text=\"1\">\n<p class=\"brz-fs-lg-55 brz-ft-google brz-ff-overpass brz-tp-lg-empty brz-fsft-lg-0 brz-fwdth-lg-100 brz-vfw-lg-400 brz-lh-lg-1_9 brz-ls-lg-0 brz-fw-lg-400 brz-fss-lg-px brz-text-lg-center brz-mt-lg-100 brz-css-zWvEA\" data-uniq-id=\"raGJF\" data-generated-css=\"brz-css-wr739\"><strong style=\"color: rgb(255, 255, 255);\" class=\"brz-uppercase-true brz-bold-true brz-capitalize-on\">Proyectos Institucionales<\/strong><\/p>\n<\/div>\n<\/div>\n<\/div>\n<div id=\"\" class=\"brz-css-qbbru8 brz-css-qp1ll8 brz-wrapper\">\n<div class=\"brz-rich-text brz-rich-text__custom brz-css-1sr9483 brz-css-6iot9f\" data-brz-custom-id=\"bkurELKuzH7L\">\n<div data-brz-translate-text=\"1\">\n<p class=\"brz-fs-lg-22 brz-ft-google brz-ff-overpass brz-tp-lg-empty brz-fsft-lg-0 brz-fwdth-lg-100 brz-vfw-lg-400 brz-lh-lg-1_9 brz-ls-lg-0 brz-fw-lg-400 brz-fss-lg-px brz-text-lg-center brz-css-gdn92\" data-uniq-id=\"zlhsR\" data-generated-css=\"brz-css-oznye\"><span style=\"color: rgb(255, 255, 255);\">Conoce los proyectos que estamos ejecutando para el desarrollo del Canton Quinind\u00e9.<\/span><\/p>\n<\/div>\n<\/div>\n<\/div>\n<\/div>\n<\/div>\n<\/section>\n<section id=\"fIOOaPa0n8Oc_fIOOaPa0n8Oc\" class=\"brz-section brz-css-1yjzbj1 brz-css-1xg0zjd\">\n<div class=\"brz-section__content brz-section--boxed brz-css-15qck60 brz-css-av53hh\" data-brz-custom-id=\"nn66Sa5tGEUX\">\n<div class=\"brz-container brz-css-1c2om82 brz-css-tn0tft\">\n<div id=\"\" class=\"brz-css-1pymecc brz-css-s4w828 brz-wrapper .brz-accordion\">\n<div class=\"brz-accordion brz-css-10x40jy brz-css-1mhr1wd\" data-brz-duration=\"300\" data-brz-custom-id=\"m8x9PhZpe4uv\">\n<div class=\"brz-accordion__item\">\n<div class=\"brz-accordion__nav\" data-brz-collapsible=\"on\"><span data-brz-translate-text=\"1\" class=\"brz-accordion__nav-title brz-span brz-text__editor\">Proyecto Adquisici\u00f3n De Veh\u00edculo Institucional Para Fortalecer La Atenci\u00f3n En Territorio Y La Ejecuci\u00f3n De Proyectos Sociales En El&nbsp;Cant\u00f3n&nbsp;Quinind\u00e9<\/span><\/div>\n<div class=\"brz-accordion__content brz-d-xs-flex brz-flex-xs-column\">\n<div class=\"brz-accordion__item-content brz-d-xs-flex brz-flex-xs-column\">\n<div id=\"\" class=\"brz-css-1pymecc brz-css-24gon9 brz-wrapper\">\n<div class=\"brz-rich-text brz-rich-text__custom brz-css-arwl2v brz-css-1socwt4\" data-brz-custom-id=\"tUpKK88MVTei\">\n<div data-brz-translate-text=\"1\">\n<ul>\n<li style=\"color: rgb(255, 244, 182);\" class=\"brz-tp-lg-paragraph brz-bcp-color8 brz-css-mztHO\" data-generated-css=\"brz-css-r_9zF\" data-uniq-id=\"yHPN6\"><a class=\"link--external\" style=\"color: rgb(255, 244, 182);\" href=\"https:\/\/drive.google.com\/file\/d\/1WHd0BrYu1SZB_Ke2lvVkcNwGEAbUPe3g\/view?usp=sharing\" data-brz-link-type=\"external\">proyecto adquisici\u00f3n de veh\u00edculo institucional para fortalecer la atenci\u00f3n en territorio y la ejecuci\u00f3n de proyectos sociales en el cant\u00f3n quininde<\/a><\/li>\n<\/ul>\n<\/div>\n<\/div>\n<\/div>\n<\/div>\n<\/div>\n<\/div>\n<div class=\"brz-accordion__item\">\n<div class=\"brz-accordion__nav\" data-brz-collapsible=\"on\"><span data-brz-translate-text=\"1\" class=\"brz-accordion__nav-title brz-span brz-text__editor\">Producci\u00f3n De Material Impreso Y Visual En La Difusi\u00f3n De Derechos De Los Grupos De Atenci\u00f3n Prioritaria Y En Situaci\u00f3n De Vulnerabilidad En El Cant\u00f3n&nbsp;Quinind\u00e9&nbsp;\u2013&nbsp;2025<\/span><\/div>\n<div class=\"brz-accordion__content brz-d-xs-flex brz-flex-xs-column\">\n<div class=\"brz-accordion__item-content brz-d-xs-flex brz-flex-xs-column\">\n<div id=\"\" class=\"brz-css-1pymecc brz-css-tcvjs7 brz-wrapper\">\n<div class=\"brz-rich-text brz-rich-text__custom brz-css-arwl2v brz-css-1tk5khj\" data-brz-custom-id=\"rbH6iWgtMqnq\">\n<div data-brz-translate-text=\"1\">\n<ul>\n<li style=\"color: rgb(255, 244, 182);\" class=\"brz-tp-lg-paragraph brz-bcp-color8 brz-css-iQJzA\" data-generated-css=\"brz-css-e5fY8\" data-uniq-id=\"zlE0K\"><a class=\"link--external\" style=\"color: rgb(255, 244, 182);\" href=\"https:\/\/drive.google.com\/file\/d\/1SUTHtddAkUA7_nWIIbuHrfW40BIPFbJH\/view?usp=sharing\" data-brz-link-type=\"external\">Producci\u00f3n de material impreso y visual en la difusi\u00f3n de derechos de los grupos de atenci\u00f3n prioritaria y en situaci\u00f3n de ulnerabilidad n el Cant\u00f3n&nbsp;Quinind\u00e9<\/a><\/li>\n<\/ul>\n<\/div>\n<\/div>\n<\/div>\n<\/div>\n<\/div>\n<\/div>\n<div class=\"brz-accordion__item brz-accordion__item--active\">\n<div class=\"brz-accordion__nav\" data-brz-collapsible=\"on\"><span data-brz-translate-text=\"1\" class=\"brz-accordion__nav-title brz-span brz-text__editor\">PROYECTO CAMPA\u00d1A DE CONCIENTIZACI\u00d3N SOBRE LOS DERECHOS DE LOS GRUPOS DE ATENCI\u00d3N PRIORITARIA EN EL CANT\u00d3N&nbsp;QUININD\u00c9&nbsp;\u2013&nbsp;2025<\/span><\/div>\n<div class=\"brz-accordion__content brz-d-xs-flex brz-flex-xs-column\">\n<div class=\"brz-accordion__item-content brz-d-xs-flex brz-flex-xs-column\">\n<div id=\"\" class=\"brz-css-1pymecc brz-css-4dzpau brz-wrapper\">\n<div class=\"brz-rich-text brz-rich-text__custom brz-css-arwl2v brz-css-dupt8f\" data-brz-custom-id=\"kVL66wLbiemr\">\n<div data-brz-translate-text=\"1\">\n<ul>\n<li style=\"color: rgb(255, 244, 182);\" class=\"brz-tp-lg-paragraph brz-bcp-color8 brz-css-pHtqt\" data-generated-css=\"brz-css-i4iUb\" data-uniq-id=\"u2FTm\"><a class=\"link--external\" style=\"color: rgb(255, 244, 182);\" href=\"https:\/\/drive.google.com\/file\/d\/1Q_b5J-EvNO6wDR8rVg8dYpOYlCKMh-A7\/view?usp=sharing\" data-brz-link-type=\"external\">proyecto campa\u00f1a de concientizaci\u00f3n sobre los derechos de los grupos de atenci\u00f3n prioritaria<\/a><\/li>\n<\/ul>\n<\/div>\n<\/div>\n<\/div>\n<\/div>\n<\/div>\n<\/div>\n<\/div>\n<\/div>\n<\/div>\n<\/div>\n<\/section>\n<section id=\"avbYIwD9eyHR_avbYIwD9eyHR\" class=\"brz-section brz-css-avfyrd brz-css-1g34n3i\">\n<div class=\"brz-section__content brz-section--boxed brz-css-1102zn0 brz-css-v22erg\" data-brz-custom-id=\"aT92dMmjeP6i\">\n<div class=\"brz-bg\">\n<div class=\"brz-bg-color\"><\/div>\n<\/div>\n<div class=\"brz-container brz-css-ytde04 brz-css-1t1dlh9\">\n<div class=\"brz-row__container brz-css-cms4a7 brz-css-bn307y\" data-brz-custom-id=\"wXBo3wSwgbf7\">\n<div class=\"brz-row brz-css-1txgh41 brz-css-pqvaor brz-css-e7wnl9\">\n<div class=\"brz-columns brz-css-j08uz3 brz-css-1bnexsy\" data-brz-custom-id=\"v7LAVzicYEoa\">\n<div class=\"brz-bg\">\n<div class=\"brz-bg-color\"><\/div>\n<\/div>\n<div class=\"brz-column__items brz-css-p31oer brz-css-j7omtv\">\n<div id=\"\" class=\"brz-css-10vxvy3 brz-css-1dqhay9 brz-wrapper\">\n<div class=\"brz-image brz-css-oje86g brz-css-1h9jyhi\" data-brz-custom-id=\"eU5fzNERgFrs\"><a class=\"brz-a\" href=\"https:\/\/ccpdq.gob.ec\/\" target=\"_self\" rel=\"noopener\" data-brz-link-type=\"external\"><picture class=\"brz-picture brz-d-block brz-p-relative brz-css-13k9pmh brz-css-178ln1y\"><source srcset=\"https:\/\/ccpdq.gob.ec\/wp-content\/uploads\/brizy\/imgs\/LOGO-270x240--215x192x0x2x215x188x1692200397.png 1x, https:\/\/ccpdq.gob.ec\/wp-content\/uploads\/brizy\/imgs\/LOGO-270x240--430x384x0x4x430x376x1692200397.png 2x\" media=\"(min-width: 992px)\"><source srcset=\"https:\/\/ccpdq.gob.ec\/wp-content\/uploads\/brizy\/imgs\/LOGO-270x240--517x462x0x5x517x453x1692200397.png 1x, https:\/\/ccpdq.gob.ec\/wp-content\/uploads\/brizy\/imgs\/LOGO-270x240--1034x924x0x10x1034x906x1692200397.png 2x\" media=\"(min-width: 768px)\"><img decoding=\"async\" class=\"brz-img\" srcset=\"https:\/\/ccpdq.gob.ec\/wp-content\/uploads\/brizy\/imgs\/LOGO-270x240--155x138x0x1x155x136x1692200397.png 1x, https:\/\/ccpdq.gob.ec\/wp-content\/uploads\/brizy\/imgs\/LOGO-270x240--310x276x0x2x310x272x1692200397.png 2x\" src=\"https:\/\/ccpdq.gob.ec\/wp-content\/uploads\/brizy\/imgs\/LOGO-270x240--215x192x0x2x215x188x1692200397.png\" alt=\"\" title=\"LOGO 270x240\" draggable=\"false\" loading=\"lazy\"><\/picture><\/a><\/div>\n<\/div>\n<div class=\"brz-row__container brz-css-cms4a7 brz-css-zdzai8\" data-brz-custom-id=\"d_u14kAl2lhr\">\n<div class=\"brz-row brz-row--inner brz-css-1txgh41 brz-css-pqvaor brz-css-fa4181\">\n<div class=\"brz-columns brz-css-j08uz3 brz-css-hfoyl0\" data-brz-custom-id=\"pVwnFDpQOTVH\">\n<div class=\"brz-column__items brz-css-p31oer brz-css-smv1vd\">\n<div id=\"\" class=\"brz-css-10vxvy3 brz-css-jm0cy8 brz-wrapper\">\n<div class=\"brz-rich-text brz-rich-text__custom brz-css-1dqif4q brz-css-ixgy4x\" data-brz-custom-id=\"bDv9cbbAbsZm\">\n<div data-brz-translate-text=\"1\">\n<p class=\"brz-fw-xs-700 brz-text-xs-center brz-ls-xs-2 brz-ls-sm-2 brz-fs-sm-13 brz-lh-sm-1_7 brz-fs-xs-13 brz-lh-xs-1_7 brz-text-sm-left brz-fw-sm-700 brz-fss-lg-px brz-fw-lg-700 brz-ls-lg-0 brz-lh-lg-1_5 brz-tp-lg-empty brz-ff-montserrat brz-ft-google brz-fs-lg-16 brz-css-sRKi1\" data-uniq-id=\"lmpqq\" data-generated-css=\"brz-css-uxkic\"><span style=\"color: rgb(63, 56, 54);\">Direcci\u00f3n <\/span><\/p>\n<\/div>\n<\/div>\n<\/div>\n<div id=\"\" class=\"brz-css-10vxvy3 brz-css-zzyeev brz-wrapper\">\n<div class=\"brz-map brz-map_styles brz-css-xfqztu brz-css-1omqwn3\" data-brz-custom-id=\"zxejVbbg0NHB\">\n<div class=\"brz-ui-ed-map-content\"><iframe class=\"intrinsic-ignore brz-ui-ed-iframe\" src=\"https:\/\/www.google.com\/maps\/embed\/v1\/place?key=AIzaSyCcywKcxXeMZiMwLDcLgyEnNglcLOyB_qw&amp;q=E20,&nbsp;Quinind\u00e9, Esmeraldas&amp;zoom=12\" title=\"map\"><\/iframe><\/div>\n<\/div>\n<\/div>\n<div id=\"\" class=\"brz-css-10vxvy3 brz-css-7curty brz-wrapper\">\n<div class=\"brz-icon-text brz-css-1cazn11 brz-css-by3es\" data-brz-custom-id=\"cxS38KwCRJ07\">\n<div class=\"brz-icon__container\" data-brz-custom-id=\"h2QIZd2LBAJy\"><span class=\"brz-icon brz-span brz-css-9zpjho brz-css-jdocb9\"><svg class=\"brz-icon-svg align-[initial]\"><use href=\"\/wp-content\/plugins\/brizy\/public\/editor-build\/prod\/editor\/icons\/glyph\/pin-3.svg#nc_icon\"><\/use><\/svg><\/span><\/div>\n<div class=\"brz-text-btn\">\n<div class=\"brz-rich-text brz-rich-text__custom brz-css-1dqif4q brz-css-qmmwgg\" data-brz-custom-id=\"dUrD3UIwODBg\">\n<div data-brz-translate-text=\"1\">\n<p class=\"brz-fs-lg-14 brz-ft-google brz-ff-montserrat brz-tp-lg-empty brz-lh-lg-1_9 brz-ls-lg-m_0_5 brz-fw-lg-500 brz-fss-lg-px brz-css-wdAjV\" data-uniq-id=\"yixbc\" data-generated-css=\"brz-css-xxqyb\"> <span style=\"color: rgb(63, 56, 54);\">Av. 5 de agosto, barrio los pino &#8211; edificio del antiguo banco de la vivienda<\/span><\/p>\n<\/div>\n<\/div>\n<\/div>\n<\/div>\n<\/div>\n<div id=\"\" class=\"brz-css-10vxvy3 brz-css-5ksmdf brz-wrapper\">\n<div class=\"brz-rich-text brz-rich-text__custom brz-css-1dqif4q brz-css-wp5z41\" data-brz-custom-id=\"esSBpErKC0jg\">\n<div data-brz-translate-text=\"1\">\n<p class=\"brz-tp-xs-empty brz-lh-xs-2 brz-ls-xs-m_0_5 brz-fw-xs-500 brz-fss-xs-px brz-fs-xs-15 brz-text-xs-center brz-ff-montserrat brz-ft-google brz-fs-lg-15 brz-fss-lg-px brz-fw-lg-500 brz-ls-lg-m_0_5 brz-lh-lg-2 brz-tp-lg-empty brz-text-sm-left brz-fss-sm-px brz-fw-sm-500 brz-ls-sm-m_0_5 brz-lh-sm-2 brz-tp-sm-empty brz-fs-sm-14 brz-css-vOwDm\" data-generated-css=\"brz-css-hhhno\" data-uniq-id=\"rtriu\"><\/p>\n<\/div>\n<\/div>\n<\/div>\n<\/div>\n<\/div>\n<\/div>\n<\/div>\n<div id=\"\" class=\"brz-css-10vxvy3 brz-css-16iv67l brz-css-rs4xan brz-wrapper\">\n<div class=\"brz-spacer brz-css-1p3m75n brz-css-1wyb12f\"><\/div>\n<\/div>\n<div id=\"\" class=\"brz-css-10vxvy3 brz-css-wr7csq brz-wrapper\">\n<div class=\"brz-line brz-line-default brz-css-1bfzdhn brz-css-4vac6t\" data-brz-custom-id=\"rQcoi83Qal29\">\n<hr class=\"brz-hr\"><\/div>\n<\/div>\n<div class=\"brz-row__container brz-css-cms4a7 brz-css-5nm37g\" data-brz-custom-id=\"sgpKNkB0HymU\">\n<div class=\"brz-row brz-row--inner brz-css-1txgh41 brz-css-pqvaor brz-css-lwjs3z\">\n<div class=\"brz-columns brz-css-j08uz3 brz-css-1ea8s8x\" data-brz-custom-id=\"slWQGgpF93Vp\">\n<div class=\"brz-column__items brz-css-p31oer brz-css-19m083o\">\n<div class=\"brz-wrapper-clone brz-flex-xs-wrap brz-css-pghthk brz-css-778stl\" data-brz-custom-id=\"gRH_8iFHIqJq\">\n<div class=\"brz-icon__container\" data-brz-custom-id=\"cynvGwsWkXgu\"><a class=\"brz-a\" href=\"https:\/\/www.facebook.com\/Consejo-Cantonal-de-Protecci%C3%B3n-de-Derechos-de-Quinind%C3%A9-101289638159585\/?ti=as\" target=\"_blank\" rel=\"noopener noreferrer\" data-brz-link-type=\"external\"><span class=\"brz-icon brz-span brz-css-9zpjho brz-css-ot9t1g\"><svg class=\"brz-icon-svg align-[initial]\"><use href=\"\/wp-content\/plugins\/brizy\/public\/editor-build\/prod\/editor\/icons\/glyph\/logo-facebook.svg#nc_icon\"><\/use><\/svg><\/span><\/a><\/div>\n<div class=\"brz-icon__container\" data-brz-custom-id=\"qekOHPAEmxuy\"><a class=\"brz-a\" href=\"https:\/\/twitter.com\/ccpdquininde\" target=\"_blank\" rel=\"noopener noreferrer\" data-brz-link-type=\"external\"><span class=\"brz-icon brz-span brz-css-9zpjho brz-css-1ry1z6h\"><svg class=\"brz-icon-svg align-[initial]\"><use href=\"\/wp-content\/plugins\/brizy\/public\/editor-build\/prod\/editor\/icons\/glyph\/logo-twitter.svg#nc_icon\"><\/use><\/svg><\/span><\/a><\/div>\n<div class=\"brz-icon__container\" data-brz-custom-id=\"gPm2BhgfRELj\"><a class=\"brz-a\" href=\"https:\/\/www.youtube.com\/channel\/UCY0zzaMDs1U-L7lgeFO423w\" target=\"_blank\" rel=\"noopener noreferrer\" data-brz-link-type=\"external\"><span class=\"brz-icon brz-span brz-css-9zpjho brz-css-3n68jc\"><svg class=\"brz-icon-svg align-[initial]\"><use href=\"\/wp-content\/plugins\/brizy\/public\/editor-build\/prod\/editor\/icons\/glyph\/logo-youtube.svg#nc_icon\"><\/use><\/svg><\/span><\/a><\/div>\n<div class=\"brz-icon__container\" data-brz-custom-id=\"mwl43NAk4a9Z\"><a class=\"brz-a\" href=\"https:\/\/www.instagram.com\/sipdgap\/\" target=\"_blank\" rel=\"noopener noreferrer\" data-brz-link-type=\"external\"><span class=\"brz-icon brz-span brz-css-9zpjho brz-css-1d8etch\"><svg class=\"brz-icon-svg align-[initial]\"><use href=\"\/wp-content\/plugins\/brizy\/public\/editor-build\/prod\/editor\/icons\/glyph\/logo-instagram.svg#nc_icon\"><\/use><\/svg><\/span><\/a><\/div>\n<\/div>\n<\/div>\n<\/div>\n<\/div>\n<\/div>\n<\/div>\n<\/div>\n<\/div>\n<\/div>\n<\/div>\n<\/div>\n<\/section><\/div>\n<p><!-- version:1756835370 --><\/p>\n","protected":false},"excerpt":{"rendered":"<p>Proyectos Institucionales Conoce los proyectos que estamos ejecutando para el desarrollo del Canton Quinind\u00e9. Proyecto Adquisici\u00f3n De Veh\u00edculo Institucional Para Fortalecer La Atenci\u00f3n En Territorio Y La Ejecuci\u00f3n De Proyectos Sociales En El&nbsp;Cant\u00f3n&nbsp;Quinind\u00e9 proyecto adquisici\u00f3n de veh\u00edculo institucional para fortalecer la atenci\u00f3n en territorio y la ejecuci\u00f3n de proyectos sociales en el cant\u00f3n quininde Producci\u00f3n&#8230;<\/p>\n","protected":false},"author":1,"featured_media":0,"parent":0,"menu_order":0,"comment_status":"closed","ping_status":"closed","template":"brizy-blank-template.php","meta":{"_monsterinsights_skip_tracking":false,"_monsterinsights_sitenote_active":false,"_monsterinsights_sitenote_note":"","_monsterinsights_sitenote_category":0,"_kad_post_transparent":"","_kad_post_title":"","_kad_post_layout":"","_kad_post_sidebar_id":"","_kad_post_content_style":"","_kad_post_vertical_padding":"","_kad_post_feature":"","_kad_post_feature_position":"","_kad_post_header":false,"_kad_post_footer":false,"footnotes":""},"class_list":["post-9179","page","type-page","status-publish","hentry"],"aioseo_notices":[],"brizy_media":[{"id":8083,"url":"https:\/\/ccpdq.gob.ec\/wp-content\/uploads\/2023\/11\/3784d792-39b8-4d8e-92db-fda3eb9fbd29-1.jpg","name":"3784d792-39b8-4d8e-92db-fda3eb9fbd29-1.jpg","meta":{"brizy_attachment_uid":"wp-282a8e5ee10cb25e713d4700654efae8.jpg","brizy_post_uid":["3f4e8c42e007c15d5b8fe3b04eeabed4"]}},{"id":8979,"url":"https:\/\/ccpdq.gob.ec\/wp-content\/uploads\/2024\/08\/455806627_1109383114194522_4445946451861699308_n.jpg","name":"455806627_1109383114194522_4445946451861699308_n.jpg","meta":{"brizy_attachment_uid":"wp-b62e9dd5281dead0713eba84c3967271.jpg","brizy_post_uid":["3f4e8c42e007c15d5b8fe3b04eeabed4"]}},{"id":9217,"url":"https:\/\/ccpdq.gob.ec\/wp-content\/uploads\/2025\/09\/08.jpg","name":"08.jpg","meta":{"brizy_attachment_uid":"wp-0d22bf4e7ad5bde6f3adf730f852af8b.jpg","brizy_post_uid":["3f4e8c42e007c15d5b8fe3b04eeabed4","0547f807cee7087af46f8828d1b9f327","f2c2098cecbdd630484010cb9a64d6f2"]}}],"_links":{"self":[{"href":"https:\/\/ccpdq.gob.ec\/index.php\/wp-json\/wp\/v2\/pages\/9179","targetHints":{"allow":["GET"]}}],"collection":[{"href":"https:\/\/ccpdq.gob.ec\/index.php\/wp-json\/wp\/v2\/pages"}],"about":[{"href":"https:\/\/ccpdq.gob.ec\/index.php\/wp-json\/wp\/v2\/types\/page"}],"author":[{"embeddable":true,"href":"https:\/\/ccpdq.gob.ec\/index.php\/wp-json\/wp\/v2\/users\/1"}],"replies":[{"embeddable":true,"href":"https:\/\/ccpdq.gob.ec\/index.php\/wp-json\/wp\/v2\/comments?post=9179"}],"version-history":[{"count":31,"href":"https:\/\/ccpdq.gob.ec\/index.php\/wp-json\/wp\/v2\/pages\/9179\/revisions"}],"predecessor-version":[{"id":9272,"href":"https:\/\/ccpdq.gob.ec\/index.php\/wp-json\/wp\/v2\/pages\/9179\/revisions\/9272"}],"wp:attachment":[{"href":"https:\/\/ccpdq.gob.ec\/index.php\/wp-json\/wp\/v2\/media?parent=9179"}],"curies":[{"name":"wp","href":"https:\/\/api.w.org\/{rel}","templated":true}]}}